{"id":55,"date":"2026-02-20T16:42:28","date_gmt":"2026-02-20T16:42:28","guid":{"rendered":"https:\/\/ahjobs.com.br\/?page_id=55"},"modified":"2026-02-20T16:42:29","modified_gmt":"2026-02-20T16:42:29","slug":"quem-somos","status":"publish","type":"page","link":"https:\/\/ahjobs.com.br\/bn\/\u0986\u09ae\u09b0\u09be-\u0995\u09be\u09b0\u09be\/","title":{"rendered":"\u0986\u09ae\u09b0\u09be \u0995\u09be\u09b0\u09be"},"content":{"rendered":"<p>\u0986\u09b9\u099c\u09ac\u09b8 \u09b9\u09b2 \u09aa\u09c7\u09b6\u09be\u09a6\u09be\u09b0 \u099c\u0997\u09a4\u09c7\u09b0 \u099c\u09a8\u09cd\u09af \u09a8\u09bf\u09ac\u09c7\u09a6\u09bf\u09a4 \u098f\u0995\u099f\u09bf \u09aa\u09cd\u09b2\u09cd\u09af\u09be\u099f\u09ab\u09b0\u09cd\u09ae, \u09af\u09be \u0986\u09aa\u09a8\u09be\u0995\u09c7 \u09b8\u09c7\u09b0\u09be \u099a\u09be\u0995\u09b0\u09bf\u09b0 \u09b8\u09c1\u09af\u09cb\u0997 \u098f\u09ac\u0982 \u0995\u09cd\u09af\u09be\u09b0\u09bf\u09af\u09bc\u09be\u09b0 \u0989\u09a8\u09cd\u09a8\u09af\u09bc\u09a8\u09c7\u09b0 \u09b8\u09be\u09a5\u09c7 \u09b8\u0982\u09af\u09c1\u0995\u09cd\u09a4 \u0995\u09b0\u09be\u09b0 \u09b2\u0995\u09cd\u09b7\u09cd\u09af\u09c7 \u09a4\u09c8\u09b0\u09bf \u0995\u09b0\u09be \u09b9\u09af\u09bc\u09c7\u099b\u09c7\u0964 \u09aa\u09c7\u09b6\u09be\u09a6\u09be\u09b0\u09a6\u09c7\u09b0 \u09a4\u09be\u09a6\u09c7\u09b0 \u09b2\u0995\u09cd\u09b7\u09cd\u09af \u0985\u09b0\u09cd\u099c\u09a8\u09c7 \u09b8\u09b9\u09be\u09af\u09bc\u09a4\u09be \u0995\u09b0\u09be\u09b0 \u09b2\u0995\u09cd\u09b7\u09cd\u09af\u09c7 \u09aa\u09cd\u09b0\u09a4\u09bf\u09b7\u09cd\u09a0\u09bf\u09a4, \u0986\u09b9\u099c\u09ac\u09b8 \u099a\u09be\u0995\u09b0\u09bf\u09b0 \u09b8\u09c1\u09af\u09cb\u0997, \u09ac\u09be\u099c\u09be\u09b0\u09c7\u09b0 \u09aa\u09cd\u09b0\u09ac\u09a3\u09a4\u09be, \u0995\u09cd\u09af\u09be\u09b0\u09bf\u09af\u09bc\u09be\u09b0 \u099f\u09bf\u09aa\u09b8 \u098f\u09ac\u0982 \u09ac\u09cd\u09af\u0995\u09cd\u09a4\u09bf\u0997\u09a4 \u0989\u09a8\u09cd\u09a8\u09af\u09bc\u09a8\u09c7\u09b0 \u0989\u09aa\u09b0 \u09a4\u09a5\u09cd\u09af\u09ac\u09b9\u09c1\u09b2 \u098f\u09ac\u0982 \u09b9\u09be\u09b2\u09a8\u09be\u0997\u09be\u09a6 \u09b8\u09be\u09ae\u0997\u09cd\u09b0\u09c0 \u09b8\u09b0\u09ac\u09b0\u09be\u09b9 \u0995\u09b0\u09c7\u0964.<\/p>\n\n\n\n<p>\u0986\u09b9\u099c\u09ac\u09b8\u09c7, \u0986\u09ae\u09b0\u09be \u09b6\u09bf\u09b2\u09cd\u09aa \u09ac\u09bf\u09b6\u09c7\u09b7\u099c\u09cd\u099e\u09a6\u09c7\u09b0 \u09a6\u09cd\u09ac\u09be\u09b0\u09be \u09a4\u09c8\u09b0\u09bf \u09aa\u09cd\u09b0\u09a4\u09bf\u09a6\u09bf\u09a8\u09c7\u09b0 \u09a8\u09bf\u09ac\u09a8\u09cd\u09a7, \u09a8\u09bf\u09b0\u09cd\u09a6\u09c7\u09b6\u09bf\u0995\u09be \u098f\u09ac\u0982 \u099f\u09bf\u0989\u099f\u09cb\u09b0\u09bf\u09af\u09bc\u09be\u09b2 \u09aa\u09cd\u09b0\u0995\u09be\u09b6 \u0995\u09b0\u09bf, \u09af\u09be \u0986\u0995\u09b0\u09cd\u09b7\u09a3\u09c0\u09af\u09bc \u099c\u09c0\u09ac\u09a8\u09ac\u09c3\u09a4\u09cd\u09a4\u09be\u09a8\u09cd\u09a4 \u09a4\u09c8\u09b0\u09bf \u09a5\u09c7\u0995\u09c7 \u09b6\u09c1\u09b0\u09c1 \u0995\u09b0\u09c7 \u099a\u09be\u0995\u09b0\u09bf\u09b0 \u09b8\u09be\u0995\u09cd\u09b7\u09be\u09ce\u0995\u09be\u09b0\u09c7\u09b0 \u099c\u09a8\u09cd\u09af \u09b8\u09c7\u09b0\u09be \u0985\u09a8\u09c1\u09b6\u09c0\u09b2\u09a8 \u09aa\u09b0\u09cd\u09af\u09a8\u09cd\u09a4 \u09ac\u09bf\u09b7\u09af\u09bc\u0997\u09c1\u09b2\u09bf \u09a8\u09bf\u09af\u09bc\u09c7 \u0986\u09b2\u09cb\u099a\u09a8\u09be \u0995\u09b0\u09c7\u0964 \u0986\u09ae\u09be\u09a6\u09c7\u09b0 \u09b2\u0995\u09cd\u09b7\u09cd\u09af \u09b9\u09b2 \u0986\u09a4\u09cd\u09ae\u09ac\u09bf\u09b6\u09cd\u09ac\u09be\u09b8 \u098f\u09ac\u0982 \u0995\u09cc\u09b6\u09b2\u09c7\u09b0 \u09b8\u09be\u09a5\u09c7 \u099a\u09be\u0995\u09b0\u09bf\u09b0 \u09ac\u09be\u099c\u09be\u09b0\u09c7 \u09a8\u09c7\u09ad\u09bf\u0997\u09c7\u099f \u0995\u09b0\u09be\u09b0 \u099c\u09a8\u09cd\u09af \u0986\u09aa\u09a8\u09be\u09b0 \u09aa\u09cd\u09b0\u09af\u09bc\u09cb\u099c\u09a8\u09c0\u09af\u09bc \u09b8\u09b0\u099e\u09cd\u099c\u09be\u09ae \u098f\u09ac\u0982 \u099c\u09cd\u099e\u09be\u09a8 \u09b8\u09b0\u09ac\u09b0\u09be\u09b9 \u0995\u09b0\u09be\u0964.<\/p>\n\n\n\n<p>Ahjobs.com.br \u09b9\u09b2 SpotAds.me-\u098f\u09b0 \u098f\u0995\u099f\u09bf \u09a8\u09bf\u09ac\u09a8\u09cd\u09a7\u09bf\u09a4 \u099f\u09cd\u09b0\u09c7\u09a1\u09ae\u09be\u09b0\u09cd\u0995, \u09af\u09be \u09ae\u09be\u09a8\u09ac\u09b8\u09ae\u09cd\u09aa\u09a6, \u0995\u09cd\u09af\u09be\u09b0\u09bf\u09af\u09bc\u09be\u09b0 \u0989\u09a8\u09cd\u09a8\u09af\u09bc\u09a8 \u098f\u09ac\u0982 \u09aa\u09c7\u09b6\u09be\u09a6\u09be\u09b0 \u09b8\u09be\u09ab\u09b2\u09cd\u09af\u09c7\u09b0 \u09aa\u09cd\u09b0\u09a4\u09bf \u0986\u0997\u09cd\u09b0\u09b9\u09c0 \u09aa\u09c7\u09b6\u09be\u09a6\u09be\u09b0\u09a6\u09c7\u09b0 \u098f\u0995\u099f\u09bf \u09a6\u09b2 \u09a6\u09cd\u09ac\u09be\u09b0\u09be \u09aa\u09b0\u09bf\u099a\u09be\u09b2\u09bf\u09a4 \u09b9\u09af\u09bc\u0964 \u0986\u09ae\u09be\u09a6\u09c7\u09b0 \u09b2\u09c7\u0996\u0995 \u098f\u09ac\u0982 \u09ac\u09bf\u09b6\u09c7\u09b7\u099c\u09cd\u099e\u09b0\u09be \u0986\u09ae\u09be\u09a6\u09c7\u09b0 \u09aa\u09be\u09a0\u0995\u09a6\u09c7\u09b0 \u0995\u09be\u099b\u09c7 \u0989\u099a\u09cd\u099a\u09ae\u09be\u09a8\u09c7\u09b0, \u09a8\u09bf\u09b0\u09cd\u09ad\u09c1\u09b2 \u098f\u09ac\u0982 \u09aa\u09cd\u09b0\u09be\u09b8\u0999\u09cd\u0997\u09bf\u0995 \u09ac\u09bf\u09b7\u09af\u09bc\u09ac\u09b8\u09cd\u09a4\u09c1 \u09b8\u09b0\u09ac\u09b0\u09be\u09b9 \u0995\u09b0\u09a4\u09c7 \u09aa\u09cd\u09b0\u09a4\u09bf\u09b6\u09cd\u09b0\u09c1\u09a4\u09bf\u09ac\u09a6\u09cd\u09a7, \u0995\u09be\u09b0\u09a3 \u0986\u09ae\u09b0\u09be \u09ac\u09bf\u09b6\u09cd\u09ac\u09be\u09b8 \u0995\u09b0\u09bf \u09af\u09c7 \u09aa\u09b0\u09cd\u09af\u09be\u09aa\u09cd\u09a4 \u09a4\u09a5\u09cd\u09af \u098f\u09ac\u0982 \u09a8\u09bf\u09b0\u09cd\u09a6\u09c7\u09b6\u09a8\u09be\u09b0 \u0985\u09cd\u09af\u09be\u0995\u09cd\u09b8\u09c7\u09b8 \u09b9\u09b2 \u09aa\u09c7\u09b6\u09be\u09a6\u09be\u09b0 \u09b8\u09be\u09ab\u09b2\u09cd\u09af\u09c7\u09b0 \u09aa\u09cd\u09b0\u09a5\u09ae \u09a7\u09be\u09aa\u0964.<\/p>\n\n\n\n<p>\u0986\u09ae\u09b0\u09be \u0986\u09ae\u09be\u09a6\u09c7\u09b0 \u09b8\u09be\u09ae\u09be\u099c\u09bf\u0995 \u09a8\u09c7\u099f\u0993\u09af\u09bc\u09be\u09b0\u09cd\u0995 \u098f\u09ac\u0982 \u09ab\u09cb\u09b0\u09be\u09ae\u09c7\u09b0 \u09ae\u09be\u09a7\u09cd\u09af\u09ae\u09c7 \u09ae\u09bf\u09a5\u09b8\u09cd\u0995\u09cd\u09b0\u09bf\u09af\u09bc\u09be \u098f\u09ac\u0982 \u0985\u09ad\u09bf\u099c\u09cd\u099e\u09a4\u09be \u09ac\u09bf\u09a8\u09bf\u09ae\u09af\u09bc\u0995\u09c7 \u0989\u09ce\u09b8\u09be\u09b9\u09bf\u09a4 \u0995\u09b0\u09bf, \u09af\u09c7\u0996\u09be\u09a8\u09c7 \u0986\u09aa\u09a8\u09bf \u0985\u09a8\u09cd\u09af\u09be\u09a8\u09cd\u09af \u09aa\u09c7\u09b6\u09be\u09a6\u09be\u09b0\u09a6\u09c7\u09b0 \u09b8\u09be\u09a5\u09c7 \u09b8\u0982\u09af\u09cb\u0997 \u09b8\u09cd\u09a5\u09be\u09aa\u09a8 \u0995\u09b0\u09a4\u09c7 \u09aa\u09be\u09b0\u09c7\u09a8, \u09aa\u09cd\u09b0\u09b6\u09cd\u09a8 \u099c\u09bf\u099c\u09cd\u099e\u09be\u09b8\u09be \u0995\u09b0\u09a4\u09c7 \u09aa\u09be\u09b0\u09c7\u09a8 \u098f\u09ac\u0982 \u0986\u09aa\u09a8\u09be\u09b0 \u09a8\u09bf\u099c\u09b8\u09cd\u09ac \u0997\u09b2\u09cd\u09aa \u09b6\u09c7\u09af\u09bc\u09be\u09b0 \u0995\u09b0\u09a4\u09c7 \u09aa\u09be\u09b0\u09c7\u09a8\u0964 \u0986\u09ae\u09b0\u09be \u0986\u09ae\u09be\u09a6\u09c7\u09b0 \u09aa\u09be\u09a0\u0995\u09a6\u09c7\u09b0 \u0995\u09be\u099b \u09a5\u09c7\u0995\u09c7 \u09aa\u09cd\u09b0\u09a4\u09bf\u0995\u09cd\u09b0\u09bf\u09af\u09bc\u09be\u0995\u09c7 \u09ae\u09c2\u09b2\u09cd\u09af \u09a6\u09bf\u0987 \u098f\u09ac\u0982 \u0986\u09ae\u09be\u09a6\u09c7\u09b0 \u09aa\u09cd\u09b2\u09cd\u09af\u09be\u099f\u09ab\u09b0\u09cd\u09ae\u099f\u09bf\u0995\u09c7 \u0986\u09b0\u0993 \u0995\u09be\u09b0\u09cd\u09af\u0995\u09b0 \u098f\u09ac\u0982 \u09ac\u09cd\u09af\u09be\u09aa\u0995 \u0995\u09b0\u09c7 \u09a4\u09cb\u09b2\u09be\u09b0 \u099c\u09a8\u09cd\u09af \u09b8\u09b0\u09cd\u09ac\u09a6\u09be \u09aa\u09b0\u09be\u09ae\u09b0\u09cd\u09b6\u09c7\u09b0 \u099c\u09a8\u09cd\u09af \u0989\u09a8\u09cd\u09ae\u09c1\u0995\u09cd\u09a4\u0964.<\/p>\n\n\n\n<p>\u09aa\u09c7\u09b6\u09be\u09a6\u09be\u09b0 \u099c\u0997\u09a4\u09c7\u09b0 \u09b8\u09b0\u09cd\u09ac\u09b6\u09c7\u09b7 \u0996\u09ac\u09b0 \u09b8\u09ae\u09cd\u09aa\u09b0\u09cd\u0995\u09c7 \u0986\u09aa\u09a1\u09c7\u099f \u09a5\u09be\u0995\u09a4\u09c7 \u098f\u09ac\u0982 \u0995\u09b0\u09cd\u09ae\u09b8\u0982\u09b8\u09cd\u09a5\u09be\u09a8 \u098f\u09ac\u0982 \u0995\u09cd\u09af\u09be\u09b0\u09bf\u09af\u09bc\u09be\u09b0 \u0989\u09a8\u09cd\u09a8\u09af\u09bc\u09a8\u09c7\u09b0 \u09b8\u09c7\u09b0\u09be \u0995\u09a8\u09cd\u099f\u09c7\u09a8\u09cd\u099f \u0989\u09aa\u09ad\u09cb\u0997 \u0995\u09b0\u09a4\u09c7 \u0986\u09ae\u09be\u09a6\u09c7\u09b0 \u0985\u09a8\u09c1\u09b8\u09b0\u09a3 \u0995\u09b0\u09c1\u09a8\u0964 Ahjobs.com.br-\u098f \u0986\u09b8\u09cd\u09a5\u09be \u09b0\u09be\u0996\u09be\u09b0 \u099c\u09a8\u09cd\u09af \u0986\u09aa\u09a8\u09be\u0995\u09c7 \u09a7\u09a8\u09cd\u09af\u09ac\u09be\u09a6!<\/p>","protected":false},"excerpt":{"rendered":"<p>O Ahjobs \u00e9 uma plataforma dedicada ao universo profissional, criada com o objetivo de conectar voc\u00ea \u00e0s melhores oportunidades de emprego e desenvolvimento de carreira. Fundado com a miss\u00e3o de ajudar profissionais a alcan\u00e7ar seus objetivos, o Ahjobs oferece conte\u00fado informativo e atualizado sobre vagas de emprego, tend\u00eancias de mercado, dicas de carreira e desenvolvimento [&hellip;]<\/p>\n","protected":false},"author":1,"featured_media":0,"parent":0,"menu_order":0,"comment_status":"closed","ping_status":"closed","template":"","meta":{"footnotes":""},"class_list":["post-55","page","type-page","status-publish"],"_links":{"self":[{"href":"https:\/\/ahjobs.com.br\/bn\/wp-json\/wp\/v2\/pages\/55","targetHints":{"allow":["GET"]}}],"collection":[{"href":"https:\/\/ahjobs.com.br\/bn\/wp-json\/wp\/v2\/pages"}],"about":[{"href":"https:\/\/ahjobs.com.br\/bn\/wp-json\/wp\/v2\/types\/page"}],"author":[{"embeddable":true,"href":"https:\/\/ahjobs.com.br\/bn\/wp-json\/wp\/v2\/users\/1"}],"replies":[{"embeddable":true,"href":"https:\/\/ahjobs.com.br\/bn\/wp-json\/wp\/v2\/comments?post=55"}],"version-history":[{"count":1,"href":"https:\/\/ahjobs.com.br\/bn\/wp-json\/wp\/v2\/pages\/55\/revisions"}],"predecessor-version":[{"id":56,"href":"https:\/\/ahjobs.com.br\/bn\/wp-json\/wp\/v2\/pages\/55\/revisions\/56"}],"wp:attachment":[{"href":"https:\/\/ahjobs.com.br\/bn\/wp-json\/wp\/v2\/media?parent=55"}],"curies":[{"name":"\u09a1\u09ac\u09cd\u09b2\u09bf\u0989\u09aa\u09bf","href":"https:\/\/api.w.org\/{rel}","templated":true}]}}