{"id":55,"date":"2026-02-20T16:42:28","date_gmt":"2026-02-20T16:42:28","guid":{"rendered":"https:\/\/ahjobs.com.br\/?page_id=55"},"modified":"2026-02-20T16:42:29","modified_gmt":"2026-02-20T16:42:29","slug":"quem-somos","status":"publish","type":"page","link":"https:\/\/ahjobs.com.br\/cs\/kdo-jsme\/","title":{"rendered":"Kdo jsme"},"content":{"rendered":"<p>Ahjobs je platforma v\u011bnovan\u00e1 profesion\u00e1ln\u00edmu sv\u011btu, vytvo\u0159en\u00e1 s c\u00edlem propojit v\u00e1s s nejlep\u0161\u00edmi pracovn\u00edmi p\u0159\u00edle\u017eitostmi a mo\u017enostmi kari\u00e9rn\u00edho rozvoje. Ahjobs, zalo\u017een\u00e1 s c\u00edlem pom\u00e1hat profesion\u00e1l\u016fm dos\u00e1hnout jejich c\u00edl\u016f, nab\u00edz\u00ed informativn\u00ed a aktu\u00e1ln\u00ed obsah o voln\u00fdch pracovn\u00edch m\u00edstech, tr\u017en\u00edch trendech, kari\u00e9rn\u00edch tipech a osobn\u00edm rozvoji.<\/p>\n\n\n\n<p>Zde na Ahjobs denn\u011b publikujeme \u010dl\u00e1nky, pr\u016fvodce a n\u00e1vody vytvo\u0159en\u00e9 odborn\u00edky z oboru, kter\u00e9 se zab\u00fdvaj\u00ed t\u00e9maty od vytvo\u0159en\u00ed atraktivn\u00edho \u017eivotopisu a\u017e po osv\u011bd\u010den\u00e9 postupy pro pracovn\u00ed pohovory. Na\u0161\u00edm c\u00edlem je poskytnout v\u00e1m n\u00e1stroje a znalosti, kter\u00e9 pot\u0159ebujete k sebev\u011bdom\u00e9 a strategick\u00e9 orientaci na trhu pr\u00e1ce.<\/p>\n\n\n\n<p>Ahjobs.com.br je registrovan\u00e1 ochrann\u00e1 zn\u00e1mka spole\u010dnosti SpotAds.me, kterou spravuje t\u00fdm profesion\u00e1l\u016f s v\u00e1\u0161n\u00ed pro lidsk\u00e9 zdroje, kari\u00e9rn\u00ed rozvoj a profesn\u00ed \u00fasp\u011bch. Na\u0161i auto\u0159i a experti se zav\u00e1zali poskytovat na\u0161im \u010dten\u00e1\u0159\u016fm vysoce kvalitn\u00ed, p\u0159esn\u00fd a relevantn\u00ed obsah, proto\u017ee v\u011b\u0159\u00edme, \u017ee p\u0159\u00edstup k odpov\u00eddaj\u00edc\u00edm informac\u00edm a poradenstv\u00ed je prvn\u00edm krokem k profesn\u00edmu \u00fasp\u011bchu.<\/p>\n\n\n\n<p>Tak\u00e9 podporujeme interakci a v\u00fdm\u011bnu zku\u0161enost\u00ed prost\u0159ednictv\u00edm na\u0161ich soci\u00e1ln\u00edch s\u00edt\u00ed a f\u00f3r, kde se m\u016f\u017eete spojit s dal\u0161\u00edmi profesion\u00e1ly, kl\u00e1st ot\u00e1zky a sd\u00edlet sv\u00e9 vlastn\u00ed p\u0159\u00edb\u011bhy. V\u00e1\u017e\u00edme si zp\u011btn\u00e9 vazby od na\u0161ich \u010dten\u00e1\u0159\u016f a jsme v\u017edy otev\u0159eni n\u00e1vrh\u016fm, jak na\u0161i platformu u\u010dinit je\u0161t\u011b u\u017eite\u010dn\u011bj\u0161\u00ed a komplexn\u011bj\u0161\u00ed.<\/p>\n\n\n\n<p>Sledujte n\u00e1s a bu\u010fte v obraze o nejnov\u011bj\u0161\u00edch zpr\u00e1v\u00e1ch z profesn\u00edho sv\u011bta a u\u017eijte si ten nejlep\u0161\u00ed obsah o zam\u011bstnatelnosti a kari\u00e9rn\u00edm rozvoji. D\u011bkujeme, \u017ee d\u016fv\u011b\u0159ujete Ahjobs.com.br!<\/p>","protected":false},"excerpt":{"rendered":"<p>O Ahjobs \u00e9 uma plataforma dedicada ao universo profissional, criada com o objetivo de conectar voc\u00ea \u00e0s melhores oportunidades de emprego e desenvolvimento de carreira. Fundado com a miss\u00e3o de ajudar profissionais a alcan\u00e7ar seus objetivos, o Ahjobs oferece conte\u00fado informativo e atualizado sobre vagas de emprego, tend\u00eancias de mercado, dicas de carreira e desenvolvimento [&hellip;]<\/p>\n","protected":false},"author":1,"featured_media":0,"parent":0,"menu_order":0,"comment_status":"closed","ping_status":"closed","template":"","meta":{"footnotes":""},"class_list":["post-55","page","type-page","status-publish"],"_links":{"self":[{"href":"https:\/\/ahjobs.com.br\/cs\/wp-json\/wp\/v2\/pages\/55","targetHints":{"allow":["GET"]}}],"collection":[{"href":"https:\/\/ahjobs.com.br\/cs\/wp-json\/wp\/v2\/pages"}],"about":[{"href":"https:\/\/ahjobs.com.br\/cs\/wp-json\/wp\/v2\/types\/page"}],"author":[{"embeddable":true,"href":"https:\/\/ahjobs.com.br\/cs\/wp-json\/wp\/v2\/users\/1"}],"replies":[{"embeddable":true,"href":"https:\/\/ahjobs.com.br\/cs\/wp-json\/wp\/v2\/comments?post=55"}],"version-history":[{"count":1,"href":"https:\/\/ahjobs.com.br\/cs\/wp-json\/wp\/v2\/pages\/55\/revisions"}],"predecessor-version":[{"id":56,"href":"https:\/\/ahjobs.com.br\/cs\/wp-json\/wp\/v2\/pages\/55\/revisions\/56"}],"wp:attachment":[{"href":"https:\/\/ahjobs.com.br\/cs\/wp-json\/wp\/v2\/media?parent=55"}],"curies":[{"name":"wp","href":"https:\/\/api.w.org\/{rel}","templated":true}]}}