{"id":51,"date":"2026-02-20T16:41:35","date_gmt":"2026-02-20T16:41:35","guid":{"rendered":"https:\/\/ahjobs.com.br\/?page_id=51"},"modified":"2026-02-20T16:41:35","modified_gmt":"2026-02-20T16:41:35","slug":"termos-de-uso","status":"publish","type":"page","link":"https:\/\/ahjobs.com.br\/de\/nutzungsbedingungen\/","title":{"rendered":"Nutzungsbedingungen"},"content":{"rendered":"<p>Beim Zugriff auf die Website\u00a0<a href=\"https:\/\/ahjobs.com.br\/de\/\">Ah Jobs<\/a>, Durch die Nutzung dieser Website erkl\u00e4ren Sie sich mit diesen Nutzungsbedingungen sowie allen geltenden Gesetzen und Bestimmungen einverstanden und best\u00e4tigen, dass Sie f\u00fcr die Einhaltung aller anwendbaren lokalen Gesetze verantwortlich sind. Sollten Sie mit diesen Bedingungen nicht einverstanden sein, ist Ihnen die Nutzung oder der Zugriff auf diese Website untersagt. Die auf dieser Website enthaltenen Materialien sind durch geltende Urheber- und Markenrechte gesch\u00fctzt.<\/p>\n\n\n\n<h2 class=\"wp-block-heading\">2. Lizenznutzung<\/h2>\n\n\n\n<p>Es wird die Erlaubnis erteilt, vor\u00fcbergehend eine Kopie der Materialien (Informationen oder Software) auf der Ah Jobs-Website f\u00fcr den pers\u00f6nlichen, nicht-kommerziellen Gebrauch herunterzuladen. Dies ist die Erteilung einer Lizenz, nicht die \u00dcbertragung des Eigentums, und im Rahmen dieser Lizenz ist Folgendes nicht gestattet:&nbsp;<\/p>\n\n\n\n<ol class=\"wp-block-list\">\n<li>die Materialien ver\u00e4ndern oder kopieren;\u00a0<\/li>\n\n\n\n<li>Die Materialien d\u00fcrfen nicht f\u00fcr kommerzielle Zwecke oder zur \u00f6ffentlichen Zurschaustellung (kommerziell oder nichtkommerziell) verwendet werden;\u00a0<\/li>\n\n\n\n<li>Der Versuch, Software, die auf der Ah Jobs-Website enthalten ist, zu dekompilieren oder zur\u00fcckzuentwickeln, ist untersagt.;\u00a0<\/li>\n\n\n\n<li>Entfernen Sie jegliche Urheberrechtsvermerke oder sonstige Eigentumshinweise aus den Materialien; oder\u00a0<\/li>\n\n\n\n<li>\u00dcbertragen Sie die Materialien an eine andere Person oder spiegeln Sie die Materialien auf einem anderen Server.<\/li>\n<\/ol>\n\n\n\n<p>Diese Lizenz erlischt automatisch, wenn Sie gegen eine dieser Bestimmungen versto\u00dfen, und kann von Ah Jobs jederzeit widerrufen werden. Nach Beendigung der Nutzung dieser Materialien oder nach Erl\u00f6schen dieser Lizenz m\u00fcssen Sie s\u00e4mtliche heruntergeladenen Materialien in Ihrem Besitz, ob in elektronischer oder gedruckter Form, vernichten.<\/p>\n\n\n\n<h2 class=\"wp-block-heading\">3. Haftungsausschluss<\/h2>\n\n\n\n<ol class=\"wp-block-list\">\n<li>Die Materialien auf der Ah Jobs-Website werden ohne Gew\u00e4hr bereitgestellt. Ah Jobs \u00fcbernimmt keine ausdr\u00fccklichen oder stillschweigenden Gew\u00e4hrleistungen und schlie\u00dft hiermit alle anderen Gew\u00e4hrleistungen aus, insbesondere stillschweigende Gew\u00e4hrleistungen oder Bedingungen der Marktg\u00e4ngigkeit, der Eignung f\u00fcr einen bestimmten Zweck oder der Nichtverletzung von Rechten an geistigem Eigentum oder sonstigen Rechten.<\/li>\n\n\n\n<li>Dar\u00fcber hinaus \u00fcbernimmt Ah Jobs keine Gew\u00e4hr f\u00fcr die Richtigkeit, die zu erwartenden Ergebnisse oder die Zuverl\u00e4ssigkeit der Nutzung der Materialien auf seiner Website oder in Bezug auf solche Materialien oder auf Websites, die mit dieser Website verlinkt sind.<\/li>\n<\/ol>\n\n\n\n<h2 class=\"wp-block-heading\">4. Einschr\u00e4nkungen<\/h2>\n\n\n\n<p>Ah Jobs und seine Lieferanten haften in keinem Fall f\u00fcr Sch\u00e4den (einschlie\u00dflich, aber nicht beschr\u00e4nkt auf Sch\u00e4den durch Datenverlust, entgangenen Gewinn oder Betriebsunterbrechung), die aus der Nutzung oder der Unm\u00f6glichkeit der Nutzung der Materialien auf Ah Jobs entstehen, selbst wenn Ah Jobs oder ein autorisierter Vertreter von Ah Jobs m\u00fcndlich oder schriftlich auf die M\u00f6glichkeit solcher Sch\u00e4den hingewiesen wurde. Da einige Rechtsordnungen den Ausschluss stillschweigender Gew\u00e4hrleistungen oder die Haftungsbeschr\u00e4nkung f\u00fcr Folgesch\u00e4den oder Nebensch\u00e4den nicht zulassen, gelten diese Einschr\u00e4nkungen m\u00f6glicherweise nicht f\u00fcr Sie.<\/p>\n\n\n\n<h2 class=\"wp-block-heading\">5. Pr\u00e4zision der Werkstoffe<\/h2>\n\n\n\n<p>Die auf der Website von Ah Jobs dargestellten Inhalte k\u00f6nnen technische, typografische oder fotografische Fehler enthalten. Ah Jobs \u00fcbernimmt keine Gew\u00e4hr f\u00fcr die Richtigkeit, Vollst\u00e4ndigkeit oder Aktualit\u00e4t der Inhalte auf seiner Website. Ah Jobs beh\u00e4lt sich das Recht vor, die Inhalte seiner Website jederzeit und ohne Vorank\u00fcndigung zu \u00e4ndern. Ah Jobs verpflichtet sich jedoch nicht zur Aktualisierung der Inhalte.<\/p>\n\n\n\n<h2 class=\"wp-block-heading\">6. Links<\/h2>\n\n\n\n<p>Ah Jobs hat nicht alle mit seiner Website verlinkten Seiten gepr\u00fcft und ist nicht f\u00fcr deren Inhalte verantwortlich. Die Verlinkung einer Seite bedeutet keine Empfehlung durch Ah Jobs. Die Nutzung verlinkter Websites erfolgt auf eigene Gefahr.<\/p>\n\n\n\n<h3 class=\"wp-block-heading\">\u00c4nderungen<\/h3>\n\n\n\n<p>Ah Jobs beh\u00e4lt sich das Recht vor, diese Nutzungsbedingungen jederzeit und ohne Vorank\u00fcndigung zu \u00e4ndern. Durch die Nutzung dieser Website erkl\u00e4ren Sie sich mit der jeweils aktuellen Fassung dieser Nutzungsbedingungen einverstanden.<\/p>\n\n\n\n<h3 class=\"wp-block-heading\">Anwendbares Recht<\/h3>\n\n\n\n<p>Diese Allgemeinen Gesch\u00e4ftsbedingungen unterliegen den Gesetzen von Ah Jobs und sind nach diesen auszulegen. Sie unterwerfen sich unwiderruflich der ausschlie\u00dflichen Zust\u00e4ndigkeit der Gerichte in diesem Staat oder Ort.<\/p>","protected":false},"excerpt":{"rendered":"<p>Ao acessar ao site\u00a0Ah Jobs, concorda em cumprir estes termos de servi\u00e7o, todas as leis e regulamentos aplic\u00e1veis \u200b\u200be concorda que \u00e9 respons\u00e1vel pelo cumprimento de todas as leis locais aplic\u00e1veis. Se voc\u00ea n\u00e3o concordar com algum desses termos, est\u00e1 proibido de usar ou acessar este site. Os materiais contidos neste site s\u00e3o protegidos pelas [&hellip;]<\/p>\n","protected":false},"author":1,"featured_media":0,"parent":0,"menu_order":0,"comment_status":"closed","ping_status":"closed","template":"","meta":{"footnotes":""},"class_list":["post-51","page","type-page","status-publish"],"_links":{"self":[{"href":"https:\/\/ahjobs.com.br\/de\/wp-json\/wp\/v2\/pages\/51","targetHints":{"allow":["GET"]}}],"collection":[{"href":"https:\/\/ahjobs.com.br\/de\/wp-json\/wp\/v2\/pages"}],"about":[{"href":"https:\/\/ahjobs.com.br\/de\/wp-json\/wp\/v2\/types\/page"}],"author":[{"embeddable":true,"href":"https:\/\/ahjobs.com.br\/de\/wp-json\/wp\/v2\/users\/1"}],"replies":[{"embeddable":true,"href":"https:\/\/ahjobs.com.br\/de\/wp-json\/wp\/v2\/comments?post=51"}],"version-history":[{"count":1,"href":"https:\/\/ahjobs.com.br\/de\/wp-json\/wp\/v2\/pages\/51\/revisions"}],"predecessor-version":[{"id":52,"href":"https:\/\/ahjobs.com.br\/de\/wp-json\/wp\/v2\/pages\/51\/revisions\/52"}],"wp:attachment":[{"href":"https:\/\/ahjobs.com.br\/de\/wp-json\/wp\/v2\/media?parent=51"}],"curies":[{"name":"wp","href":"https:\/\/api.w.org\/{rel}","templated":true}]}}