{"id":55,"date":"2026-02-20T16:42:28","date_gmt":"2026-02-20T16:42:28","guid":{"rendered":"https:\/\/ahjobs.com.br\/?page_id=55"},"modified":"2026-02-20T16:42:29","modified_gmt":"2026-02-20T16:42:29","slug":"quem-somos","status":"publish","type":"page","link":"https:\/\/ahjobs.com.br\/de\/wer-wir-sind\/","title":{"rendered":"Wer wir sind"},"content":{"rendered":"<p>Ahjobs ist eine Plattform f\u00fcr die Berufswelt, die Sie mit den besten Jobangeboten und Karriereentwicklungsm\u00f6glichkeiten verbindet. Gegr\u00fcndet mit dem Ziel, Fachkr\u00e4fte bei der Erreichung ihrer Ziele zu unterst\u00fctzen, bietet Ahjobs informative und aktuelle Inhalte zu Stellenangeboten, Markttrends, Karrieretipps und pers\u00f6nlicher Weiterentwicklung.<\/p>\n\n\n\n<p>Hier bei Ahjobs ver\u00f6ffentlichen wir t\u00e4glich Artikel, Leitf\u00e4den und Tutorials von Branchenexperten zu Themen wie dem Erstellen eines \u00fcberzeugenden Lebenslaufs und Best Practices f\u00fcr Vorstellungsgespr\u00e4che. Unser Ziel ist es, Ihnen das n\u00f6tige Wissen und die Werkzeuge an die Hand zu geben, um sich selbstbewusst und strategisch auf dem Arbeitsmarkt zu bewegen.<\/p>\n\n\n\n<p>Ahjobs.com.br ist eine eingetragene Marke von SpotAds.me und wird von einem Team aus Personalexperten betreut, die sich mit Leidenschaft f\u00fcr Personalwesen, Karriereentwicklung und beruflichen Erfolg einsetzen. Unsere Autoren und Experten liefern unseren Lesern hochwertige, pr\u00e4zise und relevante Inhalte, denn wir sind \u00fcberzeugt, dass der Zugang zu fundierten Informationen und hilfreicher Beratung der erste Schritt zum beruflichen Erfolg ist.<\/p>\n\n\n\n<p>Wir f\u00f6rdern au\u00dferdem den Austausch von Erfahrungen \u00fcber unsere sozialen Netzwerke und Foren. Dort k\u00f6nnen Sie sich mit anderen Fachleuten vernetzen, Fragen stellen und Ihre eigenen Geschichten teilen. Wir sch\u00e4tzen das Feedback unserer Leser und sind stets offen f\u00fcr Anregungen, um unsere Plattform noch n\u00fctzlicher und umfassender zu gestalten.<\/p>\n\n\n\n<p>Folgen Sie uns, um stets \u00fcber die neuesten Nachrichten aus der Berufswelt informiert zu sein und die besten Inhalte zu den Themen Besch\u00e4ftigungsf\u00e4higkeit und Karriereentwicklung zu erhalten. Vielen Dank f\u00fcr Ihr Vertrauen in Ahjobs.com.br!<\/p>","protected":false},"excerpt":{"rendered":"<p>O Ahjobs \u00e9 uma plataforma dedicada ao universo profissional, criada com o objetivo de conectar voc\u00ea \u00e0s melhores oportunidades de emprego e desenvolvimento de carreira. Fundado com a miss\u00e3o de ajudar profissionais a alcan\u00e7ar seus objetivos, o Ahjobs oferece conte\u00fado informativo e atualizado sobre vagas de emprego, tend\u00eancias de mercado, dicas de carreira e desenvolvimento [&hellip;]<\/p>\n","protected":false},"author":1,"featured_media":0,"parent":0,"menu_order":0,"comment_status":"closed","ping_status":"closed","template":"","meta":{"footnotes":""},"class_list":["post-55","page","type-page","status-publish"],"_links":{"self":[{"href":"https:\/\/ahjobs.com.br\/de\/wp-json\/wp\/v2\/pages\/55","targetHints":{"allow":["GET"]}}],"collection":[{"href":"https:\/\/ahjobs.com.br\/de\/wp-json\/wp\/v2\/pages"}],"about":[{"href":"https:\/\/ahjobs.com.br\/de\/wp-json\/wp\/v2\/types\/page"}],"author":[{"embeddable":true,"href":"https:\/\/ahjobs.com.br\/de\/wp-json\/wp\/v2\/users\/1"}],"replies":[{"embeddable":true,"href":"https:\/\/ahjobs.com.br\/de\/wp-json\/wp\/v2\/comments?post=55"}],"version-history":[{"count":1,"href":"https:\/\/ahjobs.com.br\/de\/wp-json\/wp\/v2\/pages\/55\/revisions"}],"predecessor-version":[{"id":56,"href":"https:\/\/ahjobs.com.br\/de\/wp-json\/wp\/v2\/pages\/55\/revisions\/56"}],"wp:attachment":[{"href":"https:\/\/ahjobs.com.br\/de\/wp-json\/wp\/v2\/media?parent=55"}],"curies":[{"name":"wp","href":"https:\/\/api.w.org\/{rel}","templated":true}]}}