{"id":55,"date":"2026-02-20T16:42:28","date_gmt":"2026-02-20T16:42:28","guid":{"rendered":"https:\/\/ahjobs.com.br\/?page_id=55"},"modified":"2026-02-20T16:42:29","modified_gmt":"2026-02-20T16:42:29","slug":"quem-somos","status":"publish","type":"page","link":"https:\/\/ahjobs.com.br\/el\/\u03c0\u03bf\u03b9\u03bf\u03b9-\u03b5\u03af\u03bc\u03b1\u03c3\u03c4\u03b5\/","title":{"rendered":"\u03a0\u03bf\u03b9\u03bf\u03b9 \u0395\u03af\u03bc\u03b1\u03c3\u03c4\u03b5"},"content":{"rendered":"<p>\u03a4\u03bf Ahjobs \u03b5\u03af\u03bd\u03b1\u03b9 \u03bc\u03b9\u03b1 \u03c0\u03bb\u03b1\u03c4\u03c6\u03cc\u03c1\u03bc\u03b1 \u03b1\u03c6\u03b9\u03b5\u03c1\u03c9\u03bc\u03ad\u03bd\u03b7 \u03c3\u03c4\u03bf\u03bd \u03b5\u03c0\u03b1\u03b3\u03b3\u03b5\u03bb\u03bc\u03b1\u03c4\u03b9\u03ba\u03cc \u03ba\u03cc\u03c3\u03bc\u03bf, \u03c0\u03bf\u03c5 \u03b4\u03b7\u03bc\u03b9\u03bf\u03c5\u03c1\u03b3\u03ae\u03b8\u03b7\u03ba\u03b5 \u03bc\u03b5 \u03c3\u03c4\u03cc\u03c7\u03bf \u03bd\u03b1 \u03c3\u03b1\u03c2 \u03c3\u03c5\u03bd\u03b4\u03ad\u03c3\u03b5\u03b9 \u03bc\u03b5 \u03c4\u03b9\u03c2 \u03ba\u03b1\u03bb\u03cd\u03c4\u03b5\u03c1\u03b5\u03c2 \u03b5\u03c5\u03ba\u03b1\u03b9\u03c1\u03af\u03b5\u03c2 \u03b5\u03c1\u03b3\u03b1\u03c3\u03af\u03b1\u03c2 \u03ba\u03b1\u03b9 \u03b5\u03c0\u03b1\u03b3\u03b3\u03b5\u03bb\u03bc\u03b1\u03c4\u03b9\u03ba\u03ae\u03c2 \u03b5\u03be\u03ad\u03bb\u03b9\u03be\u03b7\u03c2. \u0399\u03b4\u03c1\u03cd\u03b8\u03b7\u03ba\u03b5 \u03bc\u03b5 \u03c3\u03c4\u03cc\u03c7\u03bf \u03bd\u03b1 \u03b2\u03bf\u03b7\u03b8\u03ae\u03c3\u03b5\u03b9 \u03c4\u03bf\u03c5\u03c2 \u03b5\u03c0\u03b1\u03b3\u03b3\u03b5\u03bb\u03bc\u03b1\u03c4\u03af\u03b5\u03c2 \u03bd\u03b1 \u03b5\u03c0\u03b9\u03c4\u03cd\u03c7\u03bf\u03c5\u03bd \u03c4\u03bf\u03c5\u03c2 \u03c3\u03c4\u03cc\u03c7\u03bf\u03c5\u03c2 \u03c4\u03bf\u03c5\u03c2, \u03c4\u03bf Ahjobs \u03c0\u03c1\u03bf\u03c3\u03c6\u03ad\u03c1\u03b5\u03b9 \u03b5\u03bd\u03b7\u03bc\u03b5\u03c1\u03c9\u03c4\u03b9\u03ba\u03cc \u03ba\u03b1\u03b9 \u03b5\u03bd\u03b7\u03bc\u03b5\u03c1\u03c9\u03bc\u03ad\u03bd\u03bf \u03c0\u03b5\u03c1\u03b9\u03b5\u03c7\u03cc\u03bc\u03b5\u03bd\u03bf \u03c3\u03c7\u03b5\u03c4\u03b9\u03ba\u03ac \u03bc\u03b5 \u03c4\u03b9\u03c2 \u03b8\u03ad\u03c3\u03b5\u03b9\u03c2 \u03b5\u03c1\u03b3\u03b1\u03c3\u03af\u03b1\u03c2, \u03c4\u03b9\u03c2 \u03c4\u03ac\u03c3\u03b5\u03b9\u03c2 \u03c4\u03b7\u03c2 \u03b1\u03b3\u03bf\u03c1\u03ac\u03c2, \u03c4\u03b9\u03c2 \u03c3\u03c5\u03bc\u03b2\u03bf\u03c5\u03bb\u03ad\u03c2 \u03c3\u03c4\u03b1\u03b4\u03b9\u03bf\u03b4\u03c1\u03bf\u03bc\u03af\u03b1\u03c2 \u03ba\u03b1\u03b9 \u03c4\u03b7\u03bd \u03c0\u03c1\u03bf\u03c3\u03c9\u03c0\u03b9\u03ba\u03ae \u03b1\u03bd\u03ac\u03c0\u03c4\u03c5\u03be\u03b7.<\/p>\n\n\n\n<p>\u0395\u03b4\u03ce \u03c3\u03c4\u03b7\u03bd Ahjobs, \u03b4\u03b7\u03bc\u03bf\u03c3\u03b9\u03b5\u03cd\u03bf\u03c5\u03bc\u03b5 \u03ba\u03b1\u03b8\u03b7\u03bc\u03b5\u03c1\u03b9\u03bd\u03ac \u03ac\u03c1\u03b8\u03c1\u03b1, \u03bf\u03b4\u03b7\u03b3\u03bf\u03cd\u03c2 \u03ba\u03b1\u03b9 \u03c3\u03b5\u03bc\u03b9\u03bd\u03ac\u03c1\u03b9\u03b1 \u03c0\u03bf\u03c5 \u03b4\u03b7\u03bc\u03b9\u03bf\u03c5\u03c1\u03b3\u03bf\u03cd\u03bd\u03c4\u03b1\u03b9 \u03b1\u03c0\u03cc \u03b5\u03b9\u03b4\u03b9\u03ba\u03bf\u03cd\u03c2 \u03c4\u03bf\u03c5 \u03ba\u03bb\u03ac\u03b4\u03bf\u03c5, \u03c4\u03b1 \u03bf\u03c0\u03bf\u03af\u03b1 \u03ba\u03b1\u03bb\u03cd\u03c0\u03c4\u03bf\u03c5\u03bd \u03b8\u03ad\u03bc\u03b1\u03c4\u03b1 \u03c0\u03bf\u03c5 \u03ba\u03c5\u03bc\u03b1\u03af\u03bd\u03bf\u03bd\u03c4\u03b1\u03b9 \u03b1\u03c0\u03cc \u03c4\u03b7 \u03b4\u03b7\u03bc\u03b9\u03bf\u03c5\u03c1\u03b3\u03af\u03b1 \u03b5\u03bd\u03cc\u03c2 \u03b5\u03bb\u03ba\u03c5\u03c3\u03c4\u03b9\u03ba\u03bf\u03cd \u03b2\u03b9\u03bf\u03b3\u03c1\u03b1\u03c6\u03b9\u03ba\u03bf\u03cd \u03ad\u03c9\u03c2 \u03c4\u03b9\u03c2 \u03b2\u03ad\u03bb\u03c4\u03b9\u03c3\u03c4\u03b5\u03c2 \u03c0\u03c1\u03b1\u03ba\u03c4\u03b9\u03ba\u03ad\u03c2 \u03b3\u03b9\u03b1 \u03c3\u03c5\u03bd\u03b5\u03bd\u03c4\u03b5\u03cd\u03be\u03b5\u03b9\u03c2 \u03b5\u03c1\u03b3\u03b1\u03c3\u03af\u03b1\u03c2. \u03a3\u03c4\u03cc\u03c7\u03bf\u03c2 \u03bc\u03b1\u03c2 \u03b5\u03af\u03bd\u03b1\u03b9 \u03bd\u03b1 \u03c3\u03b1\u03c2 \u03c0\u03b1\u03c1\u03ad\u03c7\u03bf\u03c5\u03bc\u03b5 \u03c4\u03b1 \u03b5\u03c1\u03b3\u03b1\u03bb\u03b5\u03af\u03b1 \u03ba\u03b1\u03b9 \u03c4\u03b9\u03c2 \u03b3\u03bd\u03ce\u03c3\u03b5\u03b9\u03c2 \u03c0\u03bf\u03c5 \u03c7\u03c1\u03b5\u03b9\u03ac\u03b6\u03b5\u03c3\u03c4\u03b5 \u03b3\u03b9\u03b1 \u03bd\u03b1 \u03c0\u03bb\u03bf\u03b7\u03b3\u03b7\u03b8\u03b5\u03af\u03c4\u03b5 \u03c3\u03c4\u03b7\u03bd \u03b1\u03b3\u03bf\u03c1\u03ac \u03b5\u03c1\u03b3\u03b1\u03c3\u03af\u03b1\u03c2 \u03bc\u03b5 \u03b1\u03c5\u03c4\u03bf\u03c0\u03b5\u03c0\u03bf\u03af\u03b8\u03b7\u03c3\u03b7 \u03ba\u03b1\u03b9 \u03c3\u03c4\u03c1\u03b1\u03c4\u03b7\u03b3\u03b9\u03ba\u03ae.<\/p>\n\n\n\n<p>\u03a4\u03bf Ahjobs.com.br \u03b5\u03af\u03bd\u03b1\u03b9 \u03ba\u03b1\u03c4\u03b1\u03c7\u03c9\u03c1\u03b7\u03bc\u03ad\u03bd\u03bf \u03b5\u03bc\u03c0\u03bf\u03c1\u03b9\u03ba\u03cc \u03c3\u03ae\u03bc\u03b1 \u03c4\u03b7\u03c2 SpotAds.me, \u03c4\u03bf \u03bf\u03c0\u03bf\u03af\u03bf \u03b4\u03b9\u03b1\u03c7\u03b5\u03b9\u03c1\u03af\u03b6\u03b5\u03c4\u03b1\u03b9 \u03bc\u03b9\u03b1 \u03bf\u03bc\u03ac\u03b4\u03b1 \u03b5\u03c0\u03b1\u03b3\u03b3\u03b5\u03bb\u03bc\u03b1\u03c4\u03b9\u03ce\u03bd \u03bc\u03b5 \u03c0\u03ac\u03b8\u03bf\u03c2 \u03b3\u03b9\u03b1 \u03c4\u03bf \u03b1\u03bd\u03b8\u03c1\u03ce\u03c0\u03b9\u03bd\u03bf \u03b4\u03c5\u03bd\u03b1\u03bc\u03b9\u03ba\u03cc, \u03c4\u03b7\u03bd \u03b5\u03c0\u03b1\u03b3\u03b3\u03b5\u03bb\u03bc\u03b1\u03c4\u03b9\u03ba\u03ae \u03b5\u03be\u03ad\u03bb\u03b9\u03be\u03b7 \u03ba\u03b1\u03b9 \u03c4\u03b7\u03bd \u03b5\u03c0\u03b1\u03b3\u03b3\u03b5\u03bb\u03bc\u03b1\u03c4\u03b9\u03ba\u03ae \u03b5\u03c0\u03b9\u03c4\u03c5\u03c7\u03af\u03b1. \u039f\u03b9 \u03c3\u03c5\u03b3\u03b3\u03c1\u03b1\u03c6\u03b5\u03af\u03c2 \u03ba\u03b1\u03b9 \u03bf\u03b9 \u03b5\u03b9\u03b4\u03b9\u03ba\u03bf\u03af \u03bc\u03b1\u03c2 \u03ad\u03c7\u03bf\u03c5\u03bd \u03b4\u03b5\u03c3\u03bc\u03b5\u03c5\u03c4\u03b5\u03af \u03bd\u03b1 \u03c0\u03b1\u03c1\u03ad\u03c7\u03bf\u03c5\u03bd \u03c5\u03c8\u03b7\u03bb\u03ae\u03c2 \u03c0\u03bf\u03b9\u03cc\u03c4\u03b7\u03c4\u03b1\u03c2, \u03b1\u03ba\u03c1\u03b9\u03b2\u03ad\u03c2 \u03ba\u03b1\u03b9 \u03c3\u03c7\u03b5\u03c4\u03b9\u03ba\u03cc \u03c0\u03b5\u03c1\u03b9\u03b5\u03c7\u03cc\u03bc\u03b5\u03bd\u03bf \u03c3\u03c4\u03bf\u03c5\u03c2 \u03b1\u03bd\u03b1\u03b3\u03bd\u03ce\u03c3\u03c4\u03b5\u03c2 \u03bc\u03b1\u03c2, \u03ba\u03b1\u03b8\u03ce\u03c2 \u03c0\u03b9\u03c3\u03c4\u03b5\u03cd\u03bf\u03c5\u03bc\u03b5 \u03cc\u03c4\u03b9 \u03b7 \u03c0\u03c1\u03cc\u03c3\u03b2\u03b1\u03c3\u03b7 \u03c3\u03b5 \u03b5\u03c0\u03b1\u03c1\u03ba\u03b5\u03af\u03c2 \u03c0\u03bb\u03b7\u03c1\u03bf\u03c6\u03bf\u03c1\u03af\u03b5\u03c2 \u03ba\u03b1\u03b9 \u03ba\u03b1\u03b8\u03bf\u03b4\u03ae\u03b3\u03b7\u03c3\u03b7 \u03b5\u03af\u03bd\u03b1\u03b9 \u03c4\u03bf \u03c0\u03c1\u03ce\u03c4\u03bf \u03b2\u03ae\u03bc\u03b1 \u03b3\u03b9\u03b1 \u03c4\u03b7\u03bd \u03b5\u03c0\u03b1\u03b3\u03b3\u03b5\u03bb\u03bc\u03b1\u03c4\u03b9\u03ba\u03ae \u03b5\u03c0\u03b9\u03c4\u03c5\u03c7\u03af\u03b1.<\/p>\n\n\n\n<p>\u0395\u03bd\u03b8\u03b1\u03c1\u03c1\u03cd\u03bd\u03bf\u03c5\u03bc\u03b5 \u03b5\u03c0\u03af\u03c3\u03b7\u03c2 \u03c4\u03b7\u03bd \u03b1\u03bb\u03bb\u03b7\u03bb\u03b5\u03c0\u03af\u03b4\u03c1\u03b1\u03c3\u03b7 \u03ba\u03b1\u03b9 \u03c4\u03b7\u03bd \u03b1\u03bd\u03c4\u03b1\u03bb\u03bb\u03b1\u03b3\u03ae \u03b5\u03bc\u03c0\u03b5\u03b9\u03c1\u03b9\u03ce\u03bd \u03bc\u03ad\u03c3\u03c9 \u03c4\u03c9\u03bd \u03ba\u03bf\u03b9\u03bd\u03c9\u03bd\u03b9\u03ba\u03ce\u03bd \u03b4\u03b9\u03ba\u03c4\u03cd\u03c9\u03bd \u03ba\u03b1\u03b9 \u03c4\u03c9\u03bd \u03c6\u03cc\u03c1\u03bf\u03c5\u03bc \u03bc\u03b1\u03c2, \u03cc\u03c0\u03bf\u03c5 \u03bc\u03c0\u03bf\u03c1\u03b5\u03af\u03c4\u03b5 \u03bd\u03b1 \u03c3\u03c5\u03bd\u03b4\u03b5\u03b8\u03b5\u03af\u03c4\u03b5 \u03bc\u03b5 \u03ac\u03bb\u03bb\u03bf\u03c5\u03c2 \u03b5\u03c0\u03b1\u03b3\u03b3\u03b5\u03bb\u03bc\u03b1\u03c4\u03af\u03b5\u03c2, \u03bd\u03b1 \u03ba\u03ac\u03bd\u03b5\u03c4\u03b5 \u03b5\u03c1\u03c9\u03c4\u03ae\u03c3\u03b5\u03b9\u03c2 \u03ba\u03b1\u03b9 \u03bd\u03b1 \u03bc\u03bf\u03b9\u03c1\u03b1\u03c3\u03c4\u03b5\u03af\u03c4\u03b5 \u03c4\u03b9\u03c2 \u03b4\u03b9\u03ba\u03ad\u03c2 \u03c3\u03b1\u03c2 \u03b9\u03c3\u03c4\u03bf\u03c1\u03af\u03b5\u03c2. \u0395\u03ba\u03c4\u03b9\u03bc\u03bf\u03cd\u03bc\u03b5 \u03c4\u03b1 \u03c3\u03c7\u03cc\u03bb\u03b9\u03b1 \u03c4\u03c9\u03bd \u03b1\u03bd\u03b1\u03b3\u03bd\u03c9\u03c3\u03c4\u03ce\u03bd \u03bc\u03b1\u03c2 \u03ba\u03b1\u03b9 \u03b5\u03af\u03bc\u03b1\u03c3\u03c4\u03b5 \u03c0\u03ac\u03bd\u03c4\u03b1 \u03b1\u03bd\u03bf\u03b9\u03c7\u03c4\u03bf\u03af \u03c3\u03b5 \u03c0\u03c1\u03bf\u03c4\u03ac\u03c3\u03b5\u03b9\u03c2 \u03b3\u03b9\u03b1 \u03bd\u03b1 \u03ba\u03ac\u03bd\u03bf\u03c5\u03bc\u03b5 \u03c4\u03b7\u03bd \u03c0\u03bb\u03b1\u03c4\u03c6\u03cc\u03c1\u03bc\u03b1 \u03bc\u03b1\u03c2 \u03b1\u03ba\u03cc\u03bc\u03b1 \u03c0\u03b9\u03bf \u03c7\u03c1\u03ae\u03c3\u03b9\u03bc\u03b7 \u03ba\u03b1\u03b9 \u03bf\u03bb\u03bf\u03ba\u03bb\u03b7\u03c1\u03c9\u03bc\u03ad\u03bd\u03b7.<\/p>\n\n\n\n<p>\u0391\u03ba\u03bf\u03bb\u03bf\u03c5\u03b8\u03ae\u03c3\u03c4\u03b5 \u03bc\u03b1\u03c2 \u03b3\u03b9\u03b1 \u03bd\u03b1 \u03b5\u03bd\u03b7\u03bc\u03b5\u03c1\u03ce\u03bd\u03b5\u03c3\u03c4\u03b5 \u03b3\u03b9\u03b1 \u03c4\u03b1 \u03c4\u03b5\u03bb\u03b5\u03c5\u03c4\u03b1\u03af\u03b1 \u03bd\u03ad\u03b1 \u03b1\u03c0\u03cc \u03c4\u03bf\u03bd \u03b5\u03c0\u03b1\u03b3\u03b3\u03b5\u03bb\u03bc\u03b1\u03c4\u03b9\u03ba\u03cc \u03ba\u03cc\u03c3\u03bc\u03bf \u03ba\u03b1\u03b9 \u03bd\u03b1 \u03b1\u03c0\u03bf\u03bb\u03b1\u03bc\u03b2\u03ac\u03bd\u03b5\u03c4\u03b5 \u03c4\u03bf \u03ba\u03b1\u03bb\u03cd\u03c4\u03b5\u03c1\u03bf \u03c0\u03b5\u03c1\u03b9\u03b5\u03c7\u03cc\u03bc\u03b5\u03bd\u03bf \u03c3\u03c7\u03b5\u03c4\u03b9\u03ba\u03ac \u03bc\u03b5 \u03c4\u03b7\u03bd \u03b1\u03c0\u03b1\u03c3\u03c7\u03bf\u03bb\u03b7\u03c3\u03b9\u03bc\u03cc\u03c4\u03b7\u03c4\u03b1 \u03ba\u03b1\u03b9 \u03c4\u03b7\u03bd \u03b5\u03c0\u03b1\u03b3\u03b3\u03b5\u03bb\u03bc\u03b1\u03c4\u03b9\u03ba\u03ae \u03b5\u03be\u03ad\u03bb\u03b9\u03be\u03b7. \u03a3\u03b1\u03c2 \u03b5\u03c5\u03c7\u03b1\u03c1\u03b9\u03c3\u03c4\u03bf\u03cd\u03bc\u03b5 \u03c0\u03bf\u03c5 \u03b5\u03bc\u03c0\u03b9\u03c3\u03c4\u03b5\u03c5\u03c4\u03ae\u03ba\u03b1\u03c4\u03b5 \u03c4\u03bf Ahjobs.com.br!<\/p>","protected":false},"excerpt":{"rendered":"<p>O Ahjobs \u00e9 uma plataforma dedicada ao universo profissional, criada com o objetivo de conectar voc\u00ea \u00e0s melhores oportunidades de emprego e desenvolvimento de carreira. Fundado com a miss\u00e3o de ajudar profissionais a alcan\u00e7ar seus objetivos, o Ahjobs oferece conte\u00fado informativo e atualizado sobre vagas de emprego, tend\u00eancias de mercado, dicas de carreira e desenvolvimento [&hellip;]<\/p>\n","protected":false},"author":1,"featured_media":0,"parent":0,"menu_order":0,"comment_status":"closed","ping_status":"closed","template":"","meta":{"footnotes":""},"class_list":["post-55","page","type-page","status-publish"],"_links":{"self":[{"href":"https:\/\/ahjobs.com.br\/el\/wp-json\/wp\/v2\/pages\/55","targetHints":{"allow":["GET"]}}],"collection":[{"href":"https:\/\/ahjobs.com.br\/el\/wp-json\/wp\/v2\/pages"}],"about":[{"href":"https:\/\/ahjobs.com.br\/el\/wp-json\/wp\/v2\/types\/page"}],"author":[{"embeddable":true,"href":"https:\/\/ahjobs.com.br\/el\/wp-json\/wp\/v2\/users\/1"}],"replies":[{"embeddable":true,"href":"https:\/\/ahjobs.com.br\/el\/wp-json\/wp\/v2\/comments?post=55"}],"version-history":[{"count":1,"href":"https:\/\/ahjobs.com.br\/el\/wp-json\/wp\/v2\/pages\/55\/revisions"}],"predecessor-version":[{"id":56,"href":"https:\/\/ahjobs.com.br\/el\/wp-json\/wp\/v2\/pages\/55\/revisions\/56"}],"wp:attachment":[{"href":"https:\/\/ahjobs.com.br\/el\/wp-json\/wp\/v2\/media?parent=55"}],"curies":[{"name":"\u03b5\u03c1\u03b3\u03b1\u03c3\u03af\u03b1","href":"https:\/\/api.w.org\/{rel}","templated":true}]}}