{"id":55,"date":"2026-02-20T16:42:28","date_gmt":"2026-02-20T16:42:28","guid":{"rendered":"https:\/\/ahjobs.com.br\/?page_id=55"},"modified":"2026-02-20T16:42:29","modified_gmt":"2026-02-20T16:42:29","slug":"quem-somos","status":"publish","type":"page","link":"https:\/\/ahjobs.com.br\/es\/quienes-somos\/","title":{"rendered":"Quienes somos"},"content":{"rendered":"<p>Ahjobs es una plataforma dedicada al mundo profesional, creada con el objetivo de conectarte con las mejores oportunidades laborales y desarrollo profesional. Fundada con la misi\u00f3n de ayudar a los profesionales a alcanzar sus metas, Ahjobs ofrece contenido informativo y actualizado sobre vacantes, tendencias del mercado, consejos profesionales y desarrollo personal.<\/p>\n\n\n\n<p>En Ahjobs, publicamos a diario art\u00edculos, gu\u00edas y tutoriales creados por expertos del sector, que abarcan desde c\u00f3mo crear un curr\u00edculum atractivo hasta las mejores pr\u00e1cticas para entrevistas de trabajo. Nos centramos en brindarte las herramientas y el conocimiento que necesitas para desenvolverte en el mercado laboral con confianza y estrategia.<\/p>\n\n\n\n<p>Ahjobs.com.br es una marca registrada de SpotAds.me, gestionada por un equipo de profesionales apasionados por los recursos humanos, el desarrollo profesional y el \u00e9xito profesional. Nuestros redactores y expertos se comprometen a ofrecer contenido de alta calidad, preciso y relevante a nuestros lectores, ya que creemos que el acceso a informaci\u00f3n y orientaci\u00f3n adecuadas es el primer paso hacia el \u00e9xito profesional.<\/p>\n\n\n\n<p>Tambi\u00e9n fomentamos la interacci\u00f3n y el intercambio de experiencias a trav\u00e9s de nuestras redes sociales y foros, donde podr\u00e1s conectar con otros profesionales, hacer preguntas y compartir tus propias experiencias. Valoramos los comentarios de nuestros lectores y siempre estamos abiertos a sugerencias para que nuestra plataforma sea a\u00fan m\u00e1s \u00fatil y completa.<\/p>\n\n\n\n<p>S\u00edguenos para estar al d\u00eda con las \u00faltimas noticias del mundo profesional y disfrutar del mejor contenido sobre empleabilidad y desarrollo profesional. \u00a1Gracias por confiar en Ahjobs.com.br!<\/p>","protected":false},"excerpt":{"rendered":"<p>O Ahjobs \u00e9 uma plataforma dedicada ao universo profissional, criada com o objetivo de conectar voc\u00ea \u00e0s melhores oportunidades de emprego e desenvolvimento de carreira. Fundado com a miss\u00e3o de ajudar profissionais a alcan\u00e7ar seus objetivos, o Ahjobs oferece conte\u00fado informativo e atualizado sobre vagas de emprego, tend\u00eancias de mercado, dicas de carreira e desenvolvimento [&hellip;]<\/p>\n","protected":false},"author":1,"featured_media":0,"parent":0,"menu_order":0,"comment_status":"closed","ping_status":"closed","template":"","meta":{"footnotes":""},"class_list":["post-55","page","type-page","status-publish"],"_links":{"self":[{"href":"https:\/\/ahjobs.com.br\/es\/wp-json\/wp\/v2\/pages\/55","targetHints":{"allow":["GET"]}}],"collection":[{"href":"https:\/\/ahjobs.com.br\/es\/wp-json\/wp\/v2\/pages"}],"about":[{"href":"https:\/\/ahjobs.com.br\/es\/wp-json\/wp\/v2\/types\/page"}],"author":[{"embeddable":true,"href":"https:\/\/ahjobs.com.br\/es\/wp-json\/wp\/v2\/users\/1"}],"replies":[{"embeddable":true,"href":"https:\/\/ahjobs.com.br\/es\/wp-json\/wp\/v2\/comments?post=55"}],"version-history":[{"count":1,"href":"https:\/\/ahjobs.com.br\/es\/wp-json\/wp\/v2\/pages\/55\/revisions"}],"predecessor-version":[{"id":56,"href":"https:\/\/ahjobs.com.br\/es\/wp-json\/wp\/v2\/pages\/55\/revisions\/56"}],"wp:attachment":[{"href":"https:\/\/ahjobs.com.br\/es\/wp-json\/wp\/v2\/media?parent=55"}],"curies":[{"name":"wp","href":"https:\/\/api.w.org\/{rel}","templated":true}]}}