{"id":53,"date":"2026-02-20T16:42:09","date_gmt":"2026-02-20T16:42:09","guid":{"rendered":"https:\/\/ahjobs.com.br\/?page_id=53"},"modified":"2026-02-20T16:42:10","modified_gmt":"2026-02-20T16:42:10","slug":"politica-de-privacidade","status":"publish","type":"page","link":"https:\/\/ahjobs.com.br\/fi\/tietosuojakaytanto\/","title":{"rendered":"Tietosuojak\u00e4yt\u00e4nt\u00f6"},"content":{"rendered":"<p>Tietosuojasi on meille t\u00e4rke\u00e4\u00e4. Ah Jobsin k\u00e4yt\u00e4nt\u00f6n\u00e4 on kunnioittaa yksityisyytt\u00e4si kaikkien verkkosivustollamme ker\u00e4\u00e4miemme tietojen suhteen.\u00a0<a href=\"https:\/\/ahjobs.com.br\/fi\/\" data-type=\"link\" data-id=\"https:\/\/ahjobs.com.br\/\">Ah Jobs<\/a>, ja muut omistamamme ja yll\u00e4pit\u00e4m\u00e4mme verkkosivustot.<\/p>\n\n\n\n<p>Pyyd\u00e4mme henkil\u00f6tietoja vain, kun todella tarvitsemme niit\u00e4 palvelun tarjoamiseksi. Teemme niin oikeudenmukaisesti ja laillisesti, tietoisesti ja suostumuksellasi. Kerromme sinulle my\u00f6s, miksi ker\u00e4\u00e4mme tietoja ja miten niit\u00e4 k\u00e4ytet\u00e4\u00e4n.<\/p>\n\n\n\n<p>S\u00e4ilyt\u00e4mme ker\u00e4ttyj\u00e4 tietoja vain niin kauan kuin on tarpeen pyydetyn palvelun tarjoamiseksi. Kun tallennamme tietoja, suojaamme niit\u00e4 kaupallisesti hyv\u00e4ksytt\u00e4vill\u00e4 tavoilla est\u00e4\u00e4ksemme katoamisen ja varkauden sek\u00e4 luvattoman p\u00e4\u00e4syn, paljastamisen, kopioinnin, k\u00e4yt\u00f6n tai muokkaamisen.<\/p>\n\n\n\n<p>Emme jaa henkil\u00f6tietoja julkisesti tai kolmansille osapuolille, paitsi lain niin vaatiessa.<\/p>\n\n\n\n<p>Verkkosivustomme saattaa sis\u00e4lt\u00e4\u00e4 linkkej\u00e4 ulkoisille sivustoille, joita emme yll\u00e4pid\u00e4. Huomaathan, ett\u00e4 meill\u00e4 ei ole m\u00e4\u00e4r\u00e4ysvaltaa n\u00e4iden sivustojen sis\u00e4lt\u00f6\u00f6n tai k\u00e4yt\u00e4nt\u00f6ihin, emmek\u00e4 voi ottaa vastuuta niiden k\u00e4yt\u00e4nn\u00f6ist\u00e4.\u00a0<a href=\"https:\/\/politicaprivacidade.com\/\">tietosuojak\u00e4yt\u00e4nn\u00f6t<\/a>.<\/p>\n\n\n\n<p>Voit vapaasti kielt\u00e4yty\u00e4 henkil\u00f6tietopyynt\u00f6mme hyv\u00e4ksymisest\u00e4 ymm\u00e4rt\u00e4en, ett\u00e4 emme v\u00e4ltt\u00e4m\u00e4tt\u00e4 pysty tarjoamaan kaikkia haluamiasi palveluita.<\/p>\n\n\n\n<p>Verkkosivustomme jatkuvaa k\u00e4ytt\u00f6\u00e4 pidet\u00e4\u00e4n yksityisyyden suojaa ja henkil\u00f6tietoja koskevien k\u00e4yt\u00e4nt\u00f6jemme hyv\u00e4ksymisen\u00e4. Jos sinulla on kysytt\u00e4v\u00e4\u00e4 siit\u00e4, miten k\u00e4sittelemme k\u00e4ytt\u00e4j\u00e4tietoja ja henkil\u00f6tietoja, ota meihin yhteytt\u00e4.<\/p>\n\n\n\n<h2 class=\"wp-block-heading\">Ah Jobsin ev\u00e4stek\u00e4yt\u00e4nt\u00f6<\/h2>\n\n\n\n<h3 class=\"wp-block-heading\">Mit\u00e4 ev\u00e4steet ovat?<\/h3>\n\n\n\n<p>Kuten l\u00e4hes kaikilla ammattimaisilla verkkosivustoilla on yleinen k\u00e4yt\u00e4nt\u00f6, t\u00e4m\u00e4 sivusto k\u00e4ytt\u00e4\u00e4 ev\u00e4steit\u00e4, jotka ovat pieni\u00e4 tietokoneellesi ladattavia tiedostoja, k\u00e4ytt\u00f6kokemuksesi parantamiseksi. T\u00e4ll\u00e4 sivulla kuvataan, mit\u00e4 tietoja ne ker\u00e4\u00e4v\u00e4t, miten k\u00e4yt\u00e4mme niit\u00e4 ja miksi meid\u00e4n on joskus tallennettava n\u00e4it\u00e4 ev\u00e4steit\u00e4. Kerromme my\u00f6s, kuinka voit est\u00e4\u00e4 n\u00e4iden ev\u00e4steiden tallentamisen, mutta t\u00e4m\u00e4 voi heikent\u00e4\u00e4 tai &quot;rikkoa&quot; tiettyj\u00e4 sivuston toiminnallisuuden elementtej\u00e4.<\/p>\n\n\n\n<h3 class=\"wp-block-heading\">Miten k\u00e4yt\u00e4mme ev\u00e4steit\u00e4?<\/h3>\n\n\n\n<p>K\u00e4yt\u00e4mme ev\u00e4steit\u00e4 useista eri syist\u00e4, jotka on kuvattu tarkemmin alla. Valitettavasti useimmissa tapauksissa ei ole olemassa alan standardivaihtoehtoja ev\u00e4steiden poistamiseksi k\u00e4yt\u00f6st\u00e4 poistamatta kokonaan niiden t\u00e4lle sivustolle lis\u00e4\u00e4mi\u00e4 toimintoja ja ominaisuuksia. On suositeltavaa, ett\u00e4 j\u00e4t\u00e4t kaikki ev\u00e4steet k\u00e4ytt\u00f6\u00f6n, jos et ole varma, tarvitsetko niit\u00e4 vai et, silt\u00e4 varalta, ett\u00e4 niit\u00e4 k\u00e4ytet\u00e4\u00e4n k\u00e4ytt\u00e4m\u00e4si palvelun tarjoamiseen.<\/p>\n\n\n\n<h3 class=\"wp-block-heading\">Poista ev\u00e4steet k\u00e4yt\u00f6st\u00e4<\/h3>\n\n\n\n<p>Voit est\u00e4\u00e4 ev\u00e4steiden asettamisen muuttamalla selaimesi asetuksia (katso selaimesi ohjeesta, miten t\u00e4m\u00e4 tehd\u00e4\u00e4n). Huomaa, ett\u00e4 ev\u00e4steiden poistaminen k\u00e4yt\u00f6st\u00e4 vaikuttaa t\u00e4m\u00e4n ja monien muiden vierailemiesi verkkosivustojen toimintaan. Ev\u00e4steiden poistaminen k\u00e4yt\u00f6st\u00e4 johtaa yleens\u00e4 my\u00f6s tiettyjen sivuston toimintojen ja ominaisuuksien poistamiseen k\u00e4yt\u00f6st\u00e4. Siksi on suositeltavaa, ettet poista ev\u00e4steit\u00e4 k\u00e4yt\u00f6st\u00e4.<\/p>\n\n\n\n<h3 class=\"wp-block-heading\">Asetamme ev\u00e4steet<\/h3>\n\n\n\n<ul class=\"wp-block-list\">\n<li>Tiliin liittyv\u00e4t ev\u00e4steet: Jos luot tilin meille, k\u00e4yt\u00e4mme ev\u00e4steit\u00e4 rekister\u00f6itymisprosessin ja yleisen hallinnon hallintaan. N\u00e4m\u00e4 ev\u00e4steet poistetaan yleens\u00e4, kun kirjaudut ulos j\u00e4rjestelm\u00e4st\u00e4, mutta joissakin tapauksissa ne voivat j\u00e4\u00e4d\u00e4 tallennetuksi sivustoasetuksesi muistamiseksi poistuessasi.<\/li>\n\n\n\n<li>Kirjautumiseen liittyv\u00e4t ev\u00e4steet: K\u00e4yt\u00e4mme ev\u00e4steit\u00e4, kun olet kirjautunut sis\u00e4\u00e4n, jotta voimme muistaa t\u00e4m\u00e4n toiminnon. T\u00e4m\u00e4 est\u00e4\u00e4 sinua kirjautumasta sis\u00e4\u00e4n joka kerta, kun vierailet uudella sivulla. N\u00e4m\u00e4 ev\u00e4steet poistetaan yleens\u00e4, kun kirjaudut ulos, jotta voit k\u00e4ytt\u00e4\u00e4 vain rajoitettuja resursseja ja alueita, kun olet kirjautunut sis\u00e4\u00e4n.<\/li>\n\n\n\n<li>S\u00e4hk\u00f6postiuutiskirjeisiin liittyv\u00e4t ev\u00e4steet: T\u00e4m\u00e4 verkkosivusto tarjoaa uutiskirje- tai s\u00e4hk\u00f6postitilauspalveluita, ja ev\u00e4steit\u00e4 voidaan k\u00e4ytt\u00e4\u00e4 muistamaan, oletko jo rekister\u00f6itynyt ja n\u00e4ytet\u00e4\u00e4nk\u00f6 tiettyj\u00e4 ilmoituksia, jotka ovat voimassa vain tilaajille\/tilaamattomille k\u00e4ytt\u00e4jille.<\/li>\n\n\n\n<li>Tilauksen k\u00e4sittelyyn liittyv\u00e4t ev\u00e4steet: T\u00e4m\u00e4 sivusto tarjoaa verkkokauppa- tai maksutoimintoja, ja jotkin ev\u00e4steet ovat v\u00e4ltt\u00e4m\u00e4tt\u00f6mi\u00e4 sen varmistamiseksi, ett\u00e4 tilauksesi muistetaan sivujen v\u00e4lill\u00e4, jotta voimme k\u00e4sitell\u00e4 sen oikein.<\/li>\n\n\n\n<li>Kyselyihin liittyv\u00e4t ev\u00e4steet: Tarjoamme ajoittain kyselyit\u00e4 ja kyselylomakkeita tarjotaksemme mielenkiintoista tietoa, hy\u00f6dyllisi\u00e4 ty\u00f6kaluja tai ymm\u00e4rt\u00e4\u00e4ksemme k\u00e4ytt\u00e4j\u00e4kuntaamme tarkemmin. N\u00e4iss\u00e4 kyselyiss\u00e4 voidaan k\u00e4ytt\u00e4\u00e4 ev\u00e4steit\u00e4 muistaaksemme, ketk\u00e4 ovat jo osallistuneet kyselyyn, tai tarjotaksemme tarkkoja tuloksia sivunvaihdosten j\u00e4lkeen.<\/li>\n\n\n\n<li>Lomakkeeseen liittyv\u00e4t ev\u00e4steet: Kun l\u00e4het\u00e4t tietoja lomakkeen, kuten yhteydenottosivuilla tai kommenttilomakkeissa olevien, kautta, ev\u00e4steit\u00e4 voidaan asettaa muistamaan k\u00e4ytt\u00e4j\u00e4tietosi tulevaa yhteydenpitoa varten.<\/li>\n\n\n\n<li>Verkkosivuston asetusten ev\u00e4steet: Jotta voimme tarjota sinulle hyv\u00e4n k\u00e4ytt\u00f6kokemuksen t\u00e4ll\u00e4 sivustolla, tarjoamme toiminnon, jolla voit m\u00e4\u00e4ritt\u00e4\u00e4 asetuksiasi sivuston toiminnan suhteen. Jotta voimme muistaa asetuksesi, meid\u00e4n on asetettava ev\u00e4steit\u00e4, jotta n\u00e4m\u00e4 tiedot voidaan muistaa aina, kun olet vuorovaikutuksessa sivun kanssa, johon asetuksesi vaikuttavat.<\/li>\n<\/ul>\n\n\n\n<h3 class=\"wp-block-heading\">Kolmannen osapuolen ev\u00e4steet<\/h3>\n\n\n\n<p>Joissakin erityistapauksissa k\u00e4yt\u00e4mme my\u00f6s luotettavien kolmansien osapuolten tarjoamia ev\u00e4steit\u00e4. Seuraavassa osiossa kerrotaan, mit\u00e4 kolmannen osapuolen ev\u00e4steit\u00e4 saatat kohdata t\u00e4m\u00e4n verkkosivuston kautta.<\/p>\n\n\n\n<ul class=\"wp-block-list\">\n<li>T\u00e4m\u00e4 verkkosivusto k\u00e4ytt\u00e4\u00e4 Google Analyticsia, joka on yksi laajimmin levinneist\u00e4 ja luotettavimmista analytiikkaratkaisuista verkossa. Sen avulla voimme ymm\u00e4rt\u00e4\u00e4, miten k\u00e4yt\u00e4t sivustoa ja miten voimme parantaa k\u00e4ytt\u00f6kokemustasi. N\u00e4m\u00e4 ev\u00e4steet voivat seurata esimerkiksi sivustolla viett\u00e4m\u00e4\u00e4si aikaa ja vierailemiasi sivuja, jotta voimme jatkaa kiinnostavan sis\u00e4ll\u00f6n tuottamista.<\/li>\n<\/ul>\n\n\n\n<p>Lis\u00e4tietoja Google Analyticsin ev\u00e4steist\u00e4 on Google Analyticsin virallisella sivulla.<\/p>\n\n\n\n<ul class=\"wp-block-list\">\n<li>Kolmannen osapuolen analytiikkaa k\u00e4ytet\u00e4\u00e4n t\u00e4m\u00e4n sivuston k\u00e4yt\u00f6n seuraamiseen ja mittaamiseen, jotta voimme jatkaa kiinnostavan sis\u00e4ll\u00f6n tuottamista. N\u00e4m\u00e4 ev\u00e4steet voivat seurata esimerkiksi sit\u00e4, kuinka kauan viet\u00e4t aikaa sivustolla tai sivuilla, joilla vierailet, mik\u00e4 auttaa meit\u00e4 ymm\u00e4rt\u00e4m\u00e4\u00e4n, miten voimme parantaa sivustoa sinulle.<\/li>\n\n\n\n<li>Testaamme s\u00e4\u00e4nn\u00f6llisesti uusia ominaisuuksia ja teemme hienovaraisia \u200b\u200bmuutoksia sivuston ulkoasuun. Kun testaamme viel\u00e4 uusia ominaisuuksia, n\u00e4it\u00e4 ev\u00e4steit\u00e4 voidaan k\u00e4ytt\u00e4\u00e4 varmistamaan, ett\u00e4 saat yhdenmukaisen k\u00e4ytt\u00f6kokemuksen sivustolla samalla, kun ymm\u00e4rr\u00e4mme, mit\u00e4 optimointeja k\u00e4ytt\u00e4j\u00e4mme arvostavat eniten.<\/li>\n\n\n\n<li>Myydess\u00e4mme tuotteita on t\u00e4rke\u00e4\u00e4 ymm\u00e4rt\u00e4\u00e4 tilastoja siit\u00e4, kuinka moni verkkosivustomme k\u00e4vij\u00f6ist\u00e4 todella tekee ostoksen. Ev\u00e4steet seuraavat juuri t\u00e4llaisia tietoja. T\u00e4m\u00e4 on t\u00e4rke\u00e4\u00e4 sinulle, koska se tarkoittaa, ett\u00e4 voimme tehd\u00e4 tarkkoja liiketoimintaennusteita, joiden avulla voimme analysoida mainonta- ja tuotekustannuksiamme parhaan mahdollisen hinnan varmistamiseksi.<\/li>\n\n\n\n<li>Mainosten n\u00e4ytt\u00e4miseen k\u00e4ytt\u00e4m\u00e4mme Google AdSense -palvelu k\u00e4ytt\u00e4\u00e4 DoubleClick-ev\u00e4stett\u00e4 n\u00e4ytt\u00e4\u00e4kseen osuvampia mainoksia verkossa ja rajoittaakseen tietyn mainoksen n\u00e4ytt\u00f6kertojen m\u00e4\u00e4r\u00e4\u00e4 sinulle.<br>Lis\u00e4tietoja Google AdSensest\u00e4 on Google AdSensen virallisissa tietosuojaa koskevissa usein kysytyiss\u00e4 kysymyksiss\u00e4.<\/li>\n\n\n\n<li>K\u00e4yt\u00e4mme mainoksia kattaaksemme t\u00e4m\u00e4n sivuston yll\u00e4pitokustannukset ja rahoittaaksemme tulevaa kehityst\u00e4. T\u00e4m\u00e4n sivuston k\u00e4ytt\u00e4m\u00e4t k\u00e4ytt\u00e4ytymiseen perustuvat mainontaev\u00e4steet on suunniteltu varmistamaan, ett\u00e4 sinulle n\u00e4ytet\u00e4\u00e4n osuvimmat mainokset aina kun mahdollista seuraamalla kiinnostuksen kohteitasi nimett\u00f6m\u00e4sti ja n\u00e4ytt\u00e4m\u00e4ll\u00e4 samankaltaisia \u200b\u200basioita, jotka saattavat kiinnostaa sinua.<\/li>\n\n\n\n<li>Useat kumppanit mainostavat puolestamme, ja kumppanuusmarkkinointiev\u00e4steet antavat meille yksinkertaisesti mahdollisuuden n\u00e4hd\u00e4, ovatko asiakkaamme p\u00e4\u00e4sseet sivustolle jonkin kumppanisivustomme kautta, jotta voimme hyvitt\u00e4\u00e4 heille asianmukaisesti ja tarvittaessa antaa kumppanuuskumppaneillemme mahdollisuuden tarjota kampanjoita, jotka kannustavat sinua tekem\u00e4\u00e4n ostoksen.<\/li>\n<\/ul>\n\n\n\n<h3 class=\"wp-block-heading\">K\u00e4ytt\u00e4j\u00e4n sitoumus<\/h3>\n\n\n\n<p>K\u00e4ytt\u00e4j\u00e4 sitoutuu k\u00e4ytt\u00e4m\u00e4\u00e4n Ah Jobsin verkkosivustolla tarjoamaa sis\u00e4lt\u00f6\u00e4 ja tietoja asianmukaisesti, mukaan lukien, mutta ei rajoittuen:<\/p>\n\n\n\n<ul class=\"wp-block-list\">\n<li>A) Ei saa harjoittaa toimintaa, joka on laitonta tai vastoin vilpit\u00f6nt\u00e4 mielt\u00e4 ja yleist\u00e4 j\u00e4rjestyst\u00e4;<\/li>\n\n\n\n<li>B) \u00c4l\u00e4 levit\u00e4 rasistista tai muukalaisvihamielist\u00e4 propagandaa tai sis\u00e4lt\u00f6\u00e4,\u00a0<a href=\"https:\/\/web.archive.org\/web\/20251207014554\/https:\/\/ondeapostar.pt\/onde-da-a-bola\/\">Minne pallo menee?<\/a>\u00a0tai huonoa onnea, kaikenlaista laitonta pornografiaa, terrorismiin yllytt\u00e4mist\u00e4 tai ihmisoikeuksia loukkaavaa sis\u00e4lt\u00f6\u00e4;<\/li>\n\n\n\n<li>C) \u00c4l\u00e4 vahingoita Ah Jobsin, sen toimittajien tai kolmansien osapuolten fyysisi\u00e4 (laitteisto) ja loogisia (ohjelmisto)j\u00e4rjestelmi\u00e4 levitt\u00e4m\u00e4ll\u00e4 tietokoneviruksia tai muita laitteisto- tai ohjelmistoj\u00e4rjestelmi\u00e4, jotka voivat aiheuttaa edell\u00e4 mainittuja vahinkoja.<\/li>\n<\/ul>\n\n\n\n<h3 class=\"wp-block-heading\">Lis\u00e4tietoja<\/h3>\n\n\n\n<p>Toivomme, ett\u00e4 t\u00e4m\u00e4 on selv\u00e4\u00e4, ja kuten aiemmin mainittiin, jos olet ep\u00e4varma siit\u00e4, tarvitsetko ev\u00e4steit\u00e4 vai et, on yleens\u00e4 turvallisempaa pit\u00e4\u00e4 ev\u00e4steet k\u00e4yt\u00f6ss\u00e4 silt\u00e4 varalta, ett\u00e4 k\u00e4yt\u00e4t jotakin verkkosivustomme ominaisuuksista.<\/p>\n\n\n\n<p>T\u00e4m\u00e4 k\u00e4yt\u00e4nt\u00f6 on voimassa alkaen&nbsp;<strong>Maaliskuu<\/strong>\/<strong>2021<\/strong>.<\/p>","protected":false},"excerpt":{"rendered":"<p>A sua privacidade \u00e9 importante para n\u00f3s. \u00c9 pol\u00edtica do Ah Jobs respeitar a sua privacidade em rela\u00e7\u00e3o a qualquer informa\u00e7\u00e3o sua que possamos coletar no site\u00a0Ah Jobs, e outros sites que possu\u00edmos e operamos. Solicitamos informa\u00e7\u00f5es pessoais apenas quando realmente precisamos delas para lhe fornecer um servi\u00e7o. Fazemo-lo por meios justos e legais, com [&hellip;]<\/p>\n","protected":false},"author":1,"featured_media":0,"parent":0,"menu_order":0,"comment_status":"closed","ping_status":"closed","template":"","meta":{"footnotes":""},"class_list":["post-53","page","type-page","status-publish"],"_links":{"self":[{"href":"https:\/\/ahjobs.com.br\/fi\/wp-json\/wp\/v2\/pages\/53","targetHints":{"allow":["GET"]}}],"collection":[{"href":"https:\/\/ahjobs.com.br\/fi\/wp-json\/wp\/v2\/pages"}],"about":[{"href":"https:\/\/ahjobs.com.br\/fi\/wp-json\/wp\/v2\/types\/page"}],"author":[{"embeddable":true,"href":"https:\/\/ahjobs.com.br\/fi\/wp-json\/wp\/v2\/users\/1"}],"replies":[{"embeddable":true,"href":"https:\/\/ahjobs.com.br\/fi\/wp-json\/wp\/v2\/comments?post=53"}],"version-history":[{"count":1,"href":"https:\/\/ahjobs.com.br\/fi\/wp-json\/wp\/v2\/pages\/53\/revisions"}],"predecessor-version":[{"id":54,"href":"https:\/\/ahjobs.com.br\/fi\/wp-json\/wp\/v2\/pages\/53\/revisions\/54"}],"wp:attachment":[{"href":"https:\/\/ahjobs.com.br\/fi\/wp-json\/wp\/v2\/media?parent=53"}],"curies":[{"name":"wp","href":"https:\/\/api.w.org\/{rel}","templated":true}]}}