{"id":55,"date":"2026-02-20T16:42:28","date_gmt":"2026-02-20T16:42:28","guid":{"rendered":"https:\/\/ahjobs.com.br\/?page_id=55"},"modified":"2026-02-20T16:42:29","modified_gmt":"2026-02-20T16:42:29","slug":"quem-somos","status":"publish","type":"page","link":"https:\/\/ahjobs.com.br\/fi\/quem-somos\/","title":{"rendered":"Keit\u00e4 me olemme"},"content":{"rendered":"<p>O Ahjobs \u00e9 uma plataforma dedicada ao universo profissional, criada com o objetivo de conectar voc\u00ea \u00e0s melhores oportunidades de emprego e desenvolvimento de carreira. Fundado com a miss\u00e3o de ajudar profissionais a alcan\u00e7ar seus objetivos, o Ahjobs oferece conte\u00fado informativo e atualizado sobre vagas de emprego, tend\u00eancias de mercado, dicas de carreira e desenvolvimento pessoal.<\/p>\n\n\n\n<p>Aqui no Ahjobs, publicamos diariamente artigos, guias e tutoriais elaborados por especialistas do setor, abordando temas que v\u00e3o desde a constru\u00e7\u00e3o de um curr\u00edculo atraente at\u00e9 as melhores pr\u00e1ticas para entrevistas de emprego. Nosso foco \u00e9 proporcionar a voc\u00ea as ferramentas e o conhecimento necess\u00e1rios para navegar no mercado de trabalho com confian\u00e7a e estrat\u00e9gia.<\/p>\n\n\n\n<p>Ahjobs.com.br \u00e9 uma marca registrada da empresa SpotAds.me, mantida por uma equipe de profissionais apaixonados por recursos humanos, desenvolvimento de carreira e sucesso profissional. Nossos redatores e especialistas est\u00e3o comprometidos em entregar conte\u00fado de alta qualidade, preciso e relevante para nossos leitores, pois acreditamos que o acesso \u00e0 informa\u00e7\u00e3o e orienta\u00e7\u00e3o adequadas \u00e9 o primeiro passo para o sucesso profissional.<\/p>\n\n\n\n<p>Tamb\u00e9m incentivamos a intera\u00e7\u00e3o e troca de experi\u00eancias atrav\u00e9s de nossas redes sociais e f\u00f3runs, onde voc\u00ea pode se conectar com outros profissionais, tirar d\u00favidas e compartilhar suas pr\u00f3prias hist\u00f3rias. Valorizamos o feedback dos nossos leitores e estamos sempre abertos a sugest\u00f5es para tornar nossa plataforma ainda mais \u00fatil e completa.<\/p>\n\n\n\n<p>Acompanhe-nos para ficar por dentro das \u00faltimas novidades do mundo profissional e aproveitar o melhor conte\u00fado sobre empregabilidade e carreira. Obrigado por confiar no Ahjobs.com.br!<\/p>","protected":false},"excerpt":{"rendered":"<p>O Ahjobs \u00e9 uma plataforma dedicada ao universo profissional, criada com o objetivo de conectar voc\u00ea \u00e0s melhores oportunidades de emprego e desenvolvimento de carreira. Fundado com a miss\u00e3o de ajudar profissionais a alcan\u00e7ar seus objetivos, o Ahjobs oferece conte\u00fado informativo e atualizado sobre vagas de emprego, tend\u00eancias de mercado, dicas de carreira e desenvolvimento [&hellip;]<\/p>\n","protected":false},"author":1,"featured_media":0,"parent":0,"menu_order":0,"comment_status":"closed","ping_status":"closed","template":"","meta":{"footnotes":""},"class_list":["post-55","page","type-page","status-publish"],"_links":{"self":[{"href":"https:\/\/ahjobs.com.br\/fi\/wp-json\/wp\/v2\/pages\/55","targetHints":{"allow":["GET"]}}],"collection":[{"href":"https:\/\/ahjobs.com.br\/fi\/wp-json\/wp\/v2\/pages"}],"about":[{"href":"https:\/\/ahjobs.com.br\/fi\/wp-json\/wp\/v2\/types\/page"}],"author":[{"embeddable":true,"href":"https:\/\/ahjobs.com.br\/fi\/wp-json\/wp\/v2\/users\/1"}],"replies":[{"embeddable":true,"href":"https:\/\/ahjobs.com.br\/fi\/wp-json\/wp\/v2\/comments?post=55"}],"version-history":[{"count":1,"href":"https:\/\/ahjobs.com.br\/fi\/wp-json\/wp\/v2\/pages\/55\/revisions"}],"predecessor-version":[{"id":56,"href":"https:\/\/ahjobs.com.br\/fi\/wp-json\/wp\/v2\/pages\/55\/revisions\/56"}],"wp:attachment":[{"href":"https:\/\/ahjobs.com.br\/fi\/wp-json\/wp\/v2\/media?parent=55"}],"curies":[{"name":"wp","href":"https:\/\/api.w.org\/{rel}","templated":true}]}}