{"id":55,"date":"2026-02-20T16:42:28","date_gmt":"2026-02-20T16:42:28","guid":{"rendered":"https:\/\/ahjobs.com.br\/?page_id=55"},"modified":"2026-02-20T16:42:29","modified_gmt":"2026-02-20T16:42:29","slug":"quem-somos","status":"publish","type":"page","link":"https:\/\/ahjobs.com.br\/fr\/qui-nous-sommes\/","title":{"rendered":"Qui sommes-nous ?"},"content":{"rendered":"<p>Ahjobs est une plateforme d\u00e9di\u00e9e au monde professionnel, con\u00e7ue pour vous mettre en relation avec les meilleures opportunit\u00e9s d&#039;emploi et vous accompagner dans votre d\u00e9veloppement de carri\u00e8re. Fond\u00e9e avec pour mission d&#039;aider les professionnels \u00e0 atteindre leurs objectifs, Ahjobs propose un contenu informatif et actualis\u00e9 sur les offres d&#039;emploi, les tendances du march\u00e9, les conseils de carri\u00e8re et le d\u00e9veloppement personnel.<\/p>\n\n\n\n<p>Chez Ahjobs, nous publions quotidiennement des articles, des guides et des tutoriels r\u00e9dig\u00e9s par des experts du secteur, couvrant des sujets allant de la cr\u00e9ation d&#039;un CV percutant aux meilleures pratiques pour les entretiens d&#039;embauche. Notre objectif est de vous fournir les outils et les connaissances n\u00e9cessaires pour aborder le march\u00e9 du travail avec confiance et strat\u00e9gie.<\/p>\n\n\n\n<p>Ahjobs.com.br est une marque d\u00e9pos\u00e9e de SpotAds.me, g\u00e9r\u00e9e par une \u00e9quipe de professionnels passionn\u00e9s par les ressources humaines, le d\u00e9veloppement de carri\u00e8re et la r\u00e9ussite professionnelle. Nos r\u00e9dacteurs et experts s&#039;engagent \u00e0 fournir \u00e0 nos lecteurs un contenu de qualit\u00e9, pr\u00e9cis et pertinent, car nous sommes convaincus que l&#039;acc\u00e8s \u00e0 une information et \u00e0 des conseils ad\u00e9quats est la premi\u00e8re \u00e9tape vers la r\u00e9ussite professionnelle.<\/p>\n\n\n\n<p>Nous encourageons \u00e9galement les \u00e9changes et le partage d&#039;exp\u00e9riences via nos r\u00e9seaux sociaux et forums, o\u00f9 vous pouvez entrer en contact avec d&#039;autres professionnels, poser des questions et partager vos propres exp\u00e9riences. Nous accordons une grande importance aux commentaires de nos lecteurs et sommes toujours ouverts aux suggestions visant \u00e0 rendre notre plateforme encore plus utile et compl\u00e8te.<\/p>\n\n\n\n<p>Suivez-nous pour rester inform\u00e9(e) des derni\u00e8res actualit\u00e9s du monde professionnel et profiter des meilleurs contenus sur l&#039;employabilit\u00e9 et le d\u00e9veloppement de carri\u00e8re. Merci de votre confiance envers Ahjobs.com.br\u00a0!<\/p>","protected":false},"excerpt":{"rendered":"<p>O Ahjobs \u00e9 uma plataforma dedicada ao universo profissional, criada com o objetivo de conectar voc\u00ea \u00e0s melhores oportunidades de emprego e desenvolvimento de carreira. Fundado com a miss\u00e3o de ajudar profissionais a alcan\u00e7ar seus objetivos, o Ahjobs oferece conte\u00fado informativo e atualizado sobre vagas de emprego, tend\u00eancias de mercado, dicas de carreira e desenvolvimento [&hellip;]<\/p>\n","protected":false},"author":1,"featured_media":0,"parent":0,"menu_order":0,"comment_status":"closed","ping_status":"closed","template":"","meta":{"footnotes":""},"class_list":["post-55","page","type-page","status-publish"],"_links":{"self":[{"href":"https:\/\/ahjobs.com.br\/fr\/wp-json\/wp\/v2\/pages\/55","targetHints":{"allow":["GET"]}}],"collection":[{"href":"https:\/\/ahjobs.com.br\/fr\/wp-json\/wp\/v2\/pages"}],"about":[{"href":"https:\/\/ahjobs.com.br\/fr\/wp-json\/wp\/v2\/types\/page"}],"author":[{"embeddable":true,"href":"https:\/\/ahjobs.com.br\/fr\/wp-json\/wp\/v2\/users\/1"}],"replies":[{"embeddable":true,"href":"https:\/\/ahjobs.com.br\/fr\/wp-json\/wp\/v2\/comments?post=55"}],"version-history":[{"count":1,"href":"https:\/\/ahjobs.com.br\/fr\/wp-json\/wp\/v2\/pages\/55\/revisions"}],"predecessor-version":[{"id":56,"href":"https:\/\/ahjobs.com.br\/fr\/wp-json\/wp\/v2\/pages\/55\/revisions\/56"}],"wp:attachment":[{"href":"https:\/\/ahjobs.com.br\/fr\/wp-json\/wp\/v2\/media?parent=55"}],"curies":[{"name":"wp","href":"https:\/\/api.w.org\/{rel}","templated":true}]}}