{"id":51,"date":"2026-02-20T16:41:35","date_gmt":"2026-02-20T16:41:35","guid":{"rendered":"https:\/\/ahjobs.com.br\/?page_id=51"},"modified":"2026-02-20T16:41:35","modified_gmt":"2026-02-20T16:41:35","slug":"termos-de-uso","status":"publish","type":"page","link":"https:\/\/ahjobs.com.br\/he\/\u05ea\u05e0\u05d0\u05d9-\u05e9\u05d9\u05de\u05d5\u05e9\/","title":{"rendered":"\u05ea\u05e0\u05d0\u05d9 \u05e9\u05d9\u05de\u05d5\u05e9"},"content":{"rendered":"<p>\u05d1\u05e2\u05ea \u05d2\u05d9\u05e9\u05d4 \u05dc\u05d0\u05ea\u05e8 \u05d4\u05d0\u05d9\u05e0\u05d8\u05e8\u05e0\u05d8\u00a0<a href=\"https:\/\/ahjobs.com.br\/he\/\">\u05d0\u05d4 \u05d2&#039;\u05d5\u05d1\u05e1<\/a>, \u05d1\u05d0\u05de\u05e6\u05e2\u05d5\u05ea \u05e9\u05d9\u05de\u05d5\u05e9 \u05d1\u05d0\u05ea\u05e8 \u05d6\u05d4, \u05d4\u05e0\u05da \u05de\u05e1\u05db\u05d9\u05dd \u05dc\u05d4\u05d9\u05d5\u05ea \u05de\u05d7\u05d5\u05d9\u05d1 \u05dc\u05ea\u05e0\u05d0\u05d9 \u05d4\u05e9\u05d9\u05e8\u05d5\u05ea \u05d4\u05dc\u05dc\u05d5, \u05dc\u05db\u05dc \u05d4\u05d7\u05d5\u05e7\u05d9\u05dd \u05d5\u05d4\u05ea\u05e7\u05e0\u05d5\u05ea \u05d4\u05e8\u05dc\u05d5\u05d5\u05e0\u05d8\u05d9\u05d9\u05dd, \u05d5\u05de\u05e1\u05db\u05d9\u05dd \u05db\u05d9 \u05d0\u05ea\u05d4 \u05d0\u05d7\u05e8\u05d0\u05d9 \u05e2\u05dc \u05e6\u05d9\u05d5\u05ea \u05dc\u05db\u05dc \u05d4\u05d7\u05d5\u05e7\u05d9\u05dd \u05d4\u05de\u05e7\u05d5\u05de\u05d9\u05d9\u05dd \u05d4\u05e8\u05dc\u05d5\u05d5\u05e0\u05d8\u05d9\u05d9\u05dd. \u05d0\u05dd \u05d0\u05d9\u05e0\u05da \u05de\u05e1\u05db\u05d9\u05dd \u05dc\u05d0\u05d7\u05d3 \u05de\u05ea\u05e0\u05d0\u05d9\u05dd \u05d0\u05dc\u05d4, \u05d0\u05d9\u05e0\u05da \u05e8\u05e9\u05d0\u05d9 \u05dc\u05d4\u05e9\u05ea\u05de\u05e9 \u05d1\u05d0\u05ea\u05e8 \u05d6\u05d4 \u05d0\u05d5 \u05dc\u05d2\u05e9\u05ea \u05d0\u05dc\u05d9\u05d5. \u05d4\u05d7\u05d5\u05de\u05e8\u05d9\u05dd \u05d4\u05db\u05dc\u05d5\u05dc\u05d9\u05dd \u05d1\u05d0\u05ea\u05e8 \u05d6\u05d4 \u05de\u05d5\u05d2\u05e0\u05d9\u05dd \u05e2\u05dc \u05d9\u05d3\u05d9 \u05d7\u05d5\u05e7\u05d9 \u05d6\u05db\u05d5\u05d9\u05d5\u05ea \u05d9\u05d5\u05e6\u05e8\u05d9\u05dd \u05d5\u05e1\u05d9\u05de\u05e0\u05d9 \u05de\u05e1\u05d7\u05e8 \u05e8\u05dc\u05d5\u05d5\u05e0\u05d8\u05d9\u05d9\u05dd.<\/p>\n\n\n\n<h2 class=\"wp-block-heading\">2. \u05e9\u05d9\u05de\u05d5\u05e9 \u05d1\u05e8\u05d9\u05e9\u05d9\u05d5\u05df<\/h2>\n\n\n\n<p>\u05e0\u05d9\u05ea\u05e0\u05ea \u05e8\u05e9\u05d5\u05ea \u05dc\u05d4\u05d5\u05e8\u05d9\u05d3 \u05d1\u05d0\u05d5\u05e4\u05df \u05d6\u05de\u05e0\u05d9 \u05e2\u05d5\u05ea\u05e7 \u05d0\u05d7\u05d3 \u05e9\u05dc \u05d4\u05d7\u05d5\u05de\u05e8\u05d9\u05dd (\u05de\u05d9\u05d3\u05e2 \u05d0\u05d5 \u05ea\u05d5\u05db\u05e0\u05d4) \u05d1\u05d0\u05ea\u05e8 \u05d4\u05d0\u05d9\u05e0\u05d8\u05e8\u05e0\u05d8 \u05e9\u05dc Ah Jobs \u05dc\u05e6\u05e4\u05d9\u05d9\u05d4 \u05d0\u05d9\u05e9\u05d9\u05ea, \u05dc\u05d0 \u05de\u05e1\u05d7\u05e8\u05d9\u05ea \u05d5\u05d6\u05de\u05e0\u05d9\u05ea \u05d1\u05dc\u05d1\u05d3. \u05d6\u05d5\u05d4\u05d9 \u05de\u05ea\u05df \u05e8\u05d9\u05e9\u05d9\u05d5\u05df, \u05dc\u05d0 \u05d4\u05e2\u05d1\u05e8\u05ea \u05d1\u05e2\u05dc\u05d5\u05ea, \u05d5\u05ea\u05d7\u05ea \u05e8\u05d9\u05e9\u05d9\u05d5\u05df \u05d6\u05d4 \u05d0\u05d9\u05e0\u05da \u05e8\u05e9\u05d0\u05d9:&nbsp;<\/p>\n\n\n\n<ol class=\"wp-block-list\">\n<li>\u05dc\u05e9\u05e0\u05d5\u05ea \u05d0\u05d5 \u05dc\u05d4\u05e2\u05ea\u05d9\u05e7 \u05d0\u05ea \u05d4\u05d7\u05d5\u05de\u05e8\u05d9\u05dd;\u00a0<\/li>\n\n\n\n<li>\u05dc\u05d4\u05e9\u05ea\u05de\u05e9 \u05d1\u05d7\u05d5\u05de\u05e8\u05d9\u05dd \u05dc\u05db\u05dc \u05de\u05d8\u05e8\u05d4 \u05de\u05e1\u05d7\u05e8\u05d9\u05ea \u05d0\u05d5 \u05dc\u05ea\u05e6\u05d5\u05d2\u05d4 \u05e4\u05d5\u05de\u05d1\u05d9\u05ea (\u05de\u05e1\u05d7\u05e8\u05d9\u05ea \u05d0\u05d5 \u05dc\u05d0 \u05de\u05e1\u05d7\u05e8\u05d9\u05ea);\u00a0<\/li>\n\n\n\n<li>\u05e0\u05d9\u05e1\u05d9\u05d5\u05df \u05dc\u05d1\u05e6\u05e2 \u05d3\u05d4-\u05e7\u05d5\u05de\u05e4\u05d9\u05dc\u05e6\u05d9\u05d4 \u05d0\u05d5 \u05d4\u05e0\u05d3\u05e1\u05d4 \u05dc\u05d0\u05d7\u05d5\u05e8 \u05e9\u05dc \u05db\u05dc \u05ea\u05d5\u05db\u05e0\u05d4 \u05d4\u05db\u05dc\u05d5\u05dc\u05d4 \u05d1\u05d0\u05ea\u05e8 \u05d4\u05d0\u05d9\u05e0\u05d8\u05e8\u05e0\u05d8 \u05e9\u05dc Ah Jobs;\u00a0<\/li>\n\n\n\n<li>\u05dc\u05d4\u05e1\u05d9\u05e8 \u05db\u05dc \u05d6\u05db\u05d5\u05d9\u05d5\u05ea \u05d9\u05d5\u05e6\u05e8\u05d9\u05dd \u05d0\u05d5 \u05d4\u05e2\u05e8\u05d5\u05ea \u05e7\u05e0\u05d9\u05d9\u05e0\u05d9\u05d5\u05ea \u05d0\u05d7\u05e8\u05d5\u05ea \u05de\u05d4\u05d7\u05d5\u05de\u05e8\u05d9\u05dd; \u05d0\u05d5\u00a0<\/li>\n\n\n\n<li>\u05dc\u05d4\u05e2\u05d1\u05d9\u05e8 \u05d0\u05ea \u05d4\u05d7\u05d5\u05de\u05e8\u05d9\u05dd \u05dc\u05d0\u05d3\u05dd \u05d0\u05d7\u05e8 \u05d0\u05d5 &#039;\u05dc\u05e9\u05e7\u05e3&#039; \u05d0\u05ea \u05d4\u05d7\u05d5\u05de\u05e8\u05d9\u05dd \u05d1\u05db\u05dc \u05e9\u05e8\u05ea \u05d0\u05d7\u05e8.<\/li>\n<\/ol>\n\n\n\n<p>\u05e8\u05d9\u05e9\u05d9\u05d5\u05df \u05d6\u05d4 \u05d9\u05e1\u05ea\u05d9\u05d9\u05dd \u05d0\u05d5\u05d8\u05d5\u05de\u05d8\u05d9\u05ea \u05d0\u05dd \u05ea\u05e4\u05e8 \u05d0\u05d7\u05ea \u05de\u05d4\u05d2\u05d1\u05dc\u05d5\u05ea \u05d0\u05dc\u05d4, \u05d5-Ah Jobs \u05e8\u05e9\u05d0\u05d9 \u05dc\u05e1\u05d9\u05d9\u05dd \u05d0\u05d5\u05ea\u05d5 \u05d1\u05db\u05dc \u05e2\u05ea. \u05e2\u05dd \u05e1\u05d9\u05d5\u05dd \u05d4\u05e6\u05e4\u05d9\u05d9\u05d4 \u05d1\u05d7\u05d5\u05de\u05e8\u05d9\u05dd \u05d0\u05dc\u05d4 \u05d0\u05d5 \u05e2\u05dd \u05e1\u05d9\u05d5\u05dd \u05e8\u05d9\u05e9\u05d9\u05d5\u05df \u05d6\u05d4, \u05e2\u05dc\u05d9\u05da \u05dc\u05d4\u05e9\u05de\u05d9\u05d3 \u05d0\u05ea \u05db\u05dc \u05d4\u05d7\u05d5\u05de\u05e8\u05d9\u05dd \u05e9\u05d4\u05d5\u05e8\u05d3\u05d5 \u05e9\u05d1\u05d9\u05d3\u05d9\u05da, \u05d1\u05d9\u05df \u05d0\u05dd \u05d1\u05e4\u05d5\u05e8\u05de\u05d8 \u05d0\u05dc\u05e7\u05d8\u05e8\u05d5\u05e0\u05d9 \u05d5\u05d1\u05d9\u05df \u05d0\u05dd \u05d1\u05e4\u05d5\u05e8\u05de\u05d8 \u05de\u05d5\u05d3\u05e4\u05e1.<\/p>\n\n\n\n<h2 class=\"wp-block-heading\">3. \u05d4\u05e6\u05d4\u05e8\u05ea \u05d0\u05d7\u05e8\u05d9\u05d5\u05ea<\/h2>\n\n\n\n<ol class=\"wp-block-list\">\n<li>\u05d4\u05d7\u05d5\u05de\u05e8\u05d9\u05dd \u05d1\u05d0\u05ea\u05e8 \u05d4\u05d0\u05d9\u05e0\u05d8\u05e8\u05e0\u05d8 \u05e9\u05dc Ah Jobs \u05de\u05e1\u05d5\u05e4\u05e7\u05d9\u05dd &quot;\u05db\u05e4\u05d9 \u05e9\u05d4\u05dd&quot;. Ah Jobs \u05d0\u05d9\u05e0\u05d4 \u05e0\u05d5\u05ea\u05e0\u05ea \u05d0\u05d7\u05e8\u05d9\u05d5\u05ea, \u05de\u05e4\u05d5\u05e8\u05e9\u05ea \u05d0\u05d5 \u05de\u05e9\u05ea\u05de\u05e2\u05ea, \u05d5\u05de\u05ea\u05e0\u05e2\u05e8\u05ea \u05d1\u05d6\u05d0\u05ea \u05de\u05db\u05dc \u05d0\u05d7\u05e8\u05d9\u05d5\u05ea \u05d0\u05d7\u05e8\u05ea, \u05dc\u05e8\u05d1\u05d5\u05ea, \u05d5\u05de\u05d1\u05dc\u05d9 \u05dc\u05d2\u05e8\u05d5\u05e2 \u05de\u05db\u05dc\u05dc\u05d9\u05d5\u05ea \u05d4\u05d0\u05de\u05d5\u05e8, \u05d0\u05d7\u05e8\u05d9\u05d5\u05ea \u05d0\u05d5 \u05ea\u05e0\u05d0\u05d9\u05dd \u05de\u05e9\u05ea\u05de\u05e2\u05d9\u05dd \u05dc\u05e1\u05d7\u05d9\u05e8\u05d5\u05ea, \u05d4\u05ea\u05d0\u05de\u05d4 \u05dc\u05de\u05d8\u05e8\u05d4 \u05de\u05e1\u05d5\u05d9\u05de\u05ea, \u05d0\u05d5 \u05d0\u05d9-\u05d4\u05e4\u05e8\u05d4 \u05e9\u05dc \u05e7\u05e0\u05d9\u05d9\u05df \u05e8\u05d5\u05d7\u05e0\u05d9 \u05d0\u05d5 \u05d4\u05e4\u05e8\u05d4 \u05d0\u05d7\u05e8\u05ea \u05e9\u05dc \u05d6\u05db\u05d5\u05d9\u05d5\u05ea.<\/li>\n\n\n\n<li>\u05d9\u05ea\u05e8 \u05e2\u05dc \u05db\u05df, Ah Jobs \u05d0\u05d9\u05e0\u05d4 \u05de\u05ea\u05d7\u05d9\u05d9\u05d1\u05ea \u05d0\u05d5 \u05e0\u05d5\u05ea\u05e0\u05ea \u05db\u05dc \u05de\u05e6\u05d2 \u05d1\u05e0\u05d5\u05d2\u05e2 \u05dc\u05d3\u05d9\u05d5\u05e7, \u05dc\u05ea\u05d5\u05e6\u05d0\u05d5\u05ea \u05d4\u05e6\u05e4\u05d5\u05d9\u05d5\u05ea \u05d0\u05d5 \u05dc\u05d0\u05de\u05d9\u05e0\u05d5\u05ea \u05d4\u05e9\u05d9\u05de\u05d5\u05e9 \u05d1\u05d7\u05d5\u05de\u05e8\u05d9\u05dd \u05d1\u05d0\u05ea\u05e8 \u05d4\u05d0\u05d9\u05e0\u05d8\u05e8\u05e0\u05d8 \u05e9\u05dc\u05d4 \u05d0\u05d5 \u05d1\u05db\u05dc \u05d3\u05e8\u05da \u05d0\u05d7\u05e8\u05ea \u05d4\u05e7\u05e9\u05d5\u05e8\u05d4 \u05dc\u05d7\u05d5\u05de\u05e8\u05d9\u05dd \u05db\u05d0\u05dc\u05d4 \u05d0\u05d5 \u05d1\u05db\u05dc \u05d0\u05ea\u05e8 \u05d4\u05de\u05e7\u05d5\u05e9\u05e8 \u05dc\u05d0\u05ea\u05e8 \u05d6\u05d4.<\/li>\n<\/ol>\n\n\n\n<h2 class=\"wp-block-heading\">4. \u05de\u05d2\u05d1\u05dc\u05d5\u05ea<\/h2>\n\n\n\n<p>\u05d1\u05e9\u05d5\u05dd \u05de\u05e7\u05e8\u05d4 \u05dc\u05d0 \u05d9\u05d4\u05d9\u05d5 Ah Jobs \u05d0\u05d5 \u05e1\u05e4\u05e7\u05d9\u05d4 \u05d0\u05d7\u05e8\u05d0\u05d9\u05dd \u05dc\u05db\u05dc \u05e0\u05d6\u05e7 (\u05dc\u05e8\u05d1\u05d5\u05ea, \u05d1\u05d9\u05df \u05d4\u05d9\u05ea\u05e8, \u05e0\u05d6\u05e7\u05d9\u05dd \u05d1\u05d2\u05d9\u05df \u05d0\u05d5\u05d1\u05d3\u05df \u05e0\u05ea\u05d5\u05e0\u05d9\u05dd \u05d0\u05d5 \u05e8\u05d5\u05d5\u05d7, \u05d0\u05d5 \u05e2\u05e7\u05d1 \u05d4\u05e4\u05e8\u05e2\u05d4 \u05e2\u05e1\u05e7\u05d9\u05ea) \u05d4\u05e0\u05d5\u05d1\u05e2\u05d9\u05dd \u05de\u05e9\u05d9\u05de\u05d5\u05e9 \u05d0\u05d5 \u05d7\u05d5\u05e1\u05e8 \u05d9\u05db\u05d5\u05dc\u05ea \u05dc\u05d4\u05e9\u05ea\u05de\u05e9 \u05d1\u05d7\u05d5\u05de\u05e8\u05d9\u05dd \u05d1\u05d0\u05ea\u05e8 Ah Jobs, \u05d2\u05dd \u05d0\u05dd Ah Jobs \u05d0\u05d5 \u05e0\u05e6\u05d9\u05d2 \u05de\u05d5\u05e8\u05e9\u05d4 \u05e9\u05dc Ah Jobs \u05e7\u05d9\u05d1\u05dc\u05d5 \u05d4\u05d5\u05d3\u05e2\u05d4 \u05d1\u05e2\u05dc \u05e4\u05d4 \u05d0\u05d5 \u05d1\u05db\u05ea\u05d1 \u05e2\u05dc \u05d4\u05d0\u05e4\u05e9\u05e8\u05d5\u05ea \u05e9\u05dc \u05e0\u05d6\u05e7\u05d9\u05dd \u05db\u05d0\u05dc\u05d4. \u05de\u05db\u05d9\u05d5\u05d5\u05df \u05e9\u05d7\u05dc\u05e7 \u05de\u05ea\u05d7\u05d5\u05de\u05d9 \u05d4\u05e9\u05d9\u05e4\u05d5\u05d8 \u05d0\u05d9\u05e0\u05dd \u05de\u05ea\u05d9\u05e8\u05d9\u05dd \u05d4\u05d2\u05d1\u05dc\u05d5\u05ea \u05e2\u05dc \u05d0\u05d7\u05e8\u05d9\u05d5\u05ea \u05de\u05e9\u05ea\u05de\u05e2\u05ea, \u05d0\u05d5 \u05d4\u05d2\u05d1\u05dc\u05d5\u05ea \u05e2\u05dc \u05d0\u05d7\u05e8\u05d9\u05d5\u05ea \u05d1\u05d2\u05d9\u05df \u05e0\u05d6\u05e7\u05d9\u05dd \u05ea\u05d5\u05e6\u05d0\u05ea\u05d9\u05d9\u05dd \u05d0\u05d5 \u05de\u05e7\u05e8\u05d9\u05d9\u05dd, \u05d9\u05d9\u05ea\u05db\u05df \u05e9\u05de\u05d2\u05d1\u05dc\u05d5\u05ea \u05d0\u05dc\u05d4 \u05dc\u05d0 \u05d9\u05d7\u05d5\u05dc\u05d5 \u05e2\u05dc\u05d9\u05da.<\/p>\n\n\n\n<h2 class=\"wp-block-heading\">5. \u05d3\u05d9\u05d5\u05e7 \u05d7\u05d5\u05de\u05e8\u05d9\u05dd<\/h2>\n\n\n\n<p>\u05d4\u05d7\u05d5\u05de\u05e8\u05d9\u05dd \u05d4\u05de\u05d5\u05e6\u05d2\u05d9\u05dd \u05d1\u05d0\u05ea\u05e8 \u05d4\u05d0\u05d9\u05e0\u05d8\u05e8\u05e0\u05d8 \u05e9\u05dc Ah Jobs \u05e2\u05e9\u05d5\u05d9\u05d9\u05dd \u05dc\u05db\u05dc\u05d5\u05dc \u05e9\u05d2\u05d9\u05d0\u05d5\u05ea \u05d8\u05db\u05e0\u05d9\u05d5\u05ea, \u05e9\u05d2\u05d9\u05d0\u05d5\u05ea \u05d3\u05e4\u05d5\u05e1 \u05d0\u05d5 \u05e9\u05d2\u05d9\u05d0\u05d5\u05ea \u05e6\u05d9\u05dc\u05d5\u05dd. Ah Jobs \u05d0\u05d9\u05e0\u05d4 \u05de\u05ea\u05d7\u05d9\u05d9\u05d1\u05ea \u05e9\u05db\u05dc \u05d7\u05d5\u05de\u05e8 \u05d1\u05d0\u05ea\u05e8 \u05d4\u05d0\u05d9\u05e0\u05d8\u05e8\u05e0\u05d8 \u05e9\u05dc\u05d4 \u05de\u05d3\u05d5\u05d9\u05e7, \u05e9\u05dc\u05dd \u05d0\u05d5 \u05e2\u05d3\u05db\u05e0\u05d9. Ah Jobs \u05e8\u05e9\u05d0\u05d9\u05ea \u05dc\u05d1\u05e6\u05e2 \u05e9\u05d9\u05e0\u05d5\u05d9\u05d9\u05dd \u05d1\u05d7\u05d5\u05de\u05e8\u05d9\u05dd \u05d4\u05db\u05dc\u05d5\u05dc\u05d9\u05dd \u05d1\u05d0\u05ea\u05e8 \u05d4\u05d0\u05d9\u05e0\u05d8\u05e8\u05e0\u05d8 \u05e9\u05dc\u05d4 \u05d1\u05db\u05dc \u05e2\u05ea \u05dc\u05dc\u05d0 \u05d4\u05d5\u05d3\u05e2\u05d4 \u05de\u05d5\u05e7\u05d3\u05de\u05ea. \u05e2\u05dd \u05d6\u05d0\u05ea, Ah Jobs \u05d0\u05d9\u05e0\u05d4 \u05de\u05ea\u05d7\u05d9\u05d9\u05d1\u05ea \u05dc\u05e2\u05d3\u05db\u05df \u05d0\u05ea \u05d4\u05d7\u05d5\u05de\u05e8\u05d9\u05dd.<\/p>\n\n\n\n<h2 class=\"wp-block-heading\">6. \u05e7\u05d9\u05e9\u05d5\u05e8\u05d9\u05dd<\/h2>\n\n\n\n<p>\u05d7\u05d1\u05e8\u05ea Ah Jobs \u05dc\u05d0 \u05d1\u05d3\u05e7\u05d4 \u05d0\u05ea \u05db\u05dc \u05d4\u05d0\u05ea\u05e8\u05d9\u05dd \u05d4\u05de\u05e7\u05d5\u05e9\u05e8\u05d9\u05dd \u05dc\u05d0\u05ea\u05e8 \u05e9\u05dc\u05d4 \u05d5\u05d0\u05d9\u05e0\u05d4 \u05d0\u05d7\u05e8\u05d0\u05d9\u05ea \u05dc\u05ea\u05d5\u05db\u05df \u05e9\u05dc \u05d0\u05e3 \u05d0\u05ea\u05e8 \u05de\u05e7\u05d5\u05e9\u05e8. \u05d4\u05db\u05dc\u05dc\u05ea \u05e7\u05d9\u05e9\u05d5\u05e8 \u05db\u05dc\u05e9\u05d4\u05d5 \u05d0\u05d9\u05e0\u05d4 \u05de\u05e8\u05de\u05d6\u05ea \u05e2\u05dc \u05d0\u05d9\u05e9\u05d5\u05e8 \u05d4\u05d0\u05ea\u05e8 \u05e2\u05dc \u05d9\u05d3\u05d9 Ah Jobs. \u05d4\u05e9\u05d9\u05de\u05d5\u05e9 \u05d1\u05db\u05dc \u05d0\u05ea\u05e8 \u05de\u05e7\u05d5\u05e9\u05e8 \u05d4\u05d5\u05d0 \u05e2\u05dc \u05d0\u05d7\u05e8\u05d9\u05d5\u05ea\u05d5 \u05d4\u05d1\u05dc\u05e2\u05d3\u05d9\u05ea \u05e9\u05dc \u05d4\u05de\u05e9\u05ea\u05de\u05e9.<\/p>\n\n\n\n<h3 class=\"wp-block-heading\">\u05e9\u05d9\u05e0\u05d5\u05d9\u05d9\u05dd<\/h3>\n\n\n\n<p>\u05d0\u05d4 \u05d2&#039;\u05d5\u05d1\u05e1 \u05e8\u05e9\u05d0\u05d9\u05ea \u05dc\u05e9\u05e0\u05d5\u05ea \u05d0\u05ea \u05ea\u05e0\u05d0\u05d9 \u05d4\u05e9\u05d9\u05e8\u05d5\u05ea \u05e9\u05dc \u05d0\u05ea\u05e8 \u05d6\u05d4 \u05d1\u05db\u05dc \u05e2\u05ea \u05dc\u05dc\u05d0 \u05d4\u05d5\u05d3\u05e2\u05d4 \u05de\u05d5\u05e7\u05d3\u05de\u05ea. \u05e2\u05dc \u05d9\u05d3\u05d9 \u05e9\u05d9\u05de\u05d5\u05e9 \u05d1\u05d0\u05ea\u05e8 \u05d6\u05d4, \u05d4\u05e0\u05da \u05de\u05e1\u05db\u05d9\u05dd \u05dc\u05d4\u05d9\u05d5\u05ea \u05de\u05d7\u05d5\u05d9\u05d1 \u05dc\u05d2\u05e8\u05e1\u05d4 \u05d4\u05e0\u05d5\u05db\u05d7\u05d9\u05ea \u05e9\u05dc \u05ea\u05e0\u05d0\u05d9 \u05d4\u05e9\u05d9\u05e8\u05d5\u05ea \u05d4\u05dc\u05dc\u05d5.<\/p>\n\n\n\n<h3 class=\"wp-block-heading\">\u05d4\u05d7\u05d5\u05e7 \u05d4\u05d7\u05dc<\/h3>\n\n\n\n<p>\u05ea\u05e0\u05d0\u05d9\u05dd \u05d5\u05d4\u05d2\u05d1\u05dc\u05d5\u05ea \u05d0\u05dc\u05d4 \u05db\u05e4\u05d5\u05e4\u05d9\u05dd \u05dc\u05d7\u05d5\u05e7\u05d9 Ah Jobs \u05d5\u05de\u05e4\u05d5\u05e8\u05e9\u05d9\u05dd \u05e2\u05dc \u05e4\u05d9\u05d4\u05dd, \u05d5\u05d0\u05ea\u05d4 \u05de\u05e1\u05db\u05d9\u05dd \u05d1\u05d0\u05d5\u05e4\u05df \u05d1\u05dc\u05ea\u05d9 \u05d4\u05e4\u05d9\u05da \u05dc\u05e1\u05de\u05db\u05d5\u05ea \u05d4\u05e9\u05d9\u05e4\u05d5\u05d8 \u05d4\u05d1\u05dc\u05e2\u05d3\u05d9\u05ea \u05e9\u05dc \u05d1\u05ea\u05d9 \u05d4\u05de\u05e9\u05e4\u05d8 \u05d1\u05d0\u05d5\u05ea\u05d4 \u05de\u05d3\u05d9\u05e0\u05d4 \u05d0\u05d5 \u05d0\u05d5\u05ea\u05d4 \u05d9\u05d9\u05e9\u05d5\u05d1.<\/p>","protected":false},"excerpt":{"rendered":"<p>Ao acessar ao site\u00a0Ah Jobs, concorda em cumprir estes termos de servi\u00e7o, todas as leis e regulamentos aplic\u00e1veis \u200b\u200be concorda que \u00e9 respons\u00e1vel pelo cumprimento de todas as leis locais aplic\u00e1veis. Se voc\u00ea n\u00e3o concordar com algum desses termos, est\u00e1 proibido de usar ou acessar este site. Os materiais contidos neste site s\u00e3o protegidos pelas [&hellip;]<\/p>\n","protected":false},"author":1,"featured_media":0,"parent":0,"menu_order":0,"comment_status":"closed","ping_status":"closed","template":"","meta":{"footnotes":""},"class_list":["post-51","page","type-page","status-publish"],"_links":{"self":[{"href":"https:\/\/ahjobs.com.br\/he\/wp-json\/wp\/v2\/pages\/51","targetHints":{"allow":["GET"]}}],"collection":[{"href":"https:\/\/ahjobs.com.br\/he\/wp-json\/wp\/v2\/pages"}],"about":[{"href":"https:\/\/ahjobs.com.br\/he\/wp-json\/wp\/v2\/types\/page"}],"author":[{"embeddable":true,"href":"https:\/\/ahjobs.com.br\/he\/wp-json\/wp\/v2\/users\/1"}],"replies":[{"embeddable":true,"href":"https:\/\/ahjobs.com.br\/he\/wp-json\/wp\/v2\/comments?post=51"}],"version-history":[{"count":1,"href":"https:\/\/ahjobs.com.br\/he\/wp-json\/wp\/v2\/pages\/51\/revisions"}],"predecessor-version":[{"id":52,"href":"https:\/\/ahjobs.com.br\/he\/wp-json\/wp\/v2\/pages\/51\/revisions\/52"}],"wp:attachment":[{"href":"https:\/\/ahjobs.com.br\/he\/wp-json\/wp\/v2\/media?parent=51"}],"curies":[{"name":"wp","href":"https:\/\/api.w.org\/{rel}","templated":true}]}}