{"id":55,"date":"2026-02-20T16:42:28","date_gmt":"2026-02-20T16:42:28","guid":{"rendered":"https:\/\/ahjobs.com.br\/?page_id=55"},"modified":"2026-02-20T16:42:29","modified_gmt":"2026-02-20T16:42:29","slug":"quem-somos","status":"publish","type":"page","link":"https:\/\/ahjobs.com.br\/he\/\u05de\u05d9-\u05d0\u05e0\u05d7\u05e0\u05d5\/","title":{"rendered":"\u05de\u05d9 \u05d0\u05e0\u05d7\u05e0\u05d5"},"content":{"rendered":"<p>Ahjobs \u05d4\u05d9\u05d0 \u05e4\u05dc\u05d8\u05e4\u05d5\u05e8\u05de\u05d4 \u05d4\u05de\u05d5\u05e7\u05d3\u05e9\u05ea \u05dc\u05e2\u05d5\u05dc\u05dd \u05d4\u05de\u05e7\u05e6\u05d5\u05e2\u05d9, \u05e9\u05e0\u05d5\u05e6\u05e8\u05d4 \u05d1\u05de\u05d8\u05e8\u05d4 \u05dc\u05d7\u05d1\u05e8 \u05d0\u05d5\u05ea\u05da \u05dc\u05d4\u05d6\u05d3\u05de\u05e0\u05d5\u05d9\u05d5\u05ea \u05d4\u05e2\u05d1\u05d5\u05d3\u05d4 \u05d4\u05d8\u05d5\u05d1\u05d5\u05ea \u05d1\u05d9\u05d5\u05ea\u05e8 \u05d5\u05e4\u05d9\u05ea\u05d5\u05d7 \u05e7\u05e8\u05d9\u05d9\u05e8\u05d4. Ahjobs, \u05e9\u05e0\u05d5\u05e1\u05d3\u05d4 \u05d1\u05de\u05d8\u05e8\u05d4 \u05dc\u05e2\u05d6\u05d5\u05e8 \u05dc\u05d0\u05e0\u05e9\u05d9 \u05de\u05e7\u05e6\u05d5\u05e2 \u05dc\u05d4\u05e9\u05d9\u05d2 \u05d0\u05ea \u05de\u05d8\u05e8\u05d5\u05ea\u05d9\u05d4\u05dd, \u05de\u05e6\u05d9\u05e2\u05d4 \u05ea\u05d5\u05db\u05df \u05d0\u05d9\u05e0\u05e4\u05d5\u05e8\u05de\u05d8\u05d9\u05d1\u05d9 \u05d5\u05e2\u05d3\u05db\u05e0\u05d9 \u05e2\u05dc \u05de\u05e9\u05e8\u05d5\u05ea \u05e4\u05e0\u05d5\u05d9\u05d5\u05ea, \u05de\u05d2\u05de\u05d5\u05ea \u05d1\u05e9\u05d5\u05e7, \u05d8\u05d9\u05e4\u05d9\u05dd \u05dc\u05e7\u05e8\u05d9\u05d9\u05e8\u05d4 \u05d5\u05e4\u05d9\u05ea\u05d5\u05d7 \u05d0\u05d9\u05e9\u05d9.<\/p>\n\n\n\n<p>\u05db\u05d0\u05df \u05d1-Ahjobs, \u05d0\u05e0\u05d5 \u05de\u05e4\u05e8\u05e1\u05de\u05d9\u05dd \u05de\u05d3\u05d9 \u05d9\u05d5\u05dd \u05de\u05d0\u05de\u05e8\u05d9\u05dd, \u05de\u05d3\u05e8\u05d9\u05db\u05d9\u05dd \u05d5\u05de\u05d3\u05e8\u05d9\u05db\u05d9\u05dd \u05e9\u05e0\u05d5\u05e6\u05e8\u05d5 \u05e2\u05dc \u05d9\u05d3\u05d9 \u05de\u05d5\u05de\u05d7\u05d9\u05dd \u05d1\u05ea\u05e2\u05e9\u05d9\u05d9\u05d4, \u05d4\u05de\u05db\u05e1\u05d9\u05dd \u05e0\u05d5\u05e9\u05d0\u05d9\u05dd \u05d4\u05d7\u05dc \u05de\u05d1\u05e0\u05d9\u05d9\u05ea \u05e7\u05d5\u05e8\u05d5\u05ea \u05d7\u05d9\u05d9\u05dd \u05d0\u05d8\u05e8\u05e7\u05d8\u05d9\u05d1\u05d9\u05d9\u05dd \u05d5\u05e2\u05d3 \u05e9\u05d9\u05d8\u05d5\u05ea \u05e2\u05d1\u05d5\u05d3\u05d4 \u05de\u05d5\u05de\u05dc\u05e6\u05d5\u05ea \u05dc\u05e8\u05d0\u05d9\u05d5\u05e0\u05d5\u05ea \u05e2\u05d1\u05d5\u05d3\u05d4. \u05d4\u05de\u05d9\u05e7\u05d5\u05d3 \u05e9\u05dc\u05e0\u05d5 \u05d4\u05d5\u05d0 \u05dc\u05e1\u05e4\u05e7 \u05dc\u05db\u05dd \u05d0\u05ea \u05d4\u05db\u05dc\u05d9\u05dd \u05d5\u05d4\u05d9\u05d3\u05e2 \u05d4\u05d3\u05e8\u05d5\u05e9\u05d9\u05dd \u05dc\u05db\u05dd \u05db\u05d3\u05d9 \u05dc\u05e0\u05d5\u05d5\u05d8 \u05d1\u05e9\u05d5\u05e7 \u05d4\u05e2\u05d1\u05d5\u05d3\u05d4 \u05d1\u05d1\u05d9\u05d8\u05d7\u05d5\u05df \u05d5\u05d1\u05d0\u05e1\u05d8\u05e8\u05d8\u05d2\u05d9\u05d4.<\/p>\n\n\n\n<p>Ahjobs.com.br \u05d4\u05d5\u05d0 \u05e1\u05d9\u05de\u05df \u05de\u05e1\u05d7\u05e8\u05d9 \u05e8\u05e9\u05d5\u05dd \u05e9\u05dc SpotAds.me, \u05d4\u05de\u05ea\u05d5\u05d7\u05d6\u05e7 \u05e2\u05dc \u05d9\u05d3\u05d9 \u05e6\u05d5\u05d5\u05ea \u05e9\u05dc \u05d0\u05e0\u05e9\u05d9 \u05de\u05e7\u05e6\u05d5\u05e2 \u05d1\u05e2\u05dc\u05d9 \u05ea\u05e9\u05d5\u05e7\u05d4 \u05dc\u05de\u05e9\u05d0\u05d1\u05d9 \u05d0\u05e0\u05d5\u05e9, \u05e4\u05d9\u05ea\u05d5\u05d7 \u05e7\u05e8\u05d9\u05d9\u05e8\u05d4 \u05d5\u05d4\u05e6\u05dc\u05d7\u05d4 \u05de\u05e7\u05e6\u05d5\u05e2\u05d9\u05ea. \u05d4\u05db\u05d5\u05ea\u05d1\u05d9\u05dd \u05d5\u05d4\u05de\u05d5\u05de\u05d7\u05d9\u05dd \u05e9\u05dc\u05e0\u05d5 \u05de\u05d7\u05d5\u05d9\u05d1\u05d9\u05dd \u05dc\u05e1\u05e4\u05e7 \u05ea\u05d5\u05db\u05df \u05d0\u05d9\u05db\u05d5\u05ea\u05d9, \u05de\u05d3\u05d5\u05d9\u05e7 \u05d5\u05e8\u05dc\u05d5\u05d5\u05e0\u05d8\u05d9 \u05dc\u05e7\u05d5\u05e8\u05d0\u05d9\u05e0\u05d5, \u05e9\u05db\u05df \u05d0\u05e0\u05d5 \u05de\u05d0\u05de\u05d9\u05e0\u05d9\u05dd \u05e9\u05d2\u05d9\u05e9\u05d4 \u05dc\u05de\u05d9\u05d3\u05e2 \u05d5\u05d4\u05d3\u05e8\u05db\u05d4 \u05d4\u05d5\u05dc\u05de\u05d9\u05dd \u05d4\u05d9\u05d0 \u05d4\u05e6\u05e2\u05d3 \u05d4\u05e8\u05d0\u05e9\u05d5\u05df \u05dc\u05d4\u05e6\u05dc\u05d7\u05d4 \u05de\u05e7\u05e6\u05d5\u05e2\u05d9\u05ea.<\/p>\n\n\n\n<p>\u05d0\u05e0\u05d5 \u05de\u05e2\u05d5\u05d3\u05d3\u05d9\u05dd \u05d2\u05dd \u05d0\u05d9\u05e0\u05d8\u05e8\u05d0\u05e7\u05e6\u05d9\u05d4 \u05d5\u05d7\u05d9\u05dc\u05d5\u05e4\u05d9 \u05d7\u05d5\u05d5\u05d9\u05d5\u05ea \u05d3\u05e8\u05da \u05d4\u05e8\u05e9\u05ea\u05d5\u05ea \u05d4\u05d7\u05d1\u05e8\u05ea\u05d9\u05d5\u05ea \u05d5\u05d4\u05e4\u05d5\u05e8\u05d5\u05de\u05d9\u05dd \u05e9\u05dc\u05e0\u05d5, \u05e9\u05dd \u05ea\u05d5\u05db\u05dc\u05d5 \u05dc\u05d4\u05ea\u05d7\u05d1\u05e8 \u05e2\u05dd \u05d0\u05e0\u05e9\u05d9 \u05de\u05e7\u05e6\u05d5\u05e2 \u05d0\u05d7\u05e8\u05d9\u05dd, \u05dc\u05e9\u05d0\u05d5\u05dc \u05e9\u05d0\u05dc\u05d5\u05ea \u05d5\u05dc\u05e9\u05ea\u05e3 \u05d0\u05ea \u05e1\u05d9\u05e4\u05d5\u05e8\u05d9\u05db\u05dd. \u05d0\u05e0\u05d5 \u05de\u05e2\u05e8\u05d9\u05db\u05d9\u05dd \u05de\u05e9\u05d5\u05d1 \u05de\u05e7\u05d5\u05e8\u05d0\u05d9\u05e0\u05d5 \u05d5\u05e4\u05ea\u05d5\u05d7\u05d9\u05dd \u05ea\u05de\u05d9\u05d3 \u05dc\u05d4\u05e6\u05e2\u05d5\u05ea \u05db\u05d3\u05d9 \u05dc\u05d4\u05e4\u05d5\u05da \u05d0\u05ea \u05d4\u05e4\u05dc\u05d8\u05e4\u05d5\u05e8\u05de\u05d4 \u05e9\u05dc\u05e0\u05d5 \u05dc\u05e9\u05d9\u05de\u05d5\u05e9\u05d9\u05ea \u05d5\u05de\u05e7\u05d9\u05e4\u05d4 \u05e2\u05d5\u05d3 \u05d9\u05d5\u05ea\u05e8.<\/p>\n\n\n\n<p>\u05e2\u05e7\u05d1\u05d5 \u05d0\u05d7\u05e8\u05d9\u05e0\u05d5 \u05db\u05d3\u05d9 \u05dc\u05d4\u05d9\u05e9\u05d0\u05e8 \u05de\u05e2\u05d5\u05d3\u05db\u05e0\u05d9\u05dd \u05d1\u05d7\u05d3\u05e9\u05d5\u05ea \u05d4\u05d0\u05d7\u05e8\u05d5\u05e0\u05d5\u05ea \u05de\u05d4\u05e2\u05d5\u05dc\u05dd \u05d4\u05de\u05e7\u05e6\u05d5\u05e2\u05d9 \u05d5\u05dc\u05d9\u05d4\u05e0\u05d5\u05ea \u05de\u05d4\u05ea\u05d5\u05db\u05df \u05d4\u05d8\u05d5\u05d1 \u05d1\u05d9\u05d5\u05ea\u05e8 \u05d1\u05e0\u05d5\u05e9\u05d0\u05d9 \u05ea\u05e2\u05e1\u05d5\u05e7\u05d4 \u05d5\u05e4\u05d9\u05ea\u05d5\u05d7 \u05e7\u05e8\u05d9\u05d9\u05e8\u05d4. \u05ea\u05d5\u05d3\u05d4 \u05e9\u05d0\u05ea\u05dd \u05d1\u05d5\u05d8\u05d7\u05d9\u05dd \u05d1-Ahjobs.com.br!<\/p>","protected":false},"excerpt":{"rendered":"<p>O Ahjobs \u00e9 uma plataforma dedicada ao universo profissional, criada com o objetivo de conectar voc\u00ea \u00e0s melhores oportunidades de emprego e desenvolvimento de carreira. Fundado com a miss\u00e3o de ajudar profissionais a alcan\u00e7ar seus objetivos, o Ahjobs oferece conte\u00fado informativo e atualizado sobre vagas de emprego, tend\u00eancias de mercado, dicas de carreira e desenvolvimento [&hellip;]<\/p>\n","protected":false},"author":1,"featured_media":0,"parent":0,"menu_order":0,"comment_status":"closed","ping_status":"closed","template":"","meta":{"footnotes":""},"class_list":["post-55","page","type-page","status-publish"],"_links":{"self":[{"href":"https:\/\/ahjobs.com.br\/he\/wp-json\/wp\/v2\/pages\/55","targetHints":{"allow":["GET"]}}],"collection":[{"href":"https:\/\/ahjobs.com.br\/he\/wp-json\/wp\/v2\/pages"}],"about":[{"href":"https:\/\/ahjobs.com.br\/he\/wp-json\/wp\/v2\/types\/page"}],"author":[{"embeddable":true,"href":"https:\/\/ahjobs.com.br\/he\/wp-json\/wp\/v2\/users\/1"}],"replies":[{"embeddable":true,"href":"https:\/\/ahjobs.com.br\/he\/wp-json\/wp\/v2\/comments?post=55"}],"version-history":[{"count":1,"href":"https:\/\/ahjobs.com.br\/he\/wp-json\/wp\/v2\/pages\/55\/revisions"}],"predecessor-version":[{"id":56,"href":"https:\/\/ahjobs.com.br\/he\/wp-json\/wp\/v2\/pages\/55\/revisions\/56"}],"wp:attachment":[{"href":"https:\/\/ahjobs.com.br\/he\/wp-json\/wp\/v2\/media?parent=55"}],"curies":[{"name":"wp","href":"https:\/\/api.w.org\/{rel}","templated":true}]}}