{"id":51,"date":"2026-02-20T16:41:35","date_gmt":"2026-02-20T16:41:35","guid":{"rendered":"https:\/\/ahjobs.com.br\/?page_id=51"},"modified":"2026-02-20T16:41:35","modified_gmt":"2026-02-20T16:41:35","slug":"termos-de-uso","status":"publish","type":"page","link":"https:\/\/ahjobs.com.br\/hr\/uvjeti-koristenja\/","title":{"rendered":"Uvjeti kori\u0161tenja"},"content":{"rendered":"<p>Prilikom pristupa web stranici\u00a0<a href=\"https:\/\/ahjobs.com.br\/hr\/\">Ah Jobs<\/a>, Kori\u0161tenjem ove stranice pristajete na ove uvjete pru\u017eanja usluge, sve primjenjive zakone i propise te pristajete da ste odgovorni za po\u0161tivanje svih primjenjivih lokalnih zakona. Ako se ne sla\u017eete s bilo kojim od ovih uvjeta, zabranjeno vam je kori\u0161tenje ili pristup ovoj stranici. Materijali sadr\u017eani na ovoj web stranici za\u0161ti\u0107eni su primjenjivim zakonima o autorskim pravima i za\u0161titnim znakovima.<\/p>\n\n\n\n<h2 class=\"wp-block-heading\">2. Kori\u0161tenje licence<\/h2>\n\n\n\n<p>Dozvoljeno je privremeno preuzimanje jedne kopije materijala (informacija ili softvera) s web stranice Ah Jobs isklju\u010divo za osobno, nekomercijalno i privremeno pregledavanje. Ovo je dodjela licence, a ne prijenos vlasni\u0161tva, i pod ovom licencom ne smijete:&nbsp;<\/p>\n\n\n\n<ol class=\"wp-block-list\">\n<li>mijenjati ili kopirati materijale;\u00a0<\/li>\n\n\n\n<li>Koristiti materijale u bilo koju komercijalnu svrhu ili za javno prikazivanje (komercijalno ili nekomercijalno);\u00a0<\/li>\n\n\n\n<li>Poku\u0161aj dekompilacije ili obrnutog in\u017eenjeringa bilo kojeg softvera koji se nalazi na web stranici Ah Jobs;\u00a0<\/li>\n\n\n\n<li>ukloniti sve oznake autorskih prava ili drugih vlasni\u010dkih prava iz materijala; ili\u00a0<\/li>\n\n\n\n<li>Prenesite materijale drugoj osobi ili ih &#039;zrcalite&#039; na bilo kojem drugom poslu\u017eitelju.<\/li>\n<\/ol>\n\n\n\n<p>Ova licenca automatski \u0107e prestati ako prekr\u0161ite bilo koje od ovih ograni\u010denja i Ah Jobs je mo\u017ee raskinuti u bilo kojem trenutku. Nakon prestanka pregledavanja ovih materijala ili nakon raskida ove licence, morate uni\u0161titi sve preuzete materijale koje posjedujete, bilo u elektroni\u010dkom ili tiskanom obliku.<\/p>\n\n\n\n<h2 class=\"wp-block-heading\">3. Odricanje od odgovornosti<\/h2>\n\n\n\n<ol class=\"wp-block-list\">\n<li>Materijali na web stranici Ah Jobs pru\u017eaju se &quot;kakvi jesu&quot;. Ah Jobs ne daje nikakva jamstva, izri\u010dita ili implicitna, te se ovime odri\u010de i negira sva druga jamstva, uklju\u010duju\u0107i, bez ograni\u010denja, implicitna jamstva ili uvjete prodajnosti, prikladnosti za odre\u0111enu svrhu ili nekr\u0161enja intelektualnog vlasni\u0161tva ili drugog kr\u0161enja prava.<\/li>\n\n\n\n<li>Nadalje, Ah Jobs ne jam\u010di niti daje ikakve izjave u vezi s to\u010dno\u0161\u0107u, vjerojatnim rezultatima ili pouzdano\u0161\u0107u kori\u0161tenja materijala na svojoj web stranici ili na drugi na\u010din koji se odnose na takve materijale ili na bilo kojim stranicama povezanim s ovom stranicom.<\/li>\n<\/ol>\n\n\n\n<h2 class=\"wp-block-heading\">4. Ograni\u010denja<\/h2>\n\n\n\n<p>Ni u kojem slu\u010daju Ah Jobs ili njegovi dobavlja\u010di ne\u0107e biti odgovorni za bilo kakvu \u0161tetu (uklju\u010duju\u0107i, bez ograni\u010denja, \u0161tetu zbog gubitka podataka ili dobiti ili zbog prekida poslovanja) koja proizlazi iz kori\u0161tenja ili nemogu\u0107nosti kori\u0161tenja materijala na Ah Jobsu, \u010dak i ako je Ah Jobs ili ovla\u0161teni predstavnik Ah Jobsa usmeno ili pismeno obavije\u0161ten o mogu\u0107nosti takve \u0161tete. Budu\u0107i da neke jurisdikcije ne dopu\u0161taju ograni\u010denja implicitnih jamstava ili ograni\u010denja odgovornosti za posljedi\u010dnu ili slu\u010dajnu \u0161tetu, ta se ograni\u010denja mo\u017eda ne\u0107e odnositi na vas.<\/p>\n\n\n\n<h2 class=\"wp-block-heading\">5. Preciznost materijala<\/h2>\n\n\n\n<p>Materijali prikazani na web stranici Ah Jobs mogu sadr\u017eavati tehni\u010dke, tipografske ili fotografske pogre\u0161ke. Ah Jobs ne jam\u010di da je bilo koji materijal na svojoj web stranici to\u010dan, potpun ili a\u017euran. Ah Jobs mo\u017ee u bilo kojem trenutku bez prethodne najave izvr\u0161iti promjene u materijalima sadr\u017eanim na svojoj web stranici. Me\u0111utim, Ah Jobs se ne obvezuje a\u017eurirati materijale.<\/p>\n\n\n\n<h2 class=\"wp-block-heading\">6. Linkovi<\/h2>\n\n\n\n<p>Ah Jobs nije pregledao sve stranice povezane s njegovom web stranicom i nije odgovoran za sadr\u017eaj bilo koje povezane stranice. Uklju\u010divanje bilo koje poveznice ne podrazumijeva odobravanje stranice od strane Ah Jobsa. Kori\u0161tenje bilo koje povezane web stranice je na vlastitu odgovornost korisnika.<\/p>\n\n\n\n<h3 class=\"wp-block-heading\">Izmjene<\/h3>\n\n\n\n<p>Ah Jobs mo\u017ee izmijeniti ove uvjete kori\u0161tenja web stranice u bilo kojem trenutku bez prethodne najave. Kori\u0161tenjem ove web stranice pristajete na trenutnu verziju ovih uvjeta kori\u0161tenja.<\/p>\n\n\n\n<h3 class=\"wp-block-heading\">Primjenjivo pravo<\/h3>\n\n\n\n<p>Ovi uvjeti i odredbe ure\u0111eni su i tuma\u010de se u skladu sa zakonima tvrtke Ah Jobs, te se neopozivo podvrgavate isklju\u010divoj nadle\u017enosti sudova u toj dr\u017eavi ili mjestu.<\/p>","protected":false},"excerpt":{"rendered":"<p>Ao acessar ao site\u00a0Ah Jobs, concorda em cumprir estes termos de servi\u00e7o, todas as leis e regulamentos aplic\u00e1veis \u200b\u200be concorda que \u00e9 respons\u00e1vel pelo cumprimento de todas as leis locais aplic\u00e1veis. Se voc\u00ea n\u00e3o concordar com algum desses termos, est\u00e1 proibido de usar ou acessar este site. Os materiais contidos neste site s\u00e3o protegidos pelas [&hellip;]<\/p>\n","protected":false},"author":1,"featured_media":0,"parent":0,"menu_order":0,"comment_status":"closed","ping_status":"closed","template":"","meta":{"footnotes":""},"class_list":["post-51","page","type-page","status-publish"],"_links":{"self":[{"href":"https:\/\/ahjobs.com.br\/hr\/wp-json\/wp\/v2\/pages\/51","targetHints":{"allow":["GET"]}}],"collection":[{"href":"https:\/\/ahjobs.com.br\/hr\/wp-json\/wp\/v2\/pages"}],"about":[{"href":"https:\/\/ahjobs.com.br\/hr\/wp-json\/wp\/v2\/types\/page"}],"author":[{"embeddable":true,"href":"https:\/\/ahjobs.com.br\/hr\/wp-json\/wp\/v2\/users\/1"}],"replies":[{"embeddable":true,"href":"https:\/\/ahjobs.com.br\/hr\/wp-json\/wp\/v2\/comments?post=51"}],"version-history":[{"count":1,"href":"https:\/\/ahjobs.com.br\/hr\/wp-json\/wp\/v2\/pages\/51\/revisions"}],"predecessor-version":[{"id":52,"href":"https:\/\/ahjobs.com.br\/hr\/wp-json\/wp\/v2\/pages\/51\/revisions\/52"}],"wp:attachment":[{"href":"https:\/\/ahjobs.com.br\/hr\/wp-json\/wp\/v2\/media?parent=51"}],"curies":[{"name":"radni list","href":"https:\/\/api.w.org\/{rel}","templated":true}]}}