{"id":53,"date":"2026-02-20T16:42:09","date_gmt":"2026-02-20T16:42:09","guid":{"rendered":"https:\/\/ahjobs.com.br\/?page_id=53"},"modified":"2026-02-20T16:42:10","modified_gmt":"2026-02-20T16:42:10","slug":"politica-de-privacidade","status":"publish","type":"page","link":"https:\/\/ahjobs.com.br\/hr\/pravila-o-privatnosti\/","title":{"rendered":"Pravila o privatnosti"},"content":{"rendered":"<p>Va\u0161a privatnost nam je va\u017ena. Politika tvrtke Ah Jobs je po\u0161tivati va\u0161u privatnost u vezi sa svim informacijama koje mo\u017eemo prikupiti od vas na web stranici.\u00a0<a href=\"https:\/\/ahjobs.com.br\/hr\/\" data-type=\"link\" data-id=\"https:\/\/ahjobs.com.br\/\">Ah Jobs<\/a>, i druge web stranice koje posjedujemo i kojima upravljamo.<\/p>\n\n\n\n<p>Osobne podatke tra\u017eimo samo kada su nam zaista potrebni kako bismo vam pru\u017eili uslugu. To \u010dinimo po\u0161teno i zakonito, uz va\u0161e znanje i pristanak. Tako\u0111er vas obavje\u0161tavamo za\u0161to ih prikupljamo i kako \u0107e se koristiti.<\/p>\n\n\n\n<p>Prikupljene podatke \u010duvamo samo onoliko dugo koliko je potrebno za pru\u017eanje tra\u017eene usluge. Kada pohranjujemo podatke, \u0161titimo ih komercijalno prihvatljivim sredstvima kako bismo sprije\u010dili gubitak i kra\u0111u, kao i neovla\u0161teni pristup, otkrivanje, kopiranje, kori\u0161tenje ili izmjenu.<\/p>\n\n\n\n<p>Ne dijelimo osobne podatke javno ili s tre\u0107im stranama, osim kada je to zakonom propisano.<\/p>\n\n\n\n<p>Na\u0161a web stranica mo\u017ee sadr\u017eavati poveznice na vanjske stranice kojima ne upravljamo mi. Imajte na umu da nemamo kontrolu nad sadr\u017eajem i praksama tih stranica i ne mo\u017eemo preuzeti odgovornost za njihove odgovaraju\u0107e politike.\u00a0<a href=\"https:\/\/politicaprivacidade.com\/\">pravila o privatnosti<\/a>.<\/p>\n\n\n\n<p>Slobodni ste odbiti na\u0161 zahtjev za osobnim podacima, uz razumijevanje da vam mo\u017eda ne\u0107emo mo\u0107i pru\u017eiti neke od usluga koje \u017eelite.<\/p>\n\n\n\n<p>Daljnje kori\u0161tenje na\u0161e web stranice smatrat \u0107e se prihva\u0107anjem na\u0161ih praksi u vezi s privatno\u0161\u0107u i osobnim podacima. Ako imate bilo kakvih pitanja o tome kako postupamo s korisni\u010dkim podacima i osobnim podacima, kontaktirajte nas.<\/p>\n\n\n\n<h2 class=\"wp-block-heading\">Pravila o kola\u010di\u0107ima tvrtke Ah Jobs<\/h2>\n\n\n\n<h3 class=\"wp-block-heading\">\u0160to su kola\u010di\u0107i?<\/h3>\n\n\n\n<p>Kao \u0161to je uobi\u010dajena praksa na gotovo svim profesionalnim web stranicama, ova stranica koristi kola\u010di\u0107e, male datoteke koje se preuzimaju na va\u0161e ra\u010dunalo, kako bi pobolj\u0161ala va\u0161e iskustvo. Ova stranica opisuje koje informacije prikupljaju, kako ih koristimo i za\u0161to ponekad trebamo pohraniti te kola\u010di\u0107e. Tako\u0111er \u0107emo podijeliti kako mo\u017eete sprije\u010diti pohranjivanje ovih kola\u010di\u0107a, no to mo\u017ee smanjiti kvalitetu ili &#039;pokvariti&#039; odre\u0111ene elemente funkcionalnosti stranice.<\/p>\n\n\n\n<h3 class=\"wp-block-heading\">Kako koristimo kola\u010di\u0107e?<\/h3>\n\n\n\n<p>Kola\u010di\u0107e koristimo iz razli\u010ditih razloga, detaljno opisanih u nastavku. Na\u017ealost, u ve\u0107ini slu\u010dajeva ne postoje standardne opcije u industriji za onemogu\u0107avanje kola\u010di\u0107a bez potpunog onemogu\u0107avanja funkcionalnosti i zna\u010dajki koje dodaju ovoj stranici. Preporu\u010duje se da ostavite sve kola\u010di\u0107e omogu\u0107ene ako niste sigurni trebaju li vam ili ne, u slu\u010daju da se koriste za pru\u017eanje usluge koju koristite.<\/p>\n\n\n\n<h3 class=\"wp-block-heading\">Onemogu\u0107i kola\u010di\u0107e<\/h3>\n\n\n\n<p>Postavljanje kola\u010di\u0107a mo\u017eete sprije\u010diti pode\u0161avanjem postavki u svom pregledniku (pogledajte Pomo\u0107 preglednika za upute). Imajte na umu da \u0107e onemogu\u0107avanje kola\u010di\u0107a utjecati na funkcionalnost ove i mnogih drugih web-mjesta koja posje\u0107ujete. Onemogu\u0107avanje kola\u010di\u0107a obi\u010dno \u0107e rezultirati i onemogu\u0107avanjem odre\u0111enih funkcionalnosti i zna\u010dajki ove stranice. Stoga se preporu\u010duje da ne onemogu\u0107ujete kola\u010di\u0107e.<\/p>\n\n\n\n<h3 class=\"wp-block-heading\">Kola\u010di\u0107i koje postavljamo<\/h3>\n\n\n\n<ul class=\"wp-block-list\">\n<li>Kola\u010di\u0107i povezani s ra\u010dunom: Ako kreirate ra\u010dun kod nas, koristit \u0107emo kola\u010di\u0107e za upravljanje postupkom registracije i op\u0107om administracijom. Ovi kola\u010di\u0107i \u0107e se op\u0107enito izbrisati kada se odjavite iz sustava, no u nekim slu\u010dajevima mogu ostati i nakon toga kako bi zapamtili va\u0161e postavke web-mjesta kada ga napustite.<\/li>\n\n\n\n<li>Kola\u010di\u0107i povezani s prijavom: Kola\u010di\u0107e koristimo kada ste prijavljeni kako bismo zapamtili tu radnju. To vam sprje\u010dava da se morate prijavljivati svaki put kada posjetite novu stranicu. Ovi kola\u010di\u0107i se obi\u010dno uklanjaju ili bri\u0161u kada se odjavite kako biste mogli pristupiti ograni\u010denim resursima i podru\u010djima samo kada ste prijavljeni.<\/li>\n\n\n\n<li>Kola\u010di\u0107i povezani s e-mail biltenima: Ova web stranica nudi usluge pretplate na bilten ili e-po\u0161tu, a kola\u010di\u0107i se mogu koristiti za pam\u0107enje jeste li ve\u0107 registrirani i \u017eelite li prikazivati \u200b\u200bodre\u0111ene obavijesti koje vrijede samo za pretpla\u0107ene\/nepretpla\u0107ene korisnike.<\/li>\n\n\n\n<li>Kola\u010di\u0107i povezani s obradom narud\u017ebi: Ova stranica nudi mogu\u0107nosti e-trgovine ili pla\u0107anja, a neki kola\u010di\u0107i su neophodni kako bismo osigurali da se va\u0161a narud\u017eba zapamti izme\u0111u stranica kako bismo je mogli pravilno obraditi.<\/li>\n\n\n\n<li>Kola\u010di\u0107i povezani s anketama: Povremeno nudimo ankete i upitnike kako bismo pru\u017eili zanimljive informacije, korisne alate ili kako bismo preciznije razumjeli na\u0161u korisni\u010dku bazu. Ove ankete mogu koristiti kola\u010di\u0107e kako bi zapamtile tko je ve\u0107 sudjelovao u anketi ili kako bi pru\u017eile to\u010dne rezultate nakon promjena stranice.<\/li>\n\n\n\n<li>Kola\u010di\u0107i povezani s obrascima: Kada \u0161aljete podatke putem obrasca, poput onih koji se nalaze na stranicama za kontakt ili obrascima za komentare, kola\u010di\u0107i se mogu postaviti tako da pamte va\u0161e korisni\u010dke podatke za budu\u0107u korespondenciju.<\/li>\n\n\n\n<li>Kola\u010di\u0107i postavki web-mjesta: Kako bismo vam pru\u017eili izvrsno iskustvo na ovom web-mjestu, nudimo funkcionalnost za postavljanje va\u0161ih postavki o tome kako se ovo web-mjesto pona\u0161a kada ga koristite. Kako bismo zapamtili va\u0161e postavke, moramo postaviti kola\u010di\u0107e kako bismo te informacije mogli prizvati svaki put kada komunicirate sa stranicom na koju utje\u010du va\u0161e postavke.<\/li>\n<\/ul>\n\n\n\n<h3 class=\"wp-block-heading\">Kola\u010di\u0107i tre\u0107ih strana<\/h3>\n\n\n\n<p>U nekim posebnim slu\u010dajevima koristimo i kola\u010di\u0107e koje pru\u017eaju pouzdane tre\u0107e strane. U sljede\u0107em odjeljku detaljno je opisano s kojim se kola\u010di\u0107ima tre\u0107ih strana mo\u017eete susresti putem ove web stranice.<\/p>\n\n\n\n<ul class=\"wp-block-list\">\n<li>Ova web stranica koristi Google Analytics, jedno od najra\u0161irenijih i najpouzdanijih analiti\u010dkih rje\u0161enja na webu, kako bismo razumjeli kako koristite stranicu i kako mo\u017eemo pobolj\u0161ati va\u0161e iskustvo. Ovi kola\u010di\u0107i mogu pratiti stvari poput vremena koje provodite na stranici i stranica koje posje\u0107ujete kako bismo mogli nastaviti stvarati zanimljiv sadr\u017eaj.<\/li>\n<\/ul>\n\n\n\n<p>Za vi\u0161e informacija o kola\u010di\u0107ima usluge Google Analytics posjetite slu\u017ebenu stranicu usluge Google Analytics.<\/p>\n\n\n\n<ul class=\"wp-block-list\">\n<li>Analitika tre\u0107ih strana koristi se za pra\u0107enje i mjerenje kori\u0161tenja ove stranice kako bismo mogli nastaviti proizvoditi zanimljiv sadr\u017eaj. Ovi kola\u010di\u0107i mogu pratiti stvari poput toga koliko dugo provodite na stranici ili stranicama koje posje\u0107ujete, \u0161to nam poma\u017ee da shvatimo kako mo\u017eemo pobolj\u0161ati stranicu za vas.<\/li>\n\n\n\n<li>Povremeno testiramo nove zna\u010dajke i unosimo suptilne promjene u na\u010din na koji se stranica predstavlja. Dok jo\u0161 uvijek testiramo nove zna\u010dajke, ovi kola\u010di\u0107i mogu se koristiti kako bismo osigurali dosljedno iskustvo na stranici, a istovremeno razumijemo koje optimizacije na\u0161i korisnici najvi\u0161e cijene.<\/li>\n\n\n\n<li>Dok prodajemo proizvode, va\u017eno nam je razumjeti statistiku o tome koliko posjetitelja na\u0161e web stranice zapravo obavi kupnju, a to je vrsta podataka koju \u0107e ovi kola\u010di\u0107i pratiti. To je va\u017eno za vas jer zna\u010di da mo\u017eemo donositi to\u010dna poslovna predvi\u0111anja koja nam omogu\u0107uju analizu tro\u0161kova ogla\u0161avanja i proizvoda kako bismo osigurali najbolju mogu\u0107u cijenu.<\/li>\n\n\n\n<li>Usluga Google AdSense koju koristimo za prikazivanje oglasa koristi DoubleClick kola\u010di\u0107 kako bi vam prikazivala relevantnije oglase na webu i ograni\u010dila broj prikazivanja odre\u0111enog oglasa.<br>Za vi\u0161e informacija o Google AdSenseu, pogledajte slu\u017ebena \u010desto postavljana pitanja o privatnosti za Google AdSense.<\/li>\n\n\n\n<li>Ogla\u0161avanje koristimo kako bismo pokrili tro\u0161kove odr\u017eavanja ove stranice i osigurali financiranje za budu\u0107i razvoj. Kola\u010di\u0107i za bihevioralno ogla\u0161avanje koje koristi ova stranica osmi\u0161ljeni su kako bi vam se osigurali najrelevantniji oglasi kad god je to mogu\u0107e anonimnim pra\u0107enjem va\u0161ih interesa i predstavljanjem sli\u010dnih stvari koje bi vas mogle zanimati.<\/li>\n\n\n\n<li>Nekoliko partnera ogla\u0161ava se u na\u0161e ime, a kola\u010di\u0107i za pra\u0107enje pridru\u017eenih partnera jednostavno nam omogu\u0107uju da vidimo jesu li na\u0161i kupci pristupili stranici putem jedne od partnerskih stranica, kako bismo ih mogli na odgovaraju\u0107i na\u010din zaslugati i, gdje je to primjenjivo, omogu\u0107iti na\u0161im pridru\u017eenim partnerima da ponude sve promocije koje mogu pru\u017eiti kako bi vas potaknuli na kupnju.<\/li>\n<\/ul>\n\n\n\n<h3 class=\"wp-block-heading\">Obveza korisnika<\/h3>\n\n\n\n<p>Korisnik se sla\u017ee da \u0107e na odgovaraju\u0107i na\u010din koristiti sadr\u017eaj i informacije koje Ah Jobs nudi na web stranici, uklju\u010duju\u0107i, ali ne ograni\u010davaju\u0107i se na:<\/p>\n\n\n\n<ul class=\"wp-block-list\">\n<li>A) Ne baviti se aktivnostima koje su nezakonite ili suprotne dobroj vjeri i javnom redu;<\/li>\n\n\n\n<li>B) Ne \u0161iriti propagandu ili sadr\u017eaj rasisti\u010dke, ksenofobne prirode,\u00a0<a href=\"https:\/\/web.archive.org\/web\/20251207014554\/https:\/\/ondeapostar.pt\/onde-da-a-bola\/\">Kamo ide lopta?<\/a>\u00a0ili lo\u0161a sre\u0107a, bilo koja vrsta ilegalne pornografije, poticanje na terorizam ili sadr\u017eaj koji kr\u0161i ljudska prava;<\/li>\n\n\n\n<li>C) Ne o\u0161tetiti fizi\u010dke (hardverske) i logi\u010dke (softverske) sustave Ah Jobsa, njegovih dobavlja\u010da ili tre\u0107ih strana uno\u0161enjem ili \u0161irenjem ra\u010dunalnih virusa ili bilo kojeg drugog hardverskog ili softverskog sustava koji mo\u017ee uzrokovati gore navedenu \u0161tetu.<\/li>\n<\/ul>\n\n\n\n<h3 class=\"wp-block-heading\">Vi\u0161e informacija<\/h3>\n\n\n\n<p>Nadamo se da je ovo jasno i, kao \u0161to je ve\u0107 spomenuto, ako postoji ne\u0161to oko \u010dega niste sigurni trebate li kola\u010di\u0107e ili ne, op\u0107enito je sigurnije ostaviti ih omogu\u0107enima u slu\u010daju da koristite neku od zna\u010dajki koje koristite na na\u0161oj web stranici.<\/p>\n\n\n\n<p>Ova politika stupa na snagu od&nbsp;<strong>o\u017eujak<\/strong>\/<strong>2021<\/strong>.<\/p>","protected":false},"excerpt":{"rendered":"<p>A sua privacidade \u00e9 importante para n\u00f3s. \u00c9 pol\u00edtica do Ah Jobs respeitar a sua privacidade em rela\u00e7\u00e3o a qualquer informa\u00e7\u00e3o sua que possamos coletar no site\u00a0Ah Jobs, e outros sites que possu\u00edmos e operamos. Solicitamos informa\u00e7\u00f5es pessoais apenas quando realmente precisamos delas para lhe fornecer um servi\u00e7o. Fazemo-lo por meios justos e legais, com [&hellip;]<\/p>\n","protected":false},"author":1,"featured_media":0,"parent":0,"menu_order":0,"comment_status":"closed","ping_status":"closed","template":"","meta":{"footnotes":""},"class_list":["post-53","page","type-page","status-publish"],"_links":{"self":[{"href":"https:\/\/ahjobs.com.br\/hr\/wp-json\/wp\/v2\/pages\/53","targetHints":{"allow":["GET"]}}],"collection":[{"href":"https:\/\/ahjobs.com.br\/hr\/wp-json\/wp\/v2\/pages"}],"about":[{"href":"https:\/\/ahjobs.com.br\/hr\/wp-json\/wp\/v2\/types\/page"}],"author":[{"embeddable":true,"href":"https:\/\/ahjobs.com.br\/hr\/wp-json\/wp\/v2\/users\/1"}],"replies":[{"embeddable":true,"href":"https:\/\/ahjobs.com.br\/hr\/wp-json\/wp\/v2\/comments?post=53"}],"version-history":[{"count":1,"href":"https:\/\/ahjobs.com.br\/hr\/wp-json\/wp\/v2\/pages\/53\/revisions"}],"predecessor-version":[{"id":54,"href":"https:\/\/ahjobs.com.br\/hr\/wp-json\/wp\/v2\/pages\/53\/revisions\/54"}],"wp:attachment":[{"href":"https:\/\/ahjobs.com.br\/hr\/wp-json\/wp\/v2\/media?parent=53"}],"curies":[{"name":"radni list","href":"https:\/\/api.w.org\/{rel}","templated":true}]}}