{"id":55,"date":"2026-02-20T16:42:28","date_gmt":"2026-02-20T16:42:28","guid":{"rendered":"https:\/\/ahjobs.com.br\/?page_id=55"},"modified":"2026-02-20T16:42:29","modified_gmt":"2026-02-20T16:42:29","slug":"quem-somos","status":"publish","type":"page","link":"https:\/\/ahjobs.com.br\/hr\/tko-smo-mi\/","title":{"rendered":"Tko smo mi"},"content":{"rendered":"<p>Ahjobs je platforma posve\u0107ena profesionalnom svijetu, stvorena s ciljem povezivanja s najboljim mogu\u0107nostima za posao i razvoj karijere. Osnovana s misijom pomaganja profesionalcima u postizanju njihovih ciljeva, Ahjobs nudi informativan i a\u017euriran sadr\u017eaj o otvorenim radnim mjestima, trendovima na tr\u017ei\u0161tu, savjetima za karijeru i osobnom razvoju.<\/p>\n\n\n\n<p>Ovdje na Ahjobsu svakodnevno objavljujemo \u010dlanke, vodi\u010de i tutorijale koje su kreirali stru\u010dnjaci iz industrije, a koji pokrivaju teme od izrade atraktivnog \u017eivotopisa do najboljih praksi za razgovore za posao. Na\u0161 je fokus pru\u017eiti vam alate i znanje potrebne za snala\u017eenje na tr\u017ei\u0161tu rada s povjerenjem i strategijom.<\/p>\n\n\n\n<p>Ahjobs.com.br je registrirani za\u0161titni znak tvrtke SpotAds.me, kojim upravlja tim profesionalaca strastvenih prema ljudskim resursima, razvoju karijere i profesionalnom uspjehu. Na\u0161i pisci i stru\u010dnjaci predani su pru\u017eanju visokokvalitetnog, to\u010dnog i relevantnog sadr\u017eaja na\u0161im \u010ditateljima, jer vjerujemo da je pristup odgovaraju\u0107im informacijama i smjernicama prvi korak do profesionalnog uspjeha.<\/p>\n\n\n\n<p>Tako\u0111er poti\u010demo interakciju i razmjenu iskustava putem na\u0161ih dru\u0161tvenih mre\u017ea i foruma, gdje se mo\u017eete povezati s drugim stru\u010dnjacima, postavljati pitanja i dijeliti vlastite pri\u010de. Cijenimo povratne informacije na\u0161ih \u010ditatelja i uvijek smo otvoreni za prijedloge kako bismo na\u0161u platformu u\u010dinili jo\u0161 korisnijom i sveobuhvatnijom.<\/p>\n\n\n\n<p>Pratite nas kako biste bili u tijeku s najnovijim vijestima iz profesionalnog svijeta i u\u017eivali u najboljem sadr\u017eaju o zapo\u0161ljivosti i razvoju karijere. Hvala vam \u0161to vjerujete Ahjobs.com.br!<\/p>","protected":false},"excerpt":{"rendered":"<p>O Ahjobs \u00e9 uma plataforma dedicada ao universo profissional, criada com o objetivo de conectar voc\u00ea \u00e0s melhores oportunidades de emprego e desenvolvimento de carreira. Fundado com a miss\u00e3o de ajudar profissionais a alcan\u00e7ar seus objetivos, o Ahjobs oferece conte\u00fado informativo e atualizado sobre vagas de emprego, tend\u00eancias de mercado, dicas de carreira e desenvolvimento [&hellip;]<\/p>\n","protected":false},"author":1,"featured_media":0,"parent":0,"menu_order":0,"comment_status":"closed","ping_status":"closed","template":"","meta":{"footnotes":""},"class_list":["post-55","page","type-page","status-publish"],"_links":{"self":[{"href":"https:\/\/ahjobs.com.br\/hr\/wp-json\/wp\/v2\/pages\/55","targetHints":{"allow":["GET"]}}],"collection":[{"href":"https:\/\/ahjobs.com.br\/hr\/wp-json\/wp\/v2\/pages"}],"about":[{"href":"https:\/\/ahjobs.com.br\/hr\/wp-json\/wp\/v2\/types\/page"}],"author":[{"embeddable":true,"href":"https:\/\/ahjobs.com.br\/hr\/wp-json\/wp\/v2\/users\/1"}],"replies":[{"embeddable":true,"href":"https:\/\/ahjobs.com.br\/hr\/wp-json\/wp\/v2\/comments?post=55"}],"version-history":[{"count":1,"href":"https:\/\/ahjobs.com.br\/hr\/wp-json\/wp\/v2\/pages\/55\/revisions"}],"predecessor-version":[{"id":56,"href":"https:\/\/ahjobs.com.br\/hr\/wp-json\/wp\/v2\/pages\/55\/revisions\/56"}],"wp:attachment":[{"href":"https:\/\/ahjobs.com.br\/hr\/wp-json\/wp\/v2\/media?parent=55"}],"curies":[{"name":"radni list","href":"https:\/\/api.w.org\/{rel}","templated":true}]}}