{"id":55,"date":"2026-02-20T16:42:28","date_gmt":"2026-02-20T16:42:28","guid":{"rendered":"https:\/\/ahjobs.com.br\/?page_id=55"},"modified":"2026-02-20T16:42:29","modified_gmt":"2026-02-20T16:42:29","slug":"quem-somos","status":"publish","type":"page","link":"https:\/\/ahjobs.com.br\/hu\/kik-vagyunk\/","title":{"rendered":"Kik vagyunk"},"content":{"rendered":"<p>Az Ahjobs egy professzion\u00e1lis vil\u00e1gnak szentelt platform, amelyet azzal a c\u00e9llal hoztak l\u00e9tre, hogy a legjobb \u00e1ll\u00e1slehet\u0151s\u00e9gekhez \u00e9s karrierfejleszt\u00e9si lehet\u0151s\u00e9gekhez kapcsoljon. Az Ahjobs azzal a k\u00fcldet\u00e9ssel j\u00f6tt l\u00e9tre, hogy seg\u00edtsen a szakembereknek c\u00e9ljaik el\u00e9r\u00e9s\u00e9ben, informat\u00edv \u00e9s naprak\u00e9sz tartalmakat k\u00edn\u00e1lva az \u00e1ll\u00e1slehet\u0151s\u00e9gekr\u0151l, a piaci trendekr\u0151l, a karriertippekr\u0151l \u00e9s a szem\u00e9lyes fejl\u0151d\u00e9sr\u0151l.<\/p>\n\n\n\n<p>Az Ahjobsn\u00e1l naponta publik\u00e1lunk ipar\u00e1gi szak\u00e9rt\u0151k \u00e1ltal k\u00e9sz\u00edtett cikkeket, \u00fatmutat\u00f3kat \u00e9s oktat\u00f3anyagokat, amelyek a vonz\u00f3 \u00f6n\u00e9letrajz elk\u00e9sz\u00edt\u00e9s\u00e9t\u0151l az \u00e1ll\u00e1sinterj\u00fak legjobb gyakorlataiig terjednek. Arra \u00f6sszpontos\u00edtunk, hogy felruh\u00e1zzuk \u00d6nt a munkaer\u0151piacon magabiztosan \u00e9s strat\u00e9giailag eligazodni sz\u00fcks\u00e9ges eszk\u00f6z\u00f6kkel \u00e9s tud\u00e1ssal.<\/p>\n\n\n\n<p>Az Ahjobs.com.br a SpotAds.me bejegyzett v\u00e9djegye, amelyet egy olyan szakemberekb\u0151l \u00e1ll\u00f3 csapat tart fenn, akik szenved\u00e9lyesen elk\u00f6telezettek az emberi er\u0151forr\u00e1sok, a karrierfejleszt\u00e9s \u00e9s a szakmai siker ir\u00e1nt. \u00cdr\u00f3ink \u00e9s szak\u00e9rt\u0151ink elk\u00f6telezettek amellett, hogy kiv\u00e1l\u00f3 min\u0151s\u00e9g\u0171, pontos \u00e9s relev\u00e1ns tartalmat ny\u00fajtsanak olvas\u00f3inknak, mivel hisz\u00fcnk abban, hogy a megfelel\u0151 inform\u00e1ci\u00f3khoz \u00e9s \u00fatmutat\u00e1shoz val\u00f3 hozz\u00e1f\u00e9r\u00e9s az els\u0151 l\u00e9p\u00e9s a szakmai sikerhez.<\/p>\n\n\n\n<p>Emellett \u00f6szt\u00f6n\u00f6zz\u00fck az interakci\u00f3t \u00e9s a tapasztalatcser\u00e9t k\u00f6z\u00f6ss\u00e9gi h\u00e1l\u00f3zatainkon \u00e9s f\u00f3rumainkon kereszt\u00fcl, ahol kapcsolatba l\u00e9phet m\u00e1s szakemberekkel, k\u00e9rd\u00e9seket tehet fel \u00e9s megoszthatja saj\u00e1t t\u00f6rt\u00e9neteit. Nagyra \u00e9rt\u00e9kelj\u00fck olvas\u00f3ink visszajelz\u00e9seit, \u00e9s mindig nyitottak vagyunk a javaslatokra, hogy platformunkat m\u00e9g hasznosabb\u00e1 \u00e9s \u00e1tfog\u00f3bb\u00e1 tegy\u00fck.<\/p>\n\n\n\n<p>K\u00f6vess minket, hogy naprak\u00e9sz maradj a szakmai vil\u00e1g legfrissebb h\u00edreivel, \u00e9s \u00e9lvezd a legjobb tartalmakat a foglalkoztathat\u00f3s\u00e1ggal \u00e9s a karrierfejleszt\u00e9ssel kapcsolatban. K\u00f6sz\u00f6nj\u00fck, hogy bizalmat szavazt\u00e1l az Ahjobs.com.br oldalnak!<\/p>","protected":false},"excerpt":{"rendered":"<p>O Ahjobs \u00e9 uma plataforma dedicada ao universo profissional, criada com o objetivo de conectar voc\u00ea \u00e0s melhores oportunidades de emprego e desenvolvimento de carreira. Fundado com a miss\u00e3o de ajudar profissionais a alcan\u00e7ar seus objetivos, o Ahjobs oferece conte\u00fado informativo e atualizado sobre vagas de emprego, tend\u00eancias de mercado, dicas de carreira e desenvolvimento [&hellip;]<\/p>\n","protected":false},"author":1,"featured_media":0,"parent":0,"menu_order":0,"comment_status":"closed","ping_status":"closed","template":"","meta":{"footnotes":""},"class_list":["post-55","page","type-page","status-publish"],"_links":{"self":[{"href":"https:\/\/ahjobs.com.br\/hu\/wp-json\/wp\/v2\/pages\/55","targetHints":{"allow":["GET"]}}],"collection":[{"href":"https:\/\/ahjobs.com.br\/hu\/wp-json\/wp\/v2\/pages"}],"about":[{"href":"https:\/\/ahjobs.com.br\/hu\/wp-json\/wp\/v2\/types\/page"}],"author":[{"embeddable":true,"href":"https:\/\/ahjobs.com.br\/hu\/wp-json\/wp\/v2\/users\/1"}],"replies":[{"embeddable":true,"href":"https:\/\/ahjobs.com.br\/hu\/wp-json\/wp\/v2\/comments?post=55"}],"version-history":[{"count":1,"href":"https:\/\/ahjobs.com.br\/hu\/wp-json\/wp\/v2\/pages\/55\/revisions"}],"predecessor-version":[{"id":56,"href":"https:\/\/ahjobs.com.br\/hu\/wp-json\/wp\/v2\/pages\/55\/revisions\/56"}],"wp:attachment":[{"href":"https:\/\/ahjobs.com.br\/hu\/wp-json\/wp\/v2\/media?parent=55"}],"curies":[{"name":"munkaf\u00fczet","href":"https:\/\/api.w.org\/{rel}","templated":true}]}}