{"id":55,"date":"2026-02-20T16:42:28","date_gmt":"2026-02-20T16:42:28","guid":{"rendered":"https:\/\/ahjobs.com.br\/?page_id=55"},"modified":"2026-02-20T16:42:29","modified_gmt":"2026-02-20T16:42:29","slug":"quem-somos","status":"publish","type":"page","link":"https:\/\/ahjobs.com.br\/it\/chi-siamo\/","title":{"rendered":"Chi siamo"},"content":{"rendered":"<p>Ahjobs \u00e8 una piattaforma dedicata al mondo del lavoro, creata con l&#039;obiettivo di metterti in contatto con le migliori opportunit\u00e0 di impiego e di sviluppo professionale. Fondata con la missione di aiutare i professionisti a raggiungere i propri obiettivi, Ahjobs offre contenuti informativi e aggiornati su offerte di lavoro, tendenze di mercato, consigli di carriera e sviluppo personale.<\/p>\n\n\n\n<p>Qui ad Ahjobs pubblichiamo quotidianamente articoli, guide e tutorial creati da esperti del settore, che trattano argomenti che spaziano dalla creazione di un curriculum efficace alle migliori strategie per i colloqui di lavoro. Il nostro obiettivo \u00e8 fornirti gli strumenti e le conoscenze necessarie per affrontare il mercato del lavoro con sicurezza e strategia.<\/p>\n\n\n\n<p>Ahjobs.com.br \u00e8 un marchio registrato di SpotAds.me, gestito da un team di professionisti appassionati di risorse umane, sviluppo di carriera e successo professionale. I nostri autori ed esperti si impegnano a fornire ai lettori contenuti di alta qualit\u00e0, accurati e pertinenti, poich\u00e9 crediamo che l&#039;accesso a informazioni e indicazioni adeguate sia il primo passo verso il successo professionale.<\/p>\n\n\n\n<p>Incoraggiamo inoltre l&#039;interazione e lo scambio di esperienze attraverso i nostri social network e forum, dove \u00e8 possibile entrare in contatto con altri professionisti, porre domande e condividere le proprie storie. Apprezziamo il feedback dei nostri lettori e siamo sempre aperti a suggerimenti per rendere la nostra piattaforma ancora pi\u00f9 utile e completa.<\/p>\n\n\n\n<p>Seguiteci per rimanere aggiornati sulle ultime novit\u00e0 del mondo del lavoro e per accedere ai migliori contenuti su occupabilit\u00e0 e sviluppo di carriera. Grazie per aver scelto Ahjobs.com.br!<\/p>","protected":false},"excerpt":{"rendered":"<p>O Ahjobs \u00e9 uma plataforma dedicada ao universo profissional, criada com o objetivo de conectar voc\u00ea \u00e0s melhores oportunidades de emprego e desenvolvimento de carreira. Fundado com a miss\u00e3o de ajudar profissionais a alcan\u00e7ar seus objetivos, o Ahjobs oferece conte\u00fado informativo e atualizado sobre vagas de emprego, tend\u00eancias de mercado, dicas de carreira e desenvolvimento [&hellip;]<\/p>\n","protected":false},"author":1,"featured_media":0,"parent":0,"menu_order":0,"comment_status":"closed","ping_status":"closed","template":"","meta":{"footnotes":""},"class_list":["post-55","page","type-page","status-publish"],"_links":{"self":[{"href":"https:\/\/ahjobs.com.br\/it\/wp-json\/wp\/v2\/pages\/55","targetHints":{"allow":["GET"]}}],"collection":[{"href":"https:\/\/ahjobs.com.br\/it\/wp-json\/wp\/v2\/pages"}],"about":[{"href":"https:\/\/ahjobs.com.br\/it\/wp-json\/wp\/v2\/types\/page"}],"author":[{"embeddable":true,"href":"https:\/\/ahjobs.com.br\/it\/wp-json\/wp\/v2\/users\/1"}],"replies":[{"embeddable":true,"href":"https:\/\/ahjobs.com.br\/it\/wp-json\/wp\/v2\/comments?post=55"}],"version-history":[{"count":1,"href":"https:\/\/ahjobs.com.br\/it\/wp-json\/wp\/v2\/pages\/55\/revisions"}],"predecessor-version":[{"id":56,"href":"https:\/\/ahjobs.com.br\/it\/wp-json\/wp\/v2\/pages\/55\/revisions\/56"}],"wp:attachment":[{"href":"https:\/\/ahjobs.com.br\/it\/wp-json\/wp\/v2\/media?parent=55"}],"curies":[{"name":"wp","href":"https:\/\/api.w.org\/{rel}","templated":true}]}}