{"id":55,"date":"2026-02-20T16:42:28","date_gmt":"2026-02-20T16:42:28","guid":{"rendered":"https:\/\/ahjobs.com.br\/?page_id=55"},"modified":"2026-02-20T16:42:29","modified_gmt":"2026-02-20T16:42:29","slug":"quem-somos","status":"publish","type":"page","link":"https:\/\/ahjobs.com.br\/ja\/\u79c1\u305f\u3061\u306b\u3064\u3044\u3066\/","title":{"rendered":"\u79c1\u305f\u3061\u306b\u3064\u3044\u3066"},"content":{"rendered":"<p>Ahjobs\u306f\u3001\u30d7\u30ed\u30d5\u30a7\u30c3\u30b7\u30e7\u30ca\u30eb\u306a\u4e16\u754c\u306b\u7279\u5316\u3057\u305f\u30d7\u30e9\u30c3\u30c8\u30d5\u30a9\u30fc\u30e0\u3067\u3042\u308a\u3001\u6700\u9ad8\u306e\u6c42\u4eba\u60c5\u5831\u3068\u30ad\u30e3\u30ea\u30a2\u958b\u767a\u306e\u6a5f\u4f1a\u3092\u63d0\u4f9b\u3059\u308b\u3053\u3068\u3092\u76ee\u6a19\u306b\u8a2d\u7acb\u3055\u308c\u307e\u3057\u305f\u3002\u30d7\u30ed\u30d5\u30a7\u30c3\u30b7\u30e7\u30ca\u30eb\u304c\u76ee\u6a19\u3092\u9054\u6210\u3067\u304d\u308b\u3088\u3046\u652f\u63f4\u3059\u308b\u3068\u3044\u3046\u4f7f\u547d\u306e\u3082\u3068\u3001Ahjobs\u306f\u6c42\u4eba\u60c5\u5831\u3001\u5e02\u5834\u52d5\u5411\u3001\u30ad\u30e3\u30ea\u30a2\u306b\u95a2\u3059\u308b\u30d2\u30f3\u30c8\u3001\u81ea\u5df1\u5553\u767a\u306a\u3069\u306b\u95a2\u3059\u308b\u6709\u76ca\u3067\u6700\u65b0\u306e\u30b3\u30f3\u30c6\u30f3\u30c4\u3092\u63d0\u4f9b\u3057\u3066\u3044\u307e\u3059\u3002.<\/p>\n\n\n\n<p>Ahjobs\u3067\u306f\u3001\u696d\u754c\u306e\u30a8\u30ad\u30b9\u30d1\u30fc\u30c8\u304c\u4f5c\u6210\u3057\u305f\u8a18\u4e8b\u3001\u30ac\u30a4\u30c9\u3001\u30c1\u30e5\u30fc\u30c8\u30ea\u30a2\u30eb\u3092\u6bce\u65e5\u516c\u958b\u3057\u3066\u3044\u307e\u3059\u3002\u9b45\u529b\u7684\u306a\u5c65\u6b74\u66f8\u306e\u4f5c\u6210\u65b9\u6cd5\u304b\u3089\u9762\u63a5\u5bfe\u7b56\u307e\u3067\u3001\u5e45\u5e83\u3044\u30c8\u30d4\u30c3\u30af\u3092\u7db2\u7f85\u3057\u3066\u3044\u307e\u3059\u3002\u79c1\u305f\u3061\u306e\u76ee\u6a19\u306f\u3001\u7686\u3055\u3093\u304c\u81ea\u4fe1\u3068\u6226\u7565\u3092\u6301\u3063\u3066\u5c31\u8077\u5e02\u5834\u3092\u6e21\u308a\u6b69\u304f\u305f\u3081\u306b\u5fc5\u8981\u306a\u30c4\u30fc\u30eb\u3068\u77e5\u8b58\u3092\u63d0\u4f9b\u3059\u308b\u3053\u3068\u3067\u3059\u3002.<\/p>\n\n\n\n<p>Ahjobs.com.br\u306fSpotAds.me\u306e\u767b\u9332\u5546\u6a19\u3067\u3042\u308a\u3001\u4eba\u4e8b\u3001\u30ad\u30e3\u30ea\u30a2\u958b\u767a\u3001\u305d\u3057\u3066\u30d7\u30ed\u30d5\u30a7\u30c3\u30b7\u30e7\u30ca\u30eb\u3068\u3057\u3066\u306e\u6210\u529f\u306b\u60c5\u71b1\u3092\u6ce8\u3050\u5c02\u9580\u5bb6\u30c1\u30fc\u30e0\u306b\u3088\u3063\u3066\u904b\u55b6\u3055\u308c\u3066\u3044\u307e\u3059\u3002\u79c1\u305f\u3061\u306e\u30e9\u30a4\u30bf\u30fc\u3068\u5c02\u9580\u5bb6\u306f\u3001\u8aad\u8005\u306e\u7686\u69d8\u306b\u8cea\u306e\u9ad8\u3044\u3001\u6b63\u78ba\u3067\u95a2\u9023\u6027\u306e\u9ad8\u3044\u30b3\u30f3\u30c6\u30f3\u30c4\u3092\u63d0\u4f9b\u3059\u308b\u3053\u3068\u306b\u5c3d\u529b\u3057\u3066\u3044\u307e\u3059\u3002\u306a\u305c\u306a\u3089\u3001\u9069\u5207\u306a\u60c5\u5831\u3068\u30ac\u30a4\u30c0\u30f3\u30b9\u3078\u306e\u30a2\u30af\u30bb\u30b9\u3053\u305d\u304c\u3001\u30d7\u30ed\u30d5\u30a7\u30c3\u30b7\u30e7\u30ca\u30eb\u3068\u3057\u3066\u306e\u6210\u529f\u3078\u306e\u7b2c\u4e00\u6b69\u3060\u3068\u4fe1\u3058\u3066\u3044\u308b\u304b\u3089\u3067\u3059\u3002.<\/p>\n\n\n\n<p>\u307e\u305f\u3001\u30bd\u30fc\u30b7\u30e3\u30eb\u30cd\u30c3\u30c8\u30ef\u30fc\u30af\u3084\u30d5\u30a9\u30fc\u30e9\u30e0\u3092\u901a\u3058\u3066\u3001\u4ea4\u6d41\u3084\u7d4c\u9a13\u306e\u5171\u6709\u3092\u5968\u52b1\u3057\u3066\u3044\u307e\u3059\u3002\u3053\u308c\u3089\u306e\u30d7\u30e9\u30c3\u30c8\u30d5\u30a9\u30fc\u30e0\u3067\u306f\u3001\u4ed6\u306e\u5c02\u9580\u5bb6\u3068\u3064\u306a\u304c\u3063\u305f\u308a\u3001\u8cea\u554f\u3057\u305f\u308a\u3001\u3054\u81ea\u8eab\u306e\u7d4c\u9a13\u3092\u5171\u6709\u3057\u305f\u308a\u3067\u304d\u307e\u3059\u3002\u8aad\u8005\u306e\u7686\u69d8\u304b\u3089\u306e\u30d5\u30a3\u30fc\u30c9\u30d0\u30c3\u30af\u3092\u5927\u5207\u306b\u3057\u3001\u30d7\u30e9\u30c3\u30c8\u30d5\u30a9\u30fc\u30e0\u3092\u3055\u3089\u306b\u4fbf\u5229\u3067\u5305\u62ec\u7684\u306a\u3082\u306e\u306b\u3059\u308b\u305f\u3081\u306e\u3054\u63d0\u6848\u3092\u5e38\u306b\u6b53\u8fce\u3057\u3066\u3044\u307e\u3059\u3002.<\/p>\n\n\n\n<p>\u79c1\u305f\u3061\u3092\u30d5\u30a9\u30ed\u30fc\u3057\u3066\u3001\u30d3\u30b8\u30cd\u30b9\u754c\u306e\u6700\u65b0\u30cb\u30e5\u30fc\u30b9\u3092\u5165\u624b\u3057\u3001\u5c31\u8077\u3084\u30ad\u30e3\u30ea\u30a2\u958b\u767a\u306b\u95a2\u3059\u308b\u6700\u9ad8\u306e\u30b3\u30f3\u30c6\u30f3\u30c4\u3092\u304a\u697d\u3057\u307f\u304f\u3060\u3055\u3044\u3002Ahjobs.com.br\u3092\u3054\u4fe1\u983c\u3044\u305f\u3060\u304d\u3042\u308a\u304c\u3068\u3046\u3054\u3056\u3044\u307e\u3059\uff01<\/p>","protected":false},"excerpt":{"rendered":"<p>O Ahjobs \u00e9 uma plataforma dedicada ao universo profissional, criada com o objetivo de conectar voc\u00ea \u00e0s melhores oportunidades de emprego e desenvolvimento de carreira. Fundado com a miss\u00e3o de ajudar profissionais a alcan\u00e7ar seus objetivos, o Ahjobs oferece conte\u00fado informativo e atualizado sobre vagas de emprego, tend\u00eancias de mercado, dicas de carreira e desenvolvimento pessoal. Aqui no Ahjobs, publicamos diariamente artigos, guias e tutoriais elaborados por especialistas do setor, abordando temas que v\u00e3o desde a constru\u00e7\u00e3o de um curr\u00edculo atraente at\u00e9 as melhores pr\u00e1ticas para entrevistas de emprego. Nosso foco \u00e9 proporcionar a voc\u00ea as ferramentas e o conhecimento necess\u00e1rios para navegar no mercado de trabalho com confian\u00e7a e [&hellip;]<\/p>\n","protected":false},"author":1,"featured_media":0,"parent":0,"menu_order":0,"comment_status":"closed","ping_status":"closed","template":"","meta":{"footnotes":""},"class_list":["post-55","page","type-page","status-publish"],"_links":{"self":[{"href":"https:\/\/ahjobs.com.br\/ja\/wp-json\/wp\/v2\/pages\/55","targetHints":{"allow":["GET"]}}],"collection":[{"href":"https:\/\/ahjobs.com.br\/ja\/wp-json\/wp\/v2\/pages"}],"about":[{"href":"https:\/\/ahjobs.com.br\/ja\/wp-json\/wp\/v2\/types\/page"}],"author":[{"embeddable":true,"href":"https:\/\/ahjobs.com.br\/ja\/wp-json\/wp\/v2\/users\/1"}],"replies":[{"embeddable":true,"href":"https:\/\/ahjobs.com.br\/ja\/wp-json\/wp\/v2\/comments?post=55"}],"version-history":[{"count":1,"href":"https:\/\/ahjobs.com.br\/ja\/wp-json\/wp\/v2\/pages\/55\/revisions"}],"predecessor-version":[{"id":56,"href":"https:\/\/ahjobs.com.br\/ja\/wp-json\/wp\/v2\/pages\/55\/revisions\/56"}],"wp:attachment":[{"href":"https:\/\/ahjobs.com.br\/ja\/wp-json\/wp\/v2\/media?parent=55"}],"curies":[{"name":"wp","href":"https:\/\/api.w.org\/{rel}","templated":true}]}}