{"id":55,"date":"2026-02-20T16:42:28","date_gmt":"2026-02-20T16:42:28","guid":{"rendered":"https:\/\/ahjobs.com.br\/?page_id=55"},"modified":"2026-02-20T16:42:29","modified_gmt":"2026-02-20T16:42:29","slug":"quem-somos","status":"publish","type":"page","link":"https:\/\/ahjobs.com.br\/lt\/kas-mes-esame\/","title":{"rendered":"Kas mes esame"},"content":{"rendered":"<p>\u201eAhjobs\u201c \u2013 tai profesional\u0173 pasauliui skirta platforma, sukurta siekiant sujungti jus su geriausiomis darbo galimyb\u0117mis ir karjeros pl\u0117tros galimyb\u0117mis. \u012ekurta siekiant pad\u0117ti specialistams pasiekti savo tikslus, \u201eAhjobs\u201c si\u016blo informatyv\u0173 ir naujausi\u0105 turin\u012f apie laisvas darbo vietas, rinkos tendencijas, karjeros patarimus ir asmenin\u012f tobul\u0117jim\u0105.<\/p>\n\n\n\n<p>\u201eAhjobs\u201c kasdien skelbiame straipsnius, vadovus ir mokymo med\u017eiagas, kurias kuria pramon\u0117s ekspertai, apiman\u010dius \u012fvairias temas \u2013 nuo patrauklaus gyvenimo apra\u0161ymo k\u016brimo iki geriausios darbo pokalbi\u0173 praktikos. M\u016bs\u0173 tikslas \u2013 suteikti jums \u012frankius ir \u017einias, reikalingas norint u\u017etikrintai ir strategi\u0161kai orientuotis darbo rinkoje.<\/p>\n\n\n\n<p>\u201eAhjobs.com.br\u201c yra registruotasis \u201eSpotAds.me\u201c prek\u0117s \u017eenklas, kur\u012f tvarko profesional\u0173 komanda, aistringai besidominti \u017emogi\u0161kaisiais i\u0161tekliais, karjeros pl\u0117tra ir profesine s\u0117kme. M\u016bs\u0173 ra\u0161ytojai ir ekspertai yra \u012fsipareigoj\u0119 teikti auk\u0161tos kokyb\u0117s, tiksl\u0173 ir aktual\u0173 turin\u012f savo skaitytojams, nes tikime, kad prieiga prie tinkamos informacijos ir patarim\u0173 yra pirmas \u017eingsnis \u012f profesin\u0119 s\u0117km\u0119.<\/p>\n\n\n\n<p>Taip pat skatiname bendravim\u0105 ir patirties mainus per m\u016bs\u0173 socialinius tinklus ir forumus, kur galite susisiekti su kitais specialistais, u\u017eduoti klausimus ir pasidalyti savo istorijomis. Vertiname skaitytoj\u0173 atsiliepimus ir visada esame atviri pasi\u016blymams, kaip m\u016bs\u0173 platform\u0105 padaryti dar naudingesn\u0119 ir i\u0161samesn\u0119.<\/p>\n\n\n\n<p>Sekite mus, kad gautum\u0117te naujausias \u017einias i\u0161 profesinio pasaulio ir m\u0117gaukit\u0117s geriausiu turiniu apie \u012fsidarbinamum\u0105 ir karjeros pl\u0117tr\u0105. D\u0117kojame, kad pasitikite Ahjobs.com.br!<\/p>","protected":false},"excerpt":{"rendered":"<p>O Ahjobs \u00e9 uma plataforma dedicada ao universo profissional, criada com o objetivo de conectar voc\u00ea \u00e0s melhores oportunidades de emprego e desenvolvimento de carreira. Fundado com a miss\u00e3o de ajudar profissionais a alcan\u00e7ar seus objetivos, o Ahjobs oferece conte\u00fado informativo e atualizado sobre vagas de emprego, tend\u00eancias de mercado, dicas de carreira e desenvolvimento [&hellip;]<\/p>\n","protected":false},"author":1,"featured_media":0,"parent":0,"menu_order":0,"comment_status":"closed","ping_status":"closed","template":"","meta":{"footnotes":""},"class_list":["post-55","page","type-page","status-publish"],"_links":{"self":[{"href":"https:\/\/ahjobs.com.br\/lt\/wp-json\/wp\/v2\/pages\/55","targetHints":{"allow":["GET"]}}],"collection":[{"href":"https:\/\/ahjobs.com.br\/lt\/wp-json\/wp\/v2\/pages"}],"about":[{"href":"https:\/\/ahjobs.com.br\/lt\/wp-json\/wp\/v2\/types\/page"}],"author":[{"embeddable":true,"href":"https:\/\/ahjobs.com.br\/lt\/wp-json\/wp\/v2\/users\/1"}],"replies":[{"embeddable":true,"href":"https:\/\/ahjobs.com.br\/lt\/wp-json\/wp\/v2\/comments?post=55"}],"version-history":[{"count":1,"href":"https:\/\/ahjobs.com.br\/lt\/wp-json\/wp\/v2\/pages\/55\/revisions"}],"predecessor-version":[{"id":56,"href":"https:\/\/ahjobs.com.br\/lt\/wp-json\/wp\/v2\/pages\/55\/revisions\/56"}],"wp:attachment":[{"href":"https:\/\/ahjobs.com.br\/lt\/wp-json\/wp\/v2\/media?parent=55"}],"curies":[{"name":"wp","href":"https:\/\/api.w.org\/{rel}","templated":true}]}}