{"id":55,"date":"2026-02-20T16:42:28","date_gmt":"2026-02-20T16:42:28","guid":{"rendered":"https:\/\/ahjobs.com.br\/?page_id=55"},"modified":"2026-02-20T16:42:29","modified_gmt":"2026-02-20T16:42:29","slug":"quem-somos","status":"publish","type":"page","link":"https:\/\/ahjobs.com.br\/ms\/siapa-kami\/","title":{"rendered":"Siapakah Kami"},"content":{"rendered":"<p>Ahjobs ialah platform yang dikhaskan untuk dunia profesional, yang dicipta dengan matlamat untuk menghubungkan anda dengan peluang pekerjaan dan pembangunan kerjaya terbaik. Diasaskan dengan misi membantu golongan profesional mencapai matlamat mereka, Ahjobs menawarkan kandungan bermaklumat dan terkini tentang peluang pekerjaan, trend pasaran, petua kerjaya dan pembangunan peribadi.<\/p>\n\n\n\n<p>Di Ahjobs, kami menerbitkan artikel, panduan dan tutorial harian yang dihasilkan oleh pakar industri, merangkumi pelbagai topik daripada membina resume yang menarik hinggalah amalan terbaik untuk temu duga kerja. Fokus kami adalah untuk menyediakan anda dengan alatan dan pengetahuan yang anda perlukan untuk menavigasi pasaran kerja dengan yakin dan strategi.<\/p>\n\n\n\n<p>Ahjobs.com.br ialah tanda dagangan berdaftar SpotAds.me, yang diselenggarakan oleh pasukan profesional yang bersemangat tentang sumber manusia, pembangunan kerjaya dan kejayaan profesional. Penulis dan pakar kami komited untuk menyampaikan kandungan yang berkualiti tinggi, tepat dan relevan kepada pembaca kami, kerana kami percaya bahawa akses kepada maklumat dan panduan yang mencukupi adalah langkah pertama menuju kejayaan profesional.<\/p>\n\n\n\n<p>Kami juga menggalakkan interaksi dan pertukaran pengalaman melalui rangkaian sosial dan forum kami, di mana anda boleh berhubung dengan profesional lain, bertanya soalan dan berkongsi kisah anda sendiri. Kami menghargai maklum balas daripada pembaca kami dan sentiasa terbuka kepada cadangan untuk menjadikan platform kami lebih berguna dan komprehensif.<\/p>\n\n\n\n<p>Ikuti kami untuk mendapatkan berita terkini dari dunia profesional dan nikmati kandungan terbaik tentang kebolehpasaran dan pembangunan kerjaya. Terima kasih kerana mempercayai Ahjobs.com.br!<\/p>","protected":false},"excerpt":{"rendered":"<p>O Ahjobs \u00e9 uma plataforma dedicada ao universo profissional, criada com o objetivo de conectar voc\u00ea \u00e0s melhores oportunidades de emprego e desenvolvimento de carreira. Fundado com a miss\u00e3o de ajudar profissionais a alcan\u00e7ar seus objetivos, o Ahjobs oferece conte\u00fado informativo e atualizado sobre vagas de emprego, tend\u00eancias de mercado, dicas de carreira e desenvolvimento [&hellip;]<\/p>\n","protected":false},"author":1,"featured_media":0,"parent":0,"menu_order":0,"comment_status":"closed","ping_status":"closed","template":"","meta":{"footnotes":""},"class_list":["post-55","page","type-page","status-publish"],"_links":{"self":[{"href":"https:\/\/ahjobs.com.br\/ms\/wp-json\/wp\/v2\/pages\/55","targetHints":{"allow":["GET"]}}],"collection":[{"href":"https:\/\/ahjobs.com.br\/ms\/wp-json\/wp\/v2\/pages"}],"about":[{"href":"https:\/\/ahjobs.com.br\/ms\/wp-json\/wp\/v2\/types\/page"}],"author":[{"embeddable":true,"href":"https:\/\/ahjobs.com.br\/ms\/wp-json\/wp\/v2\/users\/1"}],"replies":[{"embeddable":true,"href":"https:\/\/ahjobs.com.br\/ms\/wp-json\/wp\/v2\/comments?post=55"}],"version-history":[{"count":1,"href":"https:\/\/ahjobs.com.br\/ms\/wp-json\/wp\/v2\/pages\/55\/revisions"}],"predecessor-version":[{"id":56,"href":"https:\/\/ahjobs.com.br\/ms\/wp-json\/wp\/v2\/pages\/55\/revisions\/56"}],"wp:attachment":[{"href":"https:\/\/ahjobs.com.br\/ms\/wp-json\/wp\/v2\/media?parent=55"}],"curies":[{"name":"wp","href":"https:\/\/api.w.org\/{rel}","templated":true}]}}