{"id":51,"date":"2026-02-20T16:41:35","date_gmt":"2026-02-20T16:41:35","guid":{"rendered":"https:\/\/ahjobs.com.br\/?page_id=51"},"modified":"2026-02-20T16:41:35","modified_gmt":"2026-02-20T16:41:35","slug":"termos-de-uso","status":"publish","type":"page","link":"https:\/\/ahjobs.com.br\/nl\/gebruiksvoorwaarden\/","title":{"rendered":"Gebruiksvoorwaarden"},"content":{"rendered":"<p>Bij het bezoeken van de website\u00a0<a href=\"https:\/\/ahjobs.com.br\/nl\/\">Ah Jobs<\/a>, Door deze site te gebruiken, gaat u akkoord met deze gebruiksvoorwaarden, alle toepasselijke wet- en regelgeving en erkent u dat u verantwoordelijk bent voor de naleving van alle toepasselijke lokale wetten. Indien u niet akkoord gaat met deze voorwaarden, is het u verboden deze site te gebruiken of te bezoeken. Het materiaal op deze website is beschermd door toepasselijke auteursrecht- en merkenwetgeving.<\/p>\n\n\n\n<h2 class=\"wp-block-heading\">2. Licentiegebruik<\/h2>\n\n\n\n<p>U krijgt toestemming om tijdelijk \u00e9\u00e9n exemplaar van het materiaal (informatie of software) op de Ah Jobs-website te downloaden, uitsluitend voor persoonlijk, niet-commercieel en tijdelijk gebruik. Dit is een licentie, geen eigendomsoverdracht, en onder deze licentie is het u niet toegestaan:&nbsp;<\/p>\n\n\n\n<ol class=\"wp-block-list\">\n<li>het materiaal wijzigen of kopi\u00ebren;\u00a0<\/li>\n\n\n\n<li>Gebruik het materiaal voor commerci\u00eble doeleinden of voor openbare tentoonstelling (commercieel of niet-commercieel);\u00a0<\/li>\n\n\n\n<li>Het is verboden om software op de Ah Jobs-website te decompileren of reverse-engineering toe te passen;\u00a0<\/li>\n\n\n\n<li>verwijder alle auteursrechtelijke of andere eigendomsvermeldingen van het materiaal; of\u00a0<\/li>\n\n\n\n<li>Geef het materiaal door aan een andere persoon of maak een kopie van het materiaal op een andere server.<\/li>\n<\/ol>\n\n\n\n<p>Deze licentie wordt automatisch be\u00ebindigd als u een van deze beperkingen schendt en kan te allen tijde door Ah Jobs worden be\u00ebindigd. Bij be\u00ebindiging van uw toegang tot dit materiaal of bij be\u00ebindiging van deze licentie, dient u al het gedownloade materiaal in uw bezit te vernietigen, zowel in elektronische als in afgedrukte vorm.<\/p>\n\n\n\n<h2 class=\"wp-block-heading\">3. Disclaimer<\/h2>\n\n\n\n<ol class=\"wp-block-list\">\n<li>Het materiaal op de Ah Jobs-website wordt aangeboden &#039;zoals het is&#039;. Ah Jobs geeft geen garanties, expliciet noch impliciet, en wijst hierbij alle andere garanties af en ontkent deze, inclusief, maar niet beperkt tot, impliciete garanties of voorwaarden van verkoopbaarheid, geschiktheid voor een bepaald doel of niet-inbreuk op intellectueel eigendom of andere schending van rechten.<\/li>\n\n\n\n<li>Bovendien garandeert Ah Jobs niet de nauwkeurigheid, de waarschijnlijke resultaten of de betrouwbaarheid van het gebruik van het materiaal op haar website of anderszins met betrekking tot dergelijk materiaal, noch van websites die aan deze site zijn gekoppeld, en doet hierover geen uitspraken.<\/li>\n<\/ol>\n\n\n\n<h2 class=\"wp-block-heading\">4. Beperkingen<\/h2>\n\n\n\n<p>Ah Jobs of haar leveranciers zijn in geen geval aansprakelijk voor enige schade (inclusief, maar niet beperkt tot, schade door verlies van gegevens of winst, of door bedrijfsonderbreking) die voortvloeit uit het gebruik of de onmogelijkheid tot gebruik van de materialen op Ah Jobs, zelfs indien Ah Jobs of een bevoegd vertegenwoordiger van Ah Jobs mondeling of schriftelijk op de hoogte is gesteld van de mogelijkheid van dergelijke schade. Omdat sommige rechtsgebieden geen beperkingen toestaan \u200b\u200bop impliciete garanties of beperkingen van aansprakelijkheid voor gevolgschade of incidentele schade, zijn deze beperkingen mogelijk niet op u van toepassing.<\/p>\n\n\n\n<h2 class=\"wp-block-heading\">5. Precisie van materialen<\/h2>\n\n\n\n<p>Het materiaal op de website van Ah Jobs kan technische, typografische of fotografische fouten bevatten. Ah Jobs garandeert niet dat het materiaal op de website accuraat, volledig of actueel is. Ah Jobs kan de inhoud van de website te allen tijde zonder voorafgaande kennisgeving wijzigen. Ah Jobs verplicht zich echter niet tot het bijwerken van het materiaal.<\/p>\n\n\n\n<h2 class=\"wp-block-heading\">6. Links<\/h2>\n\n\n\n<p>Ah Jobs heeft niet alle sites die aan haar website zijn gekoppeld, beoordeeld en is niet verantwoordelijk voor de inhoud van gelinkte sites. Het plaatsen van een link impliceert geen goedkeuring van de site door Ah Jobs. Het gebruik van gelinkte websites is voor eigen risico van de gebruiker.<\/p>\n\n\n\n<h3 class=\"wp-block-heading\">Wijzigingen<\/h3>\n\n\n\n<p>Ah Jobs kan deze websitevoorwaarden te allen tijde zonder voorafgaande kennisgeving wijzigen. Door deze website te gebruiken, stemt u ermee in gebonden te zijn aan de actuele versie van deze websitevoorwaarden.<\/p>\n\n\n\n<h3 class=\"wp-block-heading\">Toepasselijk recht<\/h3>\n\n\n\n<p>Deze algemene voorwaarden worden beheerst door en uitgelegd in overeenstemming met de wetten van Ah Jobs, en u onderwerpt zich onherroepelijk aan de exclusieve jurisdictie van de rechtbanken in die staat of plaats.<\/p>","protected":false},"excerpt":{"rendered":"<p>Ao acessar ao site\u00a0Ah Jobs, concorda em cumprir estes termos de servi\u00e7o, todas as leis e regulamentos aplic\u00e1veis \u200b\u200be concorda que \u00e9 respons\u00e1vel pelo cumprimento de todas as leis locais aplic\u00e1veis. Se voc\u00ea n\u00e3o concordar com algum desses termos, est\u00e1 proibido de usar ou acessar este site. Os materiais contidos neste site s\u00e3o protegidos pelas [&hellip;]<\/p>\n","protected":false},"author":1,"featured_media":0,"parent":0,"menu_order":0,"comment_status":"closed","ping_status":"closed","template":"","meta":{"footnotes":""},"class_list":["post-51","page","type-page","status-publish"],"_links":{"self":[{"href":"https:\/\/ahjobs.com.br\/nl\/wp-json\/wp\/v2\/pages\/51","targetHints":{"allow":["GET"]}}],"collection":[{"href":"https:\/\/ahjobs.com.br\/nl\/wp-json\/wp\/v2\/pages"}],"about":[{"href":"https:\/\/ahjobs.com.br\/nl\/wp-json\/wp\/v2\/types\/page"}],"author":[{"embeddable":true,"href":"https:\/\/ahjobs.com.br\/nl\/wp-json\/wp\/v2\/users\/1"}],"replies":[{"embeddable":true,"href":"https:\/\/ahjobs.com.br\/nl\/wp-json\/wp\/v2\/comments?post=51"}],"version-history":[{"count":1,"href":"https:\/\/ahjobs.com.br\/nl\/wp-json\/wp\/v2\/pages\/51\/revisions"}],"predecessor-version":[{"id":52,"href":"https:\/\/ahjobs.com.br\/nl\/wp-json\/wp\/v2\/pages\/51\/revisions\/52"}],"wp:attachment":[{"href":"https:\/\/ahjobs.com.br\/nl\/wp-json\/wp\/v2\/media?parent=51"}],"curies":[{"name":"wp","href":"https:\/\/api.w.org\/{rel}","templated":true}]}}