{"id":55,"date":"2026-02-20T16:42:28","date_gmt":"2026-02-20T16:42:28","guid":{"rendered":"https:\/\/ahjobs.com.br\/?page_id=55"},"modified":"2026-02-20T16:42:29","modified_gmt":"2026-02-20T16:42:29","slug":"quem-somos","status":"publish","type":"page","link":"https:\/\/ahjobs.com.br\/nl\/wie-we-zijn\/","title":{"rendered":"Wie we zijn"},"content":{"rendered":"<p>Ahjobs is een platform dat volledig is gewijd aan de professionele wereld en is opgericht met als doel professionals te verbinden met de beste vacatures en mogelijkheden voor loopbaanontwikkeling. Ahjobs is opgericht met de missie om professionals te helpen hun doelen te bereiken en biedt informatieve en actuele content over vacatures, markttrends, carri\u00e8retips en persoonlijke ontwikkeling.<\/p>\n\n\n\n<p>Hier bij Ahjobs publiceren we dagelijks artikelen, handleidingen en tutorials, gemaakt door experts uit de branche, over uiteenlopende onderwerpen, van het opstellen van een aantrekkelijk cv tot de beste strategie\u00ebn voor sollicitatiegesprekken. Ons doel is om u de tools en kennis te bieden die u nodig hebt om vol vertrouwen en strategisch uw weg te vinden op de arbeidsmarkt.<\/p>\n\n\n\n<p>Ahjobs.com.br is een geregistreerd handelsmerk van SpotAds.me, beheerd door een team van professionals met een passie voor human resources, loopbaanontwikkeling en professioneel succes. Onze schrijvers en experts zetten zich in om onze lezers hoogwaardige, accurate en relevante content te bieden, omdat wij geloven dat toegang tot adequate informatie en begeleiding de eerste stap is naar professioneel succes.<\/p>\n\n\n\n<p>We stimuleren ook interactie en het uitwisselen van ervaringen via onze sociale netwerken en forums, waar u in contact kunt komen met andere professionals, vragen kunt stellen en uw eigen verhalen kunt delen. We stellen feedback van onze lezers zeer op prijs en staan altijd open voor suggesties om ons platform nog nuttiger en uitgebreider te maken.<\/p>\n\n\n\n<p>Volg ons om op de hoogte te blijven van het laatste nieuws uit de professionele wereld en geniet van de beste content over inzetbaarheid en loopbaanontwikkeling. Bedankt voor uw vertrouwen in Ahjobs.com.br!<\/p>","protected":false},"excerpt":{"rendered":"<p>O Ahjobs \u00e9 uma plataforma dedicada ao universo profissional, criada com o objetivo de conectar voc\u00ea \u00e0s melhores oportunidades de emprego e desenvolvimento de carreira. Fundado com a miss\u00e3o de ajudar profissionais a alcan\u00e7ar seus objetivos, o Ahjobs oferece conte\u00fado informativo e atualizado sobre vagas de emprego, tend\u00eancias de mercado, dicas de carreira e desenvolvimento [&hellip;]<\/p>\n","protected":false},"author":1,"featured_media":0,"parent":0,"menu_order":0,"comment_status":"closed","ping_status":"closed","template":"","meta":{"footnotes":""},"class_list":["post-55","page","type-page","status-publish"],"_links":{"self":[{"href":"https:\/\/ahjobs.com.br\/nl\/wp-json\/wp\/v2\/pages\/55","targetHints":{"allow":["GET"]}}],"collection":[{"href":"https:\/\/ahjobs.com.br\/nl\/wp-json\/wp\/v2\/pages"}],"about":[{"href":"https:\/\/ahjobs.com.br\/nl\/wp-json\/wp\/v2\/types\/page"}],"author":[{"embeddable":true,"href":"https:\/\/ahjobs.com.br\/nl\/wp-json\/wp\/v2\/users\/1"}],"replies":[{"embeddable":true,"href":"https:\/\/ahjobs.com.br\/nl\/wp-json\/wp\/v2\/comments?post=55"}],"version-history":[{"count":1,"href":"https:\/\/ahjobs.com.br\/nl\/wp-json\/wp\/v2\/pages\/55\/revisions"}],"predecessor-version":[{"id":56,"href":"https:\/\/ahjobs.com.br\/nl\/wp-json\/wp\/v2\/pages\/55\/revisions\/56"}],"wp:attachment":[{"href":"https:\/\/ahjobs.com.br\/nl\/wp-json\/wp\/v2\/media?parent=55"}],"curies":[{"name":"wp","href":"https:\/\/api.w.org\/{rel}","templated":true}]}}