{"id":51,"date":"2026-02-20T16:41:35","date_gmt":"2026-02-20T16:41:35","guid":{"rendered":"https:\/\/ahjobs.com.br\/?page_id=51"},"modified":"2026-02-20T16:41:35","modified_gmt":"2026-02-20T16:41:35","slug":"termos-de-uso","status":"publish","type":"page","link":"https:\/\/ahjobs.com.br\/pl\/warunki-uzytkowania\/","title":{"rendered":"Warunki korzystania"},"content":{"rendered":"<p>Podczas uzyskiwania dost\u0119pu do witryny internetowej\u00a0<a href=\"https:\/\/ahjobs.com.br\/pl\/\">Ah Jobs<\/a>, Korzystaj\u0105c z tej witryny, zgadzasz si\u0119 na przestrzeganie niniejszych warunk\u00f3w korzystania z us\u0142ugi, wszystkich obowi\u0105zuj\u0105cych przepis\u00f3w i regulacji oraz przyjmujesz odpowiedzialno\u015b\u0107 za przestrzeganie wszystkich obowi\u0105zuj\u0105cych przepis\u00f3w lokalnych. W przypadku braku zgody na kt\u00f3rykolwiek z tych warunk\u00f3w korzystanie z tej witryny lub uzyskiwanie do niej dost\u0119pu jest zabronione. Materia\u0142y zawarte na tej stronie internetowej s\u0105 chronione obowi\u0105zuj\u0105cymi prawami autorskimi i prawami do znak\u00f3w towarowych.<\/p>\n\n\n\n<h2 class=\"wp-block-heading\">2. U\u017cytkowanie licencji<\/h2>\n\n\n\n<p>Udziela si\u0119 pozwolenia na tymczasowe pobranie jednej kopii materia\u0142\u00f3w (informacji lub oprogramowania) ze strony internetowej Ah Jobs wy\u0142\u0105cznie do osobistego, niekomercyjnego, przej\u015bciowego przegl\u0105dania. Jest to udzielenie licencji, a nie przeniesienie tytu\u0142u w\u0142asno\u015bci, a na mocy tej licencji nie wolno:&nbsp;<\/p>\n\n\n\n<ol class=\"wp-block-list\">\n<li>modyfikowa\u0107 lub kopiowa\u0107 materia\u0142y;\u00a0<\/li>\n\n\n\n<li>U\u017cywa\u0107 materia\u0142\u00f3w w celach komercyjnych lub do publicznego wy\u015bwietlania (komercyjnego lub niekomercyjnego);\u00a0<\/li>\n\n\n\n<li>Pr\u00f3ba dekompilacji lub dokonania in\u017cynierii wstecznej jakiegokolwiek oprogramowania zawartego na stronie internetowej Ah Jobs;\u00a0<\/li>\n\n\n\n<li>usun\u0105\u0107 z materia\u0142\u00f3w wszelkie informacje o prawach autorskich lub inne informacje o w\u0142asno\u015bci; lub\u00a0<\/li>\n\n\n\n<li>Przenie\u015b\u0107 materia\u0142y do innej osoby lub \u2018przes\u0142a\u0107\u2019 je na inny serwer.<\/li>\n<\/ol>\n\n\n\n<p>Niniejsza licencja ulega automatycznemu wyga\u015bni\u0119ciu w przypadku naruszenia kt\u00f3regokolwiek z tych ogranicze\u0144 i mo\u017ce zosta\u0107 rozwi\u0105zana przez Ah Jobs w dowolnym momencie. Po zako\u0144czeniu przegl\u0105dania tych materia\u0142\u00f3w lub rozwi\u0105zaniu niniejszej licencji, musisz zniszczy\u0107 wszystkie pobrane materia\u0142y b\u0119d\u0105ce w Twoim posiadaniu, zar\u00f3wno w formie elektronicznej, jak i drukowanej.<\/p>\n\n\n\n<h2 class=\"wp-block-heading\">3. Zastrze\u017cenie<\/h2>\n\n\n\n<ol class=\"wp-block-list\">\n<li>Materia\u0142y na stronie internetowej Ah Jobs s\u0105 udost\u0119pniane \u2018tak jak s\u0105\u2019. Ah Jobs nie udziela \u017cadnych gwarancji, wyra\u017anych ani dorozumianych, i niniejszym zrzeka si\u0119 i neguje wszelkie inne gwarancje, w tym mi\u0119dzy innymi dorozumiane gwarancje lub warunki przydatno\u015bci handlowej, przydatno\u015bci do okre\u015blonego celu lub nienaruszania praw w\u0142asno\u015bci intelektualnej lub innych narusze\u0144 praw.<\/li>\n\n\n\n<li>Ponadto Ah Jobs nie gwarantuje i nie sk\u0142ada \u017cadnych o\u015bwiadcze\u0144 dotycz\u0105cych dok\u0142adno\u015bci, prawdopodobnych wynik\u00f3w lub niezawodno\u015bci korzystania z materia\u0142\u00f3w zamieszczonych na swojej stronie internetowej lub w inny spos\u00f3b powi\u0105zanych z takimi materia\u0142ami b\u0105d\u017a z witrynami po\u0142\u0105czonymi z t\u0105 witryn\u0105.<\/li>\n<\/ol>\n\n\n\n<h2 class=\"wp-block-heading\">4. Ograniczenia<\/h2>\n\n\n\n<p>W \u017cadnym wypadku Ah Jobs ani jego dostawcy nie ponosz\u0105 odpowiedzialno\u015bci za jakiekolwiek szkody (w tym mi\u0119dzy innymi szkody z tytu\u0142u utraty danych lub zysk\u00f3w, lub z powodu przerwy w dzia\u0142alno\u015bci) wynikaj\u0105ce z korzystania z materia\u0142\u00f3w dost\u0119pnych w Ah Jobs lub niemo\u017cno\u015bci korzystania z nich, nawet je\u015bli Ah Jobs lub upowa\u017cniony przedstawiciel Ah Jobs zosta\u0142 powiadomiony ustnie lub pisemnie o mo\u017cliwo\u015bci wyst\u0105pienia takich szk\u00f3d. Poniewa\u017c niekt\u00f3re jurysdykcje nie zezwalaj\u0105 na ograniczenia gwarancji dorozumianych ani ograniczenia odpowiedzialno\u015bci za szkody nast\u0119pcze lub uboczne, ograniczenia te mog\u0105 nie mie\u0107 zastosowania w Pa\u0144stwa przypadku.<\/p>\n\n\n\n<h2 class=\"wp-block-heading\">5. Precyzja materia\u0142\u00f3w<\/h2>\n\n\n\n<p>Materia\u0142y prezentowane na stronie internetowej Ah Jobs mog\u0105 zawiera\u0107 b\u0142\u0119dy techniczne, typograficzne lub fotograficzne. Ah Jobs nie gwarantuje dok\u0142adno\u015bci, kompletno\u015bci ani aktualno\u015bci materia\u0142\u00f3w na swojej stronie internetowej. Ah Jobs mo\u017ce wprowadza\u0107 zmiany w materia\u0142ach zawartych na swojej stronie internetowej w dowolnym momencie i bez uprzedzenia. Jednak\u017ce Ah Jobs nie zobowi\u0105zuje si\u0119 do aktualizacji tych materia\u0142\u00f3w.<\/p>\n\n\n\n<h2 class=\"wp-block-heading\">6. Linki<\/h2>\n\n\n\n<p>Ah Jobs nie sprawdzi\u0142 wszystkich stron internetowych, do kt\u00f3rych prowadz\u0105 linki z jego witryny, i nie ponosi odpowiedzialno\u015bci za tre\u015b\u0107 \u017cadnej z nich. Zamieszczenie linku nie oznacza rekomendacji witryny przez Ah Jobs. Korzystanie z linkowanych stron internetowych odbywa si\u0119 na w\u0142asne ryzyko u\u017cytkownika.<\/p>\n\n\n\n<h3 class=\"wp-block-heading\">Modyfikacje<\/h3>\n\n\n\n<p>Ah Jobs mo\u017ce zmieni\u0107 niniejsze warunki korzystania ze strony internetowej w dowolnym momencie i bez powiadomienia. Korzystaj\u0105c z tej strony internetowej, zgadzasz si\u0119 na obowi\u0105zywanie aktualnej wersji niniejszych warunk\u00f3w korzystania z us\u0142ugi.<\/p>\n\n\n\n<h3 class=\"wp-block-heading\">Prawo w\u0142a\u015bciwe<\/h3>\n\n\n\n<p>Niniejsze warunki podlegaj\u0105 przepisom prawa obowi\u0105zuj\u0105cego w Ah Jobs i zgodnie z nimi b\u0119d\u0105 interpretowane. U\u017cytkownik nieodwo\u0142alnie poddaje si\u0119 wy\u0142\u0105cznej jurysdykcji s\u0105d\u00f3w danego stanu lub miejscowo\u015bci.<\/p>","protected":false},"excerpt":{"rendered":"<p>Ao acessar ao site\u00a0Ah Jobs, concorda em cumprir estes termos de servi\u00e7o, todas as leis e regulamentos aplic\u00e1veis \u200b\u200be concorda que \u00e9 respons\u00e1vel pelo cumprimento de todas as leis locais aplic\u00e1veis. Se voc\u00ea n\u00e3o concordar com algum desses termos, est\u00e1 proibido de usar ou acessar este site. Os materiais contidos neste site s\u00e3o protegidos pelas [&hellip;]<\/p>\n","protected":false},"author":1,"featured_media":0,"parent":0,"menu_order":0,"comment_status":"closed","ping_status":"closed","template":"","meta":{"footnotes":""},"class_list":["post-51","page","type-page","status-publish"],"_links":{"self":[{"href":"https:\/\/ahjobs.com.br\/pl\/wp-json\/wp\/v2\/pages\/51","targetHints":{"allow":["GET"]}}],"collection":[{"href":"https:\/\/ahjobs.com.br\/pl\/wp-json\/wp\/v2\/pages"}],"about":[{"href":"https:\/\/ahjobs.com.br\/pl\/wp-json\/wp\/v2\/types\/page"}],"author":[{"embeddable":true,"href":"https:\/\/ahjobs.com.br\/pl\/wp-json\/wp\/v2\/users\/1"}],"replies":[{"embeddable":true,"href":"https:\/\/ahjobs.com.br\/pl\/wp-json\/wp\/v2\/comments?post=51"}],"version-history":[{"count":1,"href":"https:\/\/ahjobs.com.br\/pl\/wp-json\/wp\/v2\/pages\/51\/revisions"}],"predecessor-version":[{"id":52,"href":"https:\/\/ahjobs.com.br\/pl\/wp-json\/wp\/v2\/pages\/51\/revisions\/52"}],"wp:attachment":[{"href":"https:\/\/ahjobs.com.br\/pl\/wp-json\/wp\/v2\/media?parent=51"}],"curies":[{"name":"wp","href":"https:\/\/api.w.org\/{rel}","templated":true}]}}