{"id":55,"date":"2026-02-20T16:42:28","date_gmt":"2026-02-20T16:42:28","guid":{"rendered":"https:\/\/ahjobs.com.br\/?page_id=55"},"modified":"2026-02-20T16:42:29","modified_gmt":"2026-02-20T16:42:29","slug":"quem-somos","status":"publish","type":"page","link":"https:\/\/ahjobs.com.br\/pl\/kim-jestesmy\/","title":{"rendered":"Kim jeste\u015bmy"},"content":{"rendered":"<p>Ahjobs to platforma dedykowana \u015bwiatu zawodowemu, stworzona z my\u015bl\u0105 o po\u0142\u0105czeniu Ci\u0119 z najlepszymi ofertami pracy i rozwoju kariery. Z misj\u0105 pomagania profesjonalistom w osi\u0105ganiu ich cel\u00f3w, Ahjobs oferuje bogate w informacje i aktualne tre\u015bci na temat ofert pracy, trend\u00f3w rynkowych, wskaz\u00f3wek dotycz\u0105cych kariery i rozwoju osobistego.<\/p>\n\n\n\n<p>W Ahjobs codziennie publikujemy artyku\u0142y, poradniki i samouczki stworzone przez ekspert\u00f3w z bran\u017cy, obejmuj\u0105ce tematy od tworzenia atrakcyjnego CV po najlepsze praktyki w zakresie rozm\u00f3w kwalifikacyjnych. Naszym celem jest zapewnienie Ci narz\u0119dzi i wiedzy niezb\u0119dnej do pewnego i strategicznego poruszania si\u0119 po rynku pracy.<\/p>\n\n\n\n<p>Ahjobs.com.br jest zarejestrowanym znakiem towarowym SpotAds.me, prowadzonym przez zesp\u00f3\u0142 profesjonalist\u00f3w, kt\u00f3rych pasj\u0105 s\u0105 zasoby ludzkie, rozw\u00f3j kariery i sukces zawodowy. Nasi autorzy i eksperci dok\u0142adaj\u0105 wszelkich stara\u0144, aby dostarcza\u0107 naszym czytelnikom wysokiej jako\u015bci, rzetelne i trafne tre\u015bci, poniewa\u017c wierzymy, \u017ce dost\u0119p do odpowiednich informacji i wskaz\u00f3wek to pierwszy krok do sukcesu zawodowego.<\/p>\n\n\n\n<p>Zach\u0119camy r\u00f3wnie\u017c do interakcji i wymiany do\u015bwiadcze\u0144 za po\u015brednictwem naszych sieci spo\u0142eczno\u015bciowych i for\u00f3w, gdzie mo\u017cna nawi\u0105za\u0107 kontakt z innymi specjalistami, zadawa\u0107 pytania i dzieli\u0107 si\u0119 swoimi historiami. Cenimy opinie naszych czytelnik\u00f3w i jeste\u015bmy zawsze otwarci na sugestie, aby nasza platforma by\u0142a jeszcze bardziej u\u017cyteczna i kompleksowa.<\/p>\n\n\n\n<p>Obserwuj nas, aby by\u0107 na bie\u017c\u0105co z najnowszymi wiadomo\u015bciami ze \u015bwiata zawodowego i korzysta\u0107 z najlepszych tre\u015bci na temat zatrudnienia i rozwoju kariery. Dzi\u0119kujemy za zaufanie Ahjobs.com.br!<\/p>","protected":false},"excerpt":{"rendered":"<p>O Ahjobs \u00e9 uma plataforma dedicada ao universo profissional, criada com o objetivo de conectar voc\u00ea \u00e0s melhores oportunidades de emprego e desenvolvimento de carreira. Fundado com a miss\u00e3o de ajudar profissionais a alcan\u00e7ar seus objetivos, o Ahjobs oferece conte\u00fado informativo e atualizado sobre vagas de emprego, tend\u00eancias de mercado, dicas de carreira e desenvolvimento [&hellip;]<\/p>\n","protected":false},"author":1,"featured_media":0,"parent":0,"menu_order":0,"comment_status":"closed","ping_status":"closed","template":"","meta":{"footnotes":""},"class_list":["post-55","page","type-page","status-publish"],"_links":{"self":[{"href":"https:\/\/ahjobs.com.br\/pl\/wp-json\/wp\/v2\/pages\/55","targetHints":{"allow":["GET"]}}],"collection":[{"href":"https:\/\/ahjobs.com.br\/pl\/wp-json\/wp\/v2\/pages"}],"about":[{"href":"https:\/\/ahjobs.com.br\/pl\/wp-json\/wp\/v2\/types\/page"}],"author":[{"embeddable":true,"href":"https:\/\/ahjobs.com.br\/pl\/wp-json\/wp\/v2\/users\/1"}],"replies":[{"embeddable":true,"href":"https:\/\/ahjobs.com.br\/pl\/wp-json\/wp\/v2\/comments?post=55"}],"version-history":[{"count":1,"href":"https:\/\/ahjobs.com.br\/pl\/wp-json\/wp\/v2\/pages\/55\/revisions"}],"predecessor-version":[{"id":56,"href":"https:\/\/ahjobs.com.br\/pl\/wp-json\/wp\/v2\/pages\/55\/revisions\/56"}],"wp:attachment":[{"href":"https:\/\/ahjobs.com.br\/pl\/wp-json\/wp\/v2\/media?parent=55"}],"curies":[{"name":"wp","href":"https:\/\/api.w.org\/{rel}","templated":true}]}}