{"id":55,"date":"2026-02-20T16:42:28","date_gmt":"2026-02-20T16:42:28","guid":{"rendered":"https:\/\/ahjobs.com.br\/?page_id=55"},"modified":"2026-02-20T16:42:29","modified_gmt":"2026-02-20T16:42:29","slug":"quem-somos","status":"publish","type":"page","link":"https:\/\/ahjobs.com.br\/ro\/cine-suntem\/","title":{"rendered":"Cine suntem"},"content":{"rendered":"<p>Ahjobs este o platform\u0103 dedicat\u0103 lumii profesionale, creat\u0103 cu scopul de a te conecta la cele mai bune oportunit\u0103\u021bi de angajare \u0219i dezvoltare profesional\u0103. Fondat\u0103 cu misiunea de a ajuta profesioni\u0219tii s\u0103 \u00ee\u0219i ating\u0103 obiectivele, Ahjobs ofer\u0103 con\u021binut informativ \u0219i actualizat despre locuri de munc\u0103 vacante, tendin\u021be de pia\u021b\u0103, sfaturi de carier\u0103 \u0219i dezvoltare personal\u0103.<\/p>\n\n\n\n<p>Aici, la Ahjobs, public\u0103m zilnic articole, ghiduri \u0219i tutoriale create de exper\u021bi din industrie, acoperind subiecte variind de la crearea unui CV atractiv p\u00e2n\u0103 la cele mai bune practici pentru interviurile de angajare. Scopul nostru este de a v\u0103 oferi instrumentele \u0219i cuno\u0219tin\u021bele de care ave\u021bi nevoie pentru a naviga pe pia\u021ba muncii cu \u00eencredere \u0219i strategie.<\/p>\n\n\n\n<p>Ahjobs.com.br este o marc\u0103 \u00eenregistrat\u0103 a SpotAds.me, administrat\u0103 de o echip\u0103 de profesioni\u0219ti pasiona\u021bi de resurse umane, dezvoltarea carierei \u0219i succesul profesional. Scriitorii \u0219i exper\u021bii no\u0219tri se angajeaz\u0103 s\u0103 ofere cititorilor no\u0219tri con\u021binut de \u00eenalt\u0103 calitate, precis \u0219i relevant, deoarece credem c\u0103 accesul la informa\u021bii \u0219i \u00eendrum\u0103ri adecvate este primul pas c\u0103tre succesul profesional.<\/p>\n\n\n\n<p>De asemenea, \u00eencuraj\u0103m interac\u021biunea \u0219i schimbul de experien\u021be prin intermediul re\u021belelor noastre sociale \u0219i forumurilor, unde v\u0103 pute\u021bi conecta cu al\u021bi profesioni\u0219ti, pute\u021bi pune \u00eentreb\u0103ri \u0219i v\u0103 pute\u021bi \u00eemp\u0103rt\u0103\u0219i propriile pove\u0219ti. Apreciem feedback-ul cititorilor no\u0219tri \u0219i suntem \u00eentotdeauna deschi\u0219i la sugestii pentru a face platforma noastr\u0103 \u0219i mai util\u0103 \u0219i mai cuprinz\u0103toare.<\/p>\n\n\n\n<p>Urm\u0103ri\u021bi-ne pentru a fi la curent cu cele mai recente \u0219tiri din lumea profesional\u0103 \u0219i pentru a v\u0103 bucura de cel mai bun con\u021binut despre angajabilitate \u0219i dezvoltarea carierei. V\u0103 mul\u021bumim c\u0103 a\u021bi avut \u00eencredere \u00een Ahjobs.com.br!<\/p>","protected":false},"excerpt":{"rendered":"<p>O Ahjobs \u00e9 uma plataforma dedicada ao universo profissional, criada com o objetivo de conectar voc\u00ea \u00e0s melhores oportunidades de emprego e desenvolvimento de carreira. Fundado com a miss\u00e3o de ajudar profissionais a alcan\u00e7ar seus objetivos, o Ahjobs oferece conte\u00fado informativo e atualizado sobre vagas de emprego, tend\u00eancias de mercado, dicas de carreira e desenvolvimento [&hellip;]<\/p>\n","protected":false},"author":1,"featured_media":0,"parent":0,"menu_order":0,"comment_status":"closed","ping_status":"closed","template":"","meta":{"footnotes":""},"class_list":["post-55","page","type-page","status-publish"],"_links":{"self":[{"href":"https:\/\/ahjobs.com.br\/ro\/wp-json\/wp\/v2\/pages\/55","targetHints":{"allow":["GET"]}}],"collection":[{"href":"https:\/\/ahjobs.com.br\/ro\/wp-json\/wp\/v2\/pages"}],"about":[{"href":"https:\/\/ahjobs.com.br\/ro\/wp-json\/wp\/v2\/types\/page"}],"author":[{"embeddable":true,"href":"https:\/\/ahjobs.com.br\/ro\/wp-json\/wp\/v2\/users\/1"}],"replies":[{"embeddable":true,"href":"https:\/\/ahjobs.com.br\/ro\/wp-json\/wp\/v2\/comments?post=55"}],"version-history":[{"count":1,"href":"https:\/\/ahjobs.com.br\/ro\/wp-json\/wp\/v2\/pages\/55\/revisions"}],"predecessor-version":[{"id":56,"href":"https:\/\/ahjobs.com.br\/ro\/wp-json\/wp\/v2\/pages\/55\/revisions\/56"}],"wp:attachment":[{"href":"https:\/\/ahjobs.com.br\/ro\/wp-json\/wp\/v2\/media?parent=55"}],"curies":[{"name":"wp","href":"https:\/\/api.w.org\/{rel}","templated":true}]}}