{"id":55,"date":"2026-02-20T16:42:28","date_gmt":"2026-02-20T16:42:28","guid":{"rendered":"https:\/\/ahjobs.com.br\/?page_id=55"},"modified":"2026-02-20T16:42:29","modified_gmt":"2026-02-20T16:42:29","slug":"quem-somos","status":"publish","type":"page","link":"https:\/\/ahjobs.com.br\/sl\/kdo-smo\/","title":{"rendered":"Kdo smo"},"content":{"rendered":"<p>Ahjobs je platforma, namenjena profesionalnemu svetu, ustvarjena z namenom, da vas pove\u017ee z najbolj\u0161imi zaposlitvenimi mo\u017enostmi in kariernim razvojem. Ahjobs, ustanovljen z namenom, da pomaga strokovnjakom dose\u010di njihove cilje, ponuja informativne in a\u017eurne vsebine o prostih delovnih mestih, tr\u017enih trendih, kariernih nasvetih in osebnem razvoju.<\/p>\n\n\n\n<p>Pri Ahjobs dnevno objavljamo \u010dlanke, vodnike in vadnice, ki jih ustvarjajo strokovnjaki iz panoge, in zajemajo teme, od pisanja privla\u010dnega \u017eivljenjepisa do najbolj\u0161ih praks za razgovore za slu\u017ebo. Na\u0161 cilj je, da vam zagotovimo orodja in znanje, ki jih potrebujete za samozavestno in strate\u0161ko krmarjenje po trgu dela.<\/p>\n\n\n\n<p>Ahjobs.com.br je registrirana blagovna znamka SpotAds.me, ki jo vzdr\u017euje ekipa strokovnjakov, ki jih navdu\u0161ujejo \u010dlove\u0161ke viri, karierni razvoj in profesionalni uspeh. Na\u0161i pisci in strokovnjaki so zavezani k zagotavljanju visokokakovostne, natan\u010dne in ustrezne vsebine na\u0161im bralcem, saj verjamemo, da je dostop do ustreznih informacij in smernic prvi korak do profesionalnega uspeha.<\/p>\n\n\n\n<p>Prav tako spodbujamo interakcijo in izmenjavo izku\u0161enj prek na\u0161ih dru\u017ebenih omre\u017eij in forumov, kjer se lahko pove\u017eete z drugimi strokovnjaki, postavljate vpra\u0161anja in delite svoje zgodbe. Cenimo povratne informacije na\u0161ih bralcev in smo vedno odprti za predloge, s katerimi bomo na\u0161o platformo naredili \u0161e bolj uporabno in celovito.<\/p>\n\n\n\n<p>Spremljajte nas, da boste na teko\u010dem z najnovej\u0161imi novicami iz profesionalnega sveta in u\u017eivali v najbolj\u0161ih vsebinah o zaposljivosti in kariernem razvoju. Hvala, ker zaupate Ahjobs.com.br!<\/p>","protected":false},"excerpt":{"rendered":"<p>O Ahjobs \u00e9 uma plataforma dedicada ao universo profissional, criada com o objetivo de conectar voc\u00ea \u00e0s melhores oportunidades de emprego e desenvolvimento de carreira. Fundado com a miss\u00e3o de ajudar profissionais a alcan\u00e7ar seus objetivos, o Ahjobs oferece conte\u00fado informativo e atualizado sobre vagas de emprego, tend\u00eancias de mercado, dicas de carreira e desenvolvimento [&hellip;]<\/p>\n","protected":false},"author":1,"featured_media":0,"parent":0,"menu_order":0,"comment_status":"closed","ping_status":"closed","template":"","meta":{"footnotes":""},"class_list":["post-55","page","type-page","status-publish"],"_links":{"self":[{"href":"https:\/\/ahjobs.com.br\/sl\/wp-json\/wp\/v2\/pages\/55","targetHints":{"allow":["GET"]}}],"collection":[{"href":"https:\/\/ahjobs.com.br\/sl\/wp-json\/wp\/v2\/pages"}],"about":[{"href":"https:\/\/ahjobs.com.br\/sl\/wp-json\/wp\/v2\/types\/page"}],"author":[{"embeddable":true,"href":"https:\/\/ahjobs.com.br\/sl\/wp-json\/wp\/v2\/users\/1"}],"replies":[{"embeddable":true,"href":"https:\/\/ahjobs.com.br\/sl\/wp-json\/wp\/v2\/comments?post=55"}],"version-history":[{"count":1,"href":"https:\/\/ahjobs.com.br\/sl\/wp-json\/wp\/v2\/pages\/55\/revisions"}],"predecessor-version":[{"id":56,"href":"https:\/\/ahjobs.com.br\/sl\/wp-json\/wp\/v2\/pages\/55\/revisions\/56"}],"wp:attachment":[{"href":"https:\/\/ahjobs.com.br\/sl\/wp-json\/wp\/v2\/media?parent=55"}],"curies":[{"name":"delovni list","href":"https:\/\/api.w.org\/{rel}","templated":true}]}}