{"id":53,"date":"2026-02-20T16:42:09","date_gmt":"2026-02-20T16:42:09","guid":{"rendered":"https:\/\/ahjobs.com.br\/?page_id=53"},"modified":"2026-02-20T16:42:10","modified_gmt":"2026-02-20T16:42:10","slug":"politica-de-privacidade","status":"publish","type":"page","link":"https:\/\/ahjobs.com.br\/sv\/integritetspolicy\/","title":{"rendered":"Integritetspolicy"},"content":{"rendered":"<p>Din integritet \u00e4r viktig f\u00f6r oss. Ah Jobs policy \u00e4r att respektera din integritet g\u00e4llande all information vi kan komma att samla in fr\u00e5n dig p\u00e5 webbplatsen.\u00a0<a href=\"https:\/\/ahjobs.com.br\/sv\/\" data-type=\"link\" data-id=\"https:\/\/ahjobs.com.br\/\">Ah Jobs<\/a>, och andra webbplatser som vi \u00e4ger och driver.<\/p>\n\n\n\n<p>Vi beg\u00e4r endast personuppgifter n\u00e4r vi verkligen beh\u00f6ver dem f\u00f6r att tillhandah\u00e5lla en tj\u00e4nst till dig. Vi g\u00f6r det p\u00e5 ett r\u00e4ttvist och lagligt s\u00e4tt, med din vetskap och ditt samtycke. Vi informerar dig ocks\u00e5 om varf\u00f6r vi samlar in dem och hur de kommer att anv\u00e4ndas.<\/p>\n\n\n\n<p>Vi beh\u00e5ller endast insamlad information s\u00e5 l\u00e4nge som det \u00e4r n\u00f6dv\u00e4ndigt f\u00f6r att tillhandah\u00e5lla den beg\u00e4rda tj\u00e4nsten. N\u00e4r vi lagrar data skyddar vi den med kommersiellt acceptabla medel f\u00f6r att f\u00f6rhindra f\u00f6rlust och st\u00f6ld, samt obeh\u00f6rig \u00e5tkomst, avsl\u00f6jande, kopiering, anv\u00e4ndning eller modifiering.<\/p>\n\n\n\n<p>Vi delar inte personligt identifierbar information offentligt eller med tredje part, f\u00f6rutom n\u00e4r det kr\u00e4vs enligt lag.<\/p>\n\n\n\n<p>V\u00e5r webbplats kan inneh\u00e5lla l\u00e4nkar till externa webbplatser som inte drivs av oss. Observera att vi inte har n\u00e5gon kontroll \u00f6ver inneh\u00e5llet och praxisen p\u00e5 dessa webbplatser och kan inte ta ansvar f\u00f6r deras respektive policyer.\u00a0<a href=\"https:\/\/politicaprivacidade.com\/\">sekretesspolicyer<\/a>.<\/p>\n\n\n\n<p>Du kan avb\u00f6ja v\u00e5r beg\u00e4ran om personuppgifter, med f\u00f6rst\u00e5else f\u00f6r att vi kanske inte kan tillhandah\u00e5lla vissa av de tj\u00e4nster du \u00f6nskar.<\/p>\n\n\n\n<p>Fortsatt anv\u00e4ndning av v\u00e5r webbplats kommer att betraktas som godk\u00e4nnande av v\u00e5ra rutiner g\u00e4llande integritet och personuppgifter. Om du har n\u00e5gra fr\u00e5gor om hur vi hanterar anv\u00e4ndardata och personuppgifter, v\u00e4nligen kontakta oss.<\/p>\n\n\n\n<h2 class=\"wp-block-heading\">Ah Jobs Cookiepolicy<\/h2>\n\n\n\n<h3 class=\"wp-block-heading\">Vad \u00e4r kakor?<\/h3>\n\n\n\n<p>Som vanligt med n\u00e4stan alla professionella webbplatser anv\u00e4nder den h\u00e4r webbplatsen cookies, sm\u00e5 filer som laddas ner till din dator, f\u00f6r att f\u00f6rb\u00e4ttra din upplevelse. Den h\u00e4r sidan beskriver vilken information de samlar in, hur vi anv\u00e4nder den och varf\u00f6r vi ibland beh\u00f6ver lagra dessa cookies. Vi kommer ocks\u00e5 att dela med oss av hur du kan f\u00f6rhindra att dessa cookies lagras, men detta kan f\u00f6rs\u00e4mra eller &quot;f\u00f6rst\u00f6ra&quot; vissa delar av webbplatsens funktionalitet.<\/p>\n\n\n\n<h3 class=\"wp-block-heading\">Hur anv\u00e4nder vi cookies?<\/h3>\n\n\n\n<p>Vi anv\u00e4nder cookies av olika anledningar, vilka beskrivs nedan. Tyv\u00e4rr finns det i de flesta fall inga branschstandardalternativ f\u00f6r att inaktivera cookies utan att helt inaktivera de funktioner och funktioner de l\u00e4gger till p\u00e5 den h\u00e4r webbplatsen. Det rekommenderas att du l\u00e4mnar alla cookies aktiverade om du \u00e4r os\u00e4ker p\u00e5 om du beh\u00f6ver dem eller inte, ifall de anv\u00e4nds f\u00f6r att tillhandah\u00e5lla en tj\u00e4nst du anv\u00e4nder.<\/p>\n\n\n\n<h3 class=\"wp-block-heading\">Inaktivera cookies<\/h3>\n\n\n\n<p>Du kan f\u00f6rhindra att cookies sparas genom att justera inst\u00e4llningarna i din webbl\u00e4sare (se webbl\u00e4sarens hj\u00e4lp f\u00f6r information om hur du g\u00f6r detta). Var medveten om att inaktivering av cookies p\u00e5verkar funktionaliteten p\u00e5 denna och m\u00e5nga andra webbplatser som du bes\u00f6ker. Att inaktivera cookies leder vanligtvis \u00e4ven till att vissa funktioner och funktioner p\u00e5 webbplatsen inaktiveras. D\u00e4rf\u00f6r rekommenderas det att du inte inaktiverar cookies.<\/p>\n\n\n\n<h3 class=\"wp-block-heading\">Cookies vi anv\u00e4nder<\/h3>\n\n\n\n<ul class=\"wp-block-list\">\n<li>Kontorelaterade cookies: Om du skapar ett konto hos oss anv\u00e4nder vi cookies f\u00f6r att hantera registreringsprocessen och allm\u00e4n administration. Dessa cookies raderas vanligtvis n\u00e4r du loggar ut fr\u00e5n systemet, men i vissa fall kan de finnas kvar efter\u00e5t f\u00f6r att komma ih\u00e5g dina webbplatsinst\u00e4llningar n\u00e4r du l\u00e4mnar.<\/li>\n\n\n\n<li>Inloggningsrelaterade cookies: Vi anv\u00e4nder cookies n\u00e4r du \u00e4r inloggad s\u00e5 att vi kan komma ih\u00e5g denna \u00e5tg\u00e4rd. Detta f\u00f6rhindrar att du beh\u00f6ver logga in varje g\u00e5ng du bes\u00f6ker en ny sida. Dessa cookies tas normalt bort eller rensas n\u00e4r du loggar ut f\u00f6r att s\u00e4kerst\u00e4lla att du bara kan komma \u00e5t begr\u00e4nsade resurser och omr\u00e5den n\u00e4r du \u00e4r inloggad.<\/li>\n\n\n\n<li>Kakor relaterade till e-postnyhetsbrev: Denna webbplats erbjuder nyhetsbrevs- eller e-postprenumerationstj\u00e4nster och kakor kan anv\u00e4ndas f\u00f6r att komma ih\u00e5g om du redan \u00e4r registrerad och om vissa aviseringar som endast \u00e4r giltiga f\u00f6r prenumererande\/avprenumererande anv\u00e4ndare ska visas.<\/li>\n\n\n\n<li>Cookies relaterade till orderbehandling: Den h\u00e4r webbplatsen erbjuder e-handel eller betalningstj\u00e4nster och vissa cookies \u00e4r viktiga f\u00f6r att s\u00e4kerst\u00e4lla att din best\u00e4llning sparas mellan sidor s\u00e5 att vi kan behandla den korrekt.<\/li>\n\n\n\n<li>Cookies relaterade till unders\u00f6kningar: Vi erbjuder regelbundet unders\u00f6kningar och fr\u00e5geformul\u00e4r f\u00f6r att ge intressant information, anv\u00e4ndbara verktyg eller f\u00f6r att f\u00f6rst\u00e5 v\u00e5r anv\u00e4ndarbas mer exakt. Dessa unders\u00f6kningar kan anv\u00e4nda cookies f\u00f6r att komma ih\u00e5g vilka som redan har deltagit i en unders\u00f6kning eller f\u00f6r att ge korrekta resultat efter sid\u00e4ndringar.<\/li>\n\n\n\n<li>Formul\u00e4rrelaterade cookies: N\u00e4r du skickar in data via ett formul\u00e4r, till exempel de som finns p\u00e5 kontaktsidor eller kommentarsformul\u00e4r, kan cookies st\u00e4llas in f\u00f6r att komma ih\u00e5g dina anv\u00e4ndaruppgifter f\u00f6r framtida korrespondens.<\/li>\n\n\n\n<li>Webbplatspreferenscookies: F\u00f6r att ge dig en bra upplevelse p\u00e5 den h\u00e4r webbplatsen erbjuder vi funktioner f\u00f6r att st\u00e4lla in dina inst\u00e4llningar f\u00f6r hur webbplatsen beter sig n\u00e4r du anv\u00e4nder den. F\u00f6r att komma ih\u00e5g dina inst\u00e4llningar beh\u00f6ver vi st\u00e4lla in cookies s\u00e5 att denna information kan h\u00e4mtas n\u00e4r du interagerar med en sida som p\u00e5verkas av dina inst\u00e4llningar.<\/li>\n<\/ul>\n\n\n\n<h3 class=\"wp-block-heading\">Tredjepartscookies<\/h3>\n\n\n\n<p>I vissa specialfall anv\u00e4nder vi \u00e4ven cookies fr\u00e5n betrodda tredje parter. F\u00f6ljande avsnitt beskriver vilka tredjepartscookies du kan st\u00f6ta p\u00e5 via denna webbplats.<\/p>\n\n\n\n<ul class=\"wp-block-list\">\n<li>Den h\u00e4r webbplatsen anv\u00e4nder Google Analytics, en av de mest utbredda och betrodda analysl\u00f6sningarna p\u00e5 webben, f\u00f6r att hj\u00e4lpa oss att f\u00f6rst\u00e5 hur du anv\u00e4nder webbplatsen och hur vi kan f\u00f6rb\u00e4ttra din upplevelse. Dessa cookies kan sp\u00e5ra saker som hur l\u00e4nge du spenderar p\u00e5 webbplatsen och vilka sidor du bes\u00f6ker s\u00e5 att vi kan forts\u00e4tta producera engagerande inneh\u00e5ll.<\/li>\n<\/ul>\n\n\n\n<p>F\u00f6r mer information om Google Analytics-cookies, bes\u00f6k den officiella Google Analytics-sidan.<\/p>\n\n\n\n<ul class=\"wp-block-list\">\n<li>Tredjepartsanalys anv\u00e4nds f\u00f6r att sp\u00e5ra och m\u00e4ta anv\u00e4ndningen av denna webbplats s\u00e5 att vi kan forts\u00e4tta producera engagerande inneh\u00e5ll. Dessa cookies kan sp\u00e5ra saker som hur l\u00e4nge du spenderar p\u00e5 webbplatsen eller p\u00e5 sidor du bes\u00f6ker, vilket hj\u00e4lper oss att f\u00f6rst\u00e5 hur vi kan f\u00f6rb\u00e4ttra webbplatsen f\u00f6r dig.<\/li>\n\n\n\n<li>Med j\u00e4mna mellanrum testar vi nya funktioner och g\u00f6r sm\u00e5 \u00e4ndringar i hur webbplatsen presenteras. Medan vi fortfarande testar nya funktioner kan dessa cookies anv\u00e4ndas f\u00f6r att s\u00e4kerst\u00e4lla att du f\u00e5r en enhetlig upplevelse p\u00e5 webbplatsen, samtidigt som vi f\u00f6rst\u00e5r vilka optimeringar v\u00e5ra anv\u00e4ndare uppskattar mest.<\/li>\n\n\n\n<li>N\u00e4r vi s\u00e4ljer produkter \u00e4r det viktigt f\u00f6r oss att f\u00f6rst\u00e5 statistik \u00f6ver hur m\u00e5nga av v\u00e5ra webbplatsbes\u00f6kare som faktiskt g\u00f6r ett k\u00f6p, och det \u00e4r den typ av data som dessa cookies kommer att sp\u00e5ra. Detta \u00e4r viktigt f\u00f6r dig eftersom det inneb\u00e4r att vi kan g\u00f6ra korrekta aff\u00e4rsprognoser som g\u00f6r att vi kan analysera v\u00e5ra annonserings- och produktkostnader f\u00f6r att s\u00e4kerst\u00e4lla b\u00e4sta m\u00f6jliga pris.<\/li>\n\n\n\n<li>Google AdSense-tj\u00e4nsten som vi anv\u00e4nder f\u00f6r att visa annonser anv\u00e4nder en DoubleClick-cookie f\u00f6r att leverera mer relevanta annonser p\u00e5 webben och begr\u00e4nsa antalet g\u00e5nger en given annons visas f\u00f6r dig.<br>F\u00f6r mer information om Google AdSense, v\u00e4nligen se de officiella vanliga fr\u00e5gorna om sekretess f\u00f6r Google AdSense.<\/li>\n\n\n\n<li>Vi anv\u00e4nder reklam f\u00f6r att t\u00e4cka kostnaderna f\u00f6r att driva webbplatsen och f\u00f6r att finansiera framtida utveckling. De beteendem\u00e4ssiga annonseringscookies som anv\u00e4nds av webbplatsen \u00e4r utformade f\u00f6r att s\u00e4kerst\u00e4lla att du f\u00e5r de mest relevanta annonserna n\u00e4r det \u00e4r m\u00f6jligt genom att anonymt sp\u00e5ra dina intressen och presentera liknande saker som kan vara av intresse f\u00f6r dig.<\/li>\n\n\n\n<li>Flera partners annonserar f\u00f6r v\u00e5r r\u00e4kning, och affiliate-sp\u00e5rningscookies l\u00e5ter oss helt enkelt se om v\u00e5ra kunder bes\u00f6kte webbplatsen via en av v\u00e5ra partnerwebbplatser, s\u00e5 att vi kan kreditera dem p\u00e5 l\u00e4mpligt s\u00e4tt och, i f\u00f6rekommande fall, l\u00e5ta v\u00e5ra affiliate-partners erbjuda eventuella kampanjer som de kan tillhandah\u00e5lla f\u00f6r att uppmuntra dig att g\u00f6ra ett k\u00f6p.<\/li>\n<\/ul>\n\n\n\n<h3 class=\"wp-block-heading\">Anv\u00e4ndarengagemang<\/h3>\n\n\n\n<p>Anv\u00e4ndaren samtycker till att p\u00e5 l\u00e4mpligt s\u00e4tt anv\u00e4nda inneh\u00e5llet och informationen som Ah Jobs erbjuder p\u00e5 webbplatsen, inklusive men inte begr\u00e4nsat till:<\/p>\n\n\n\n<ul class=\"wp-block-list\">\n<li>A) Att inte delta i verksamhet som \u00e4r olaglig eller strider mot god tro och allm\u00e4n ordning;<\/li>\n\n\n\n<li>B) Att inte sprida propaganda eller inneh\u00e5ll av rasistisk, fr\u00e4mlingsfientlig natur,\u00a0<a href=\"https:\/\/web.archive.org\/web\/20251207014554\/https:\/\/ondeapostar.pt\/onde-da-a-bola\/\">Vart tar bollen v\u00e4gen?<\/a>\u00a0eller otur, alla typer av olaglig pornografi, uppvigling till terrorism eller inneh\u00e5ll som bryter mot m\u00e4nskliga r\u00e4ttigheter;<\/li>\n\n\n\n<li>C) Att inte orsaka skada p\u00e5 Ah Jobs, dess leverant\u00f6rers eller tredje parts fysiska (h\u00e5rdvara) och logiska (programvara) system genom att introducera eller sprida datavirus eller andra h\u00e5rdvaru- eller programvarusystem som kan orsaka ovann\u00e4mnda skador.<\/li>\n<\/ul>\n\n\n\n<h3 class=\"wp-block-heading\">Mer information<\/h3>\n\n\n\n<p>Vi hoppas att detta \u00e4r tydligt och, som tidigare n\u00e4mnts, om det \u00e4r n\u00e5got du \u00e4r os\u00e4ker p\u00e5 om du beh\u00f6ver det eller inte, \u00e4r det generellt s\u00e4krare att l\u00e5ta cookies vara aktiverade om du interagerar med n\u00e5gon av funktionerna du anv\u00e4nder p\u00e5 v\u00e5r webbplats.<\/p>\n\n\n\n<p>Denna policy g\u00e4ller fr\u00e5n och med&nbsp;<strong>Mars<\/strong>\/<strong>2021<\/strong>.<\/p>","protected":false},"excerpt":{"rendered":"<p>A sua privacidade \u00e9 importante para n\u00f3s. \u00c9 pol\u00edtica do Ah Jobs respeitar a sua privacidade em rela\u00e7\u00e3o a qualquer informa\u00e7\u00e3o sua que possamos coletar no site\u00a0Ah Jobs, e outros sites que possu\u00edmos e operamos. Solicitamos informa\u00e7\u00f5es pessoais apenas quando realmente precisamos delas para lhe fornecer um servi\u00e7o. Fazemo-lo por meios justos e legais, com [&hellip;]<\/p>\n","protected":false},"author":1,"featured_media":0,"parent":0,"menu_order":0,"comment_status":"closed","ping_status":"closed","template":"","meta":{"footnotes":""},"class_list":["post-53","page","type-page","status-publish"],"_links":{"self":[{"href":"https:\/\/ahjobs.com.br\/sv\/wp-json\/wp\/v2\/pages\/53","targetHints":{"allow":["GET"]}}],"collection":[{"href":"https:\/\/ahjobs.com.br\/sv\/wp-json\/wp\/v2\/pages"}],"about":[{"href":"https:\/\/ahjobs.com.br\/sv\/wp-json\/wp\/v2\/types\/page"}],"author":[{"embeddable":true,"href":"https:\/\/ahjobs.com.br\/sv\/wp-json\/wp\/v2\/users\/1"}],"replies":[{"embeddable":true,"href":"https:\/\/ahjobs.com.br\/sv\/wp-json\/wp\/v2\/comments?post=53"}],"version-history":[{"count":1,"href":"https:\/\/ahjobs.com.br\/sv\/wp-json\/wp\/v2\/pages\/53\/revisions"}],"predecessor-version":[{"id":54,"href":"https:\/\/ahjobs.com.br\/sv\/wp-json\/wp\/v2\/pages\/53\/revisions\/54"}],"wp:attachment":[{"href":"https:\/\/ahjobs.com.br\/sv\/wp-json\/wp\/v2\/media?parent=53"}],"curies":[{"name":"wp","href":"https:\/\/api.w.org\/{rel}","templated":true}]}}