{"id":55,"date":"2026-02-20T16:42:28","date_gmt":"2026-02-20T16:42:28","guid":{"rendered":"https:\/\/ahjobs.com.br\/?page_id=55"},"modified":"2026-02-20T16:42:29","modified_gmt":"2026-02-20T16:42:29","slug":"quem-somos","status":"publish","type":"page","link":"https:\/\/ahjobs.com.br\/sv\/vilka-vi-ar\/","title":{"rendered":"Vilka vi \u00e4r"},"content":{"rendered":"<p>Ahjobs \u00e4r en plattform dedikerad till den professionella v\u00e4rlden, skapad med m\u00e5let att koppla dig till de b\u00e4sta jobbm\u00f6jligheterna och karri\u00e4rutvecklingen. Ahjobs grundades med uppdraget att hj\u00e4lpa yrkesverksamma att uppn\u00e5 sina m\u00e5l och erbjuder informativt och aktuellt inneh\u00e5ll om lediga jobb, marknadstrender, karri\u00e4rtips och personlig utveckling.<\/p>\n\n\n\n<p>H\u00e4r p\u00e5 Ahjobs publicerar vi dagligen artiklar, guider och handledningar skapade av branschexperter, som t\u00e4cker \u00e4mnen som str\u00e4cker sig fr\u00e5n att skapa ett attraktivt CV till b\u00e4sta praxis f\u00f6r jobbintervjuer. V\u00e5rt fokus \u00e4r att ge dig de verktyg och den kunskap du beh\u00f6ver f\u00f6r att navigera p\u00e5 arbetsmarknaden med sj\u00e4lvf\u00f6rtroende och strategi.<\/p>\n\n\n\n<p>Ahjobs.com.br \u00e4r ett registrerat varum\u00e4rke som tillh\u00f6r SpotAds.me och drivs av ett team av yrkesverksamma som brinner f\u00f6r personalfr\u00e5gor, karri\u00e4rutveckling och professionell framg\u00e5ng. V\u00e5ra skribenter och experter \u00e4r engagerade i att leverera h\u00f6gkvalitativt, korrekt och relevant inneh\u00e5ll till v\u00e5ra l\u00e4sare, eftersom vi tror att tillg\u00e5ng till adekvat information och v\u00e4gledning \u00e4r det f\u00f6rsta steget till professionell framg\u00e5ng.<\/p>\n\n\n\n<p>Vi uppmuntrar ocks\u00e5 till interaktion och erfarenhetsutbyte via v\u00e5ra sociala n\u00e4tverk och forum, d\u00e4r du kan f\u00e5 kontakt med andra yrkesverksamma, st\u00e4lla fr\u00e5gor och dela med dig av dina egna ber\u00e4ttelser. Vi v\u00e4rdes\u00e4tter feedback fr\u00e5n v\u00e5ra l\u00e4sare och \u00e4r alltid \u00f6ppna f\u00f6r f\u00f6rslag f\u00f6r att g\u00f6ra v\u00e5r plattform \u00e4nnu mer anv\u00e4ndbar och omfattande.<\/p>\n\n\n\n<p>F\u00f6lj oss f\u00f6r att h\u00e5lla dig uppdaterad om de senaste nyheterna fr\u00e5n yrkesv\u00e4rlden och ta del av det b\u00e4sta inneh\u00e5llet om anst\u00e4llningsbarhet och karri\u00e4rutveckling. Tack f\u00f6r att du litar p\u00e5 Ahjobs.com.br!<\/p>","protected":false},"excerpt":{"rendered":"<p>O Ahjobs \u00e9 uma plataforma dedicada ao universo profissional, criada com o objetivo de conectar voc\u00ea \u00e0s melhores oportunidades de emprego e desenvolvimento de carreira. Fundado com a miss\u00e3o de ajudar profissionais a alcan\u00e7ar seus objetivos, o Ahjobs oferece conte\u00fado informativo e atualizado sobre vagas de emprego, tend\u00eancias de mercado, dicas de carreira e desenvolvimento [&hellip;]<\/p>\n","protected":false},"author":1,"featured_media":0,"parent":0,"menu_order":0,"comment_status":"closed","ping_status":"closed","template":"","meta":{"footnotes":""},"class_list":["post-55","page","type-page","status-publish"],"_links":{"self":[{"href":"https:\/\/ahjobs.com.br\/sv\/wp-json\/wp\/v2\/pages\/55","targetHints":{"allow":["GET"]}}],"collection":[{"href":"https:\/\/ahjobs.com.br\/sv\/wp-json\/wp\/v2\/pages"}],"about":[{"href":"https:\/\/ahjobs.com.br\/sv\/wp-json\/wp\/v2\/types\/page"}],"author":[{"embeddable":true,"href":"https:\/\/ahjobs.com.br\/sv\/wp-json\/wp\/v2\/users\/1"}],"replies":[{"embeddable":true,"href":"https:\/\/ahjobs.com.br\/sv\/wp-json\/wp\/v2\/comments?post=55"}],"version-history":[{"count":1,"href":"https:\/\/ahjobs.com.br\/sv\/wp-json\/wp\/v2\/pages\/55\/revisions"}],"predecessor-version":[{"id":56,"href":"https:\/\/ahjobs.com.br\/sv\/wp-json\/wp\/v2\/pages\/55\/revisions\/56"}],"wp:attachment":[{"href":"https:\/\/ahjobs.com.br\/sv\/wp-json\/wp\/v2\/media?parent=55"}],"curies":[{"name":"wp","href":"https:\/\/api.w.org\/{rel}","templated":true}]}}