{"id":55,"date":"2026-02-20T16:42:28","date_gmt":"2026-02-20T16:42:28","guid":{"rendered":"https:\/\/ahjobs.com.br\/?page_id=55"},"modified":"2026-02-20T16:42:29","modified_gmt":"2026-02-20T16:42:29","slug":"quem-somos","status":"publish","type":"page","link":"https:\/\/ahjobs.com.br\/th\/\u0e40\u0e23\u0e32\u0e04\u0e37\u0e2d\u0e43\u0e04\u0e23\/","title":{"rendered":"\u0e1e\u0e27\u0e01\u0e40\u0e23\u0e32\u0e04\u0e37\u0e2d\u0e43\u0e04\u0e23"},"content":{"rendered":"<p>Ahjobs \u0e04\u0e37\u0e2d\u0e41\u0e1e\u0e25\u0e15\u0e1f\u0e2d\u0e23\u0e4c\u0e21\u0e17\u0e35\u0e48\u0e21\u0e38\u0e48\u0e07\u0e40\u0e19\u0e49\u0e19\u0e42\u0e25\u0e01\u0e41\u0e2b\u0e48\u0e07\u0e01\u0e32\u0e23\u0e17\u0e33\u0e07\u0e32\u0e19\u0e23\u0e30\u0e14\u0e31\u0e1a\u0e21\u0e37\u0e2d\u0e2d\u0e32\u0e0a\u0e35\u0e1e \u0e2a\u0e23\u0e49\u0e32\u0e07\u0e02\u0e36\u0e49\u0e19\u0e42\u0e14\u0e22\u0e21\u0e35\u0e40\u0e1b\u0e49\u0e32\u0e2b\u0e21\u0e32\u0e22\u0e40\u0e1e\u0e37\u0e48\u0e2d\u0e40\u0e0a\u0e37\u0e48\u0e2d\u0e21\u0e42\u0e22\u0e07\u0e04\u0e38\u0e13\u0e01\u0e31\u0e1a\u0e42\u0e2d\u0e01\u0e32\u0e2a\u0e07\u0e32\u0e19\u0e17\u0e35\u0e48\u0e14\u0e35\u0e17\u0e35\u0e48\u0e2a\u0e38\u0e14\u0e41\u0e25\u0e30\u0e01\u0e32\u0e23\u0e1e\u0e31\u0e12\u0e19\u0e32\u0e2d\u0e32\u0e0a\u0e35\u0e1e Ahjobs \u0e01\u0e48\u0e2d\u0e15\u0e31\u0e49\u0e07\u0e02\u0e36\u0e49\u0e19\u0e14\u0e49\u0e27\u0e22\u0e1e\u0e31\u0e19\u0e18\u0e01\u0e34\u0e08\u0e43\u0e19\u0e01\u0e32\u0e23\u0e0a\u0e48\u0e27\u0e22\u0e40\u0e2b\u0e25\u0e37\u0e2d\u0e21\u0e37\u0e2d\u0e2d\u0e32\u0e0a\u0e35\u0e1e\u0e43\u0e2b\u0e49\u0e1a\u0e23\u0e23\u0e25\u0e38\u0e40\u0e1b\u0e49\u0e32\u0e2b\u0e21\u0e32\u0e22 \u0e42\u0e14\u0e22\u0e19\u0e33\u0e40\u0e2a\u0e19\u0e2d\u0e40\u0e19\u0e37\u0e49\u0e2d\u0e2b\u0e32\u0e17\u0e35\u0e48\u0e43\u0e2b\u0e49\u0e02\u0e49\u0e2d\u0e21\u0e39\u0e25\u0e41\u0e25\u0e30\u0e17\u0e31\u0e19\u0e2a\u0e21\u0e31\u0e22\u0e40\u0e01\u0e35\u0e48\u0e22\u0e27\u0e01\u0e31\u0e1a\u0e15\u0e33\u0e41\u0e2b\u0e19\u0e48\u0e07\u0e07\u0e32\u0e19\u0e27\u0e48\u0e32\u0e07 \u0e41\u0e19\u0e27\u0e42\u0e19\u0e49\u0e21\u0e15\u0e25\u0e32\u0e14 \u0e40\u0e04\u0e25\u0e47\u0e14\u0e25\u0e31\u0e1a\u0e14\u0e49\u0e32\u0e19\u0e2d\u0e32\u0e0a\u0e35\u0e1e \u0e41\u0e25\u0e30\u0e01\u0e32\u0e23\u0e1e\u0e31\u0e12\u0e19\u0e32\u0e15\u0e19\u0e40\u0e2d\u0e07.<\/p>\n\n\n\n<p>\u0e17\u0e35\u0e48 Ahjobs \u0e40\u0e23\u0e32\u0e40\u0e1c\u0e22\u0e41\u0e1e\u0e23\u0e48\u0e1a\u0e17\u0e04\u0e27\u0e32\u0e21 \u0e04\u0e39\u0e48\u0e21\u0e37\u0e2d \u0e41\u0e25\u0e30\u0e1a\u0e17\u0e0a\u0e48\u0e27\u0e22\u0e2a\u0e2d\u0e19\u0e23\u0e32\u0e22\u0e27\u0e31\u0e19\u0e08\u0e32\u0e01\u0e1c\u0e39\u0e49\u0e40\u0e0a\u0e35\u0e48\u0e22\u0e27\u0e0a\u0e32\u0e0d\u0e43\u0e19\u0e2d\u0e38\u0e15\u0e2a\u0e32\u0e2b\u0e01\u0e23\u0e23\u0e21 \u0e04\u0e23\u0e2d\u0e1a\u0e04\u0e25\u0e38\u0e21\u0e2b\u0e31\u0e27\u0e02\u0e49\u0e2d\u0e15\u0e48\u0e32\u0e07\u0e46 \u0e15\u0e31\u0e49\u0e07\u0e41\u0e15\u0e48\u0e01\u0e32\u0e23\u0e2a\u0e23\u0e49\u0e32\u0e07\u0e40\u0e23\u0e0b\u0e39\u0e40\u0e21\u0e48\u0e17\u0e35\u0e48\u0e19\u0e48\u0e32\u0e2a\u0e19\u0e43\u0e08\u0e44\u0e1b\u0e08\u0e19\u0e16\u0e36\u0e07\u0e41\u0e19\u0e27\u0e17\u0e32\u0e07\u0e1b\u0e0f\u0e34\u0e1a\u0e31\u0e15\u0e34\u0e17\u0e35\u0e48\u0e14\u0e35\u0e17\u0e35\u0e48\u0e2a\u0e38\u0e14\u0e2a\u0e33\u0e2b\u0e23\u0e31\u0e1a\u0e01\u0e32\u0e23\u0e2a\u0e31\u0e21\u0e20\u0e32\u0e29\u0e13\u0e4c\u0e07\u0e32\u0e19 \u0e40\u0e1b\u0e49\u0e32\u0e2b\u0e21\u0e32\u0e22\u0e02\u0e2d\u0e07\u0e40\u0e23\u0e32\u0e04\u0e37\u0e2d\u0e01\u0e32\u0e23\u0e21\u0e2d\u0e1a\u0e40\u0e04\u0e23\u0e37\u0e48\u0e2d\u0e07\u0e21\u0e37\u0e2d\u0e41\u0e25\u0e30\u0e04\u0e27\u0e32\u0e21\u0e23\u0e39\u0e49\u0e17\u0e35\u0e48\u0e04\u0e38\u0e13\u0e15\u0e49\u0e2d\u0e07\u0e01\u0e32\u0e23\u0e40\u0e1e\u0e37\u0e48\u0e2d\u0e01\u0e49\u0e32\u0e27\u0e40\u0e02\u0e49\u0e32\u0e2a\u0e39\u0e48\u0e15\u0e25\u0e32\u0e14\u0e07\u0e32\u0e19\u0e2d\u0e22\u0e48\u0e32\u0e07\u0e21\u0e31\u0e48\u0e19\u0e43\u0e08\u0e41\u0e25\u0e30\u0e21\u0e35\u0e01\u0e25\u0e22\u0e38\u0e17\u0e18\u0e4c.<\/p>\n\n\n\n<p>Ahjobs.com.br \u0e40\u0e1b\u0e47\u0e19\u0e40\u0e04\u0e23\u0e37\u0e48\u0e2d\u0e07\u0e2b\u0e21\u0e32\u0e22\u0e01\u0e32\u0e23\u0e04\u0e49\u0e32\u0e08\u0e14\u0e17\u0e30\u0e40\u0e1a\u0e35\u0e22\u0e19\u0e02\u0e2d\u0e07 SpotAds.me \u0e0b\u0e36\u0e48\u0e07\u0e14\u0e39\u0e41\u0e25\u0e42\u0e14\u0e22\u0e17\u0e35\u0e21\u0e07\u0e32\u0e19\u0e21\u0e37\u0e2d\u0e2d\u0e32\u0e0a\u0e35\u0e1e\u0e17\u0e35\u0e48\u0e2b\u0e25\u0e07\u0e43\u0e2b\u0e25\u0e43\u0e19\u0e14\u0e49\u0e32\u0e19\u0e17\u0e23\u0e31\u0e1e\u0e22\u0e32\u0e01\u0e23\u0e1a\u0e38\u0e04\u0e04\u0e25 \u0e01\u0e32\u0e23\u0e1e\u0e31\u0e12\u0e19\u0e32\u0e2d\u0e32\u0e0a\u0e35\u0e1e \u0e41\u0e25\u0e30\u0e04\u0e27\u0e32\u0e21\u0e2a\u0e33\u0e40\u0e23\u0e47\u0e08\u0e43\u0e19\u0e27\u0e34\u0e0a\u0e32\u0e0a\u0e35\u0e1e \u0e19\u0e31\u0e01\u0e40\u0e02\u0e35\u0e22\u0e19\u0e41\u0e25\u0e30\u0e1c\u0e39\u0e49\u0e40\u0e0a\u0e35\u0e48\u0e22\u0e27\u0e0a\u0e32\u0e0d\u0e02\u0e2d\u0e07\u0e40\u0e23\u0e32\u0e21\u0e38\u0e48\u0e07\u0e21\u0e31\u0e48\u0e19\u0e17\u0e35\u0e48\u0e08\u0e30\u0e2a\u0e48\u0e07\u0e21\u0e2d\u0e1a\u0e40\u0e19\u0e37\u0e49\u0e2d\u0e2b\u0e32\u0e17\u0e35\u0e48\u0e21\u0e35\u0e04\u0e38\u0e13\u0e20\u0e32\u0e1e\u0e2a\u0e39\u0e07 \u0e16\u0e39\u0e01\u0e15\u0e49\u0e2d\u0e07 \u0e41\u0e25\u0e30\u0e15\u0e23\u0e07\u0e1b\u0e23\u0e30\u0e40\u0e14\u0e47\u0e19\u0e41\u0e01\u0e48\u0e1c\u0e39\u0e49\u0e2d\u0e48\u0e32\u0e19 \u0e40\u0e1e\u0e23\u0e32\u0e30\u0e40\u0e23\u0e32\u0e40\u0e0a\u0e37\u0e48\u0e2d\u0e27\u0e48\u0e32\u0e01\u0e32\u0e23\u0e40\u0e02\u0e49\u0e32\u0e16\u0e36\u0e07\u0e02\u0e49\u0e2d\u0e21\u0e39\u0e25\u0e41\u0e25\u0e30\u0e04\u0e33\u0e41\u0e19\u0e30\u0e19\u0e33\u0e17\u0e35\u0e48\u0e40\u0e1e\u0e35\u0e22\u0e07\u0e1e\u0e2d\u0e40\u0e1b\u0e47\u0e19\u0e01\u0e49\u0e32\u0e27\u0e41\u0e23\u0e01\u0e2a\u0e39\u0e48\u0e04\u0e27\u0e32\u0e21\u0e2a\u0e33\u0e40\u0e23\u0e47\u0e08\u0e43\u0e19\u0e27\u0e34\u0e0a\u0e32\u0e0a\u0e35\u0e1e.<\/p>\n\n\n\n<p>\u0e19\u0e2d\u0e01\u0e08\u0e32\u0e01\u0e19\u0e35\u0e49 \u0e40\u0e23\u0e32\u0e22\u0e31\u0e07\u0e2a\u0e19\u0e31\u0e1a\u0e2a\u0e19\u0e38\u0e19\u0e01\u0e32\u0e23\u0e21\u0e35\u0e1b\u0e0f\u0e34\u0e2a\u0e31\u0e21\u0e1e\u0e31\u0e19\u0e18\u0e4c\u0e41\u0e25\u0e30\u0e01\u0e32\u0e23\u0e41\u0e25\u0e01\u0e40\u0e1b\u0e25\u0e35\u0e48\u0e22\u0e19\u0e1b\u0e23\u0e30\u0e2a\u0e1a\u0e01\u0e32\u0e23\u0e13\u0e4c\u0e1c\u0e48\u0e32\u0e19\u0e40\u0e04\u0e23\u0e37\u0e2d\u0e02\u0e48\u0e32\u0e22\u0e2a\u0e31\u0e07\u0e04\u0e21\u0e41\u0e25\u0e30\u0e1f\u0e2d\u0e23\u0e31\u0e21\u0e02\u0e2d\u0e07\u0e40\u0e23\u0e32 \u0e0b\u0e36\u0e48\u0e07\u0e04\u0e38\u0e13\u0e2a\u0e32\u0e21\u0e32\u0e23\u0e16\u0e40\u0e0a\u0e37\u0e48\u0e2d\u0e21\u0e15\u0e48\u0e2d\u0e01\u0e31\u0e1a\u0e1c\u0e39\u0e49\u0e40\u0e0a\u0e35\u0e48\u0e22\u0e27\u0e0a\u0e32\u0e0d\u0e17\u0e48\u0e32\u0e19\u0e2d\u0e37\u0e48\u0e19\u0e46 \u0e16\u0e32\u0e21\u0e04\u0e33\u0e16\u0e32\u0e21 \u0e41\u0e25\u0e30\u0e41\u0e1a\u0e48\u0e07\u0e1b\u0e31\u0e19\u0e40\u0e23\u0e37\u0e48\u0e2d\u0e07\u0e23\u0e32\u0e27\u0e02\u0e2d\u0e07\u0e04\u0e38\u0e13\u0e40\u0e2d\u0e07\u0e44\u0e14\u0e49 \u0e40\u0e23\u0e32\u0e43\u0e2b\u0e49\u0e04\u0e27\u0e32\u0e21\u0e2a\u0e33\u0e04\u0e31\u0e0d\u0e01\u0e31\u0e1a\u0e02\u0e49\u0e2d\u0e40\u0e2a\u0e19\u0e2d\u0e41\u0e19\u0e30\u0e08\u0e32\u0e01\u0e1c\u0e39\u0e49\u0e2d\u0e48\u0e32\u0e19\u0e02\u0e2d\u0e07\u0e40\u0e23\u0e32 \u0e41\u0e25\u0e30\u0e22\u0e34\u0e19\u0e14\u0e35\u0e23\u0e31\u0e1a\u0e1f\u0e31\u0e07\u0e02\u0e49\u0e2d\u0e40\u0e2a\u0e19\u0e2d\u0e41\u0e19\u0e30\u0e40\u0e2a\u0e21\u0e2d\u0e40\u0e1e\u0e37\u0e48\u0e2d\u0e17\u0e33\u0e43\u0e2b\u0e49\u0e41\u0e1e\u0e25\u0e15\u0e1f\u0e2d\u0e23\u0e4c\u0e21\u0e02\u0e2d\u0e07\u0e40\u0e23\u0e32\u0e21\u0e35\u0e1b\u0e23\u0e30\u0e42\u0e22\u0e0a\u0e19\u0e4c\u0e41\u0e25\u0e30\u0e04\u0e23\u0e2d\u0e1a\u0e04\u0e25\u0e38\u0e21\u0e21\u0e32\u0e01\u0e22\u0e34\u0e48\u0e07\u0e02\u0e36\u0e49\u0e19.<\/p>\n\n\n\n<p>\u0e15\u0e34\u0e14\u0e15\u0e32\u0e21\u0e40\u0e23\u0e32\u0e40\u0e1e\u0e37\u0e48\u0e2d\u0e23\u0e31\u0e1a\u0e02\u0e48\u0e32\u0e27\u0e2a\u0e32\u0e23\u0e25\u0e48\u0e32\u0e2a\u0e38\u0e14\u0e08\u0e32\u0e01\u0e42\u0e25\u0e01\u0e41\u0e2b\u0e48\u0e07\u0e27\u0e34\u0e0a\u0e32\u0e0a\u0e35\u0e1e\u0e41\u0e25\u0e30\u0e40\u0e1e\u0e25\u0e34\u0e14\u0e40\u0e1e\u0e25\u0e34\u0e19\u0e01\u0e31\u0e1a\u0e40\u0e19\u0e37\u0e49\u0e2d\u0e2b\u0e32\u0e17\u0e35\u0e48\u0e14\u0e35\u0e17\u0e35\u0e48\u0e2a\u0e38\u0e14\u0e40\u0e01\u0e35\u0e48\u0e22\u0e27\u0e01\u0e31\u0e1a\u0e01\u0e32\u0e23\u0e08\u0e49\u0e32\u0e07\u0e07\u0e32\u0e19\u0e41\u0e25\u0e30\u0e01\u0e32\u0e23\u0e1e\u0e31\u0e12\u0e19\u0e32\u0e2d\u0e32\u0e0a\u0e35\u0e1e \u0e02\u0e2d\u0e1a\u0e04\u0e38\u0e13\u0e17\u0e35\u0e48\u0e44\u0e27\u0e49\u0e27\u0e32\u0e07\u0e43\u0e08 Ahjobs.com.br!<\/p>","protected":false},"excerpt":{"rendered":"<p>O Ahjobs \u00e9 uma plataforma dedicada ao universo profissional, criada com o objetivo de conectar voc\u00ea \u00e0s melhores oportunidades de emprego e desenvolvimento de carreira. Fundado com a miss\u00e3o de ajudar profissionais a alcan\u00e7ar seus objetivos, o Ahjobs oferece conte\u00fado informativo e atualizado sobre vagas de emprego, tend\u00eancias de mercado, dicas de carreira e desenvolvimento [&hellip;]<\/p>\n","protected":false},"author":1,"featured_media":0,"parent":0,"menu_order":0,"comment_status":"closed","ping_status":"closed","template":"","meta":{"footnotes":""},"class_list":["post-55","page","type-page","status-publish"],"_links":{"self":[{"href":"https:\/\/ahjobs.com.br\/th\/wp-json\/wp\/v2\/pages\/55","targetHints":{"allow":["GET"]}}],"collection":[{"href":"https:\/\/ahjobs.com.br\/th\/wp-json\/wp\/v2\/pages"}],"about":[{"href":"https:\/\/ahjobs.com.br\/th\/wp-json\/wp\/v2\/types\/page"}],"author":[{"embeddable":true,"href":"https:\/\/ahjobs.com.br\/th\/wp-json\/wp\/v2\/users\/1"}],"replies":[{"embeddable":true,"href":"https:\/\/ahjobs.com.br\/th\/wp-json\/wp\/v2\/comments?post=55"}],"version-history":[{"count":1,"href":"https:\/\/ahjobs.com.br\/th\/wp-json\/wp\/v2\/pages\/55\/revisions"}],"predecessor-version":[{"id":56,"href":"https:\/\/ahjobs.com.br\/th\/wp-json\/wp\/v2\/pages\/55\/revisions\/56"}],"wp:attachment":[{"href":"https:\/\/ahjobs.com.br\/th\/wp-json\/wp\/v2\/media?parent=55"}],"curies":[{"name":"\u0e14\u0e31\u0e1a\u0e40\u0e1a\u0e34\u0e25\u0e22\u0e39\u0e1e\u0e35","href":"https:\/\/api.w.org\/{rel}","templated":true}]}}