{"id":55,"date":"2026-02-20T16:42:28","date_gmt":"2026-02-20T16:42:28","guid":{"rendered":"https:\/\/ahjobs.com.br\/?page_id=55"},"modified":"2026-02-20T16:42:29","modified_gmt":"2026-02-20T16:42:29","slug":"quem-somos","status":"publish","type":"page","link":"https:\/\/ahjobs.com.br\/tr\/biz-kimiz\/","title":{"rendered":"Biz Kimiz"},"content":{"rendered":"<p>Ahjobs, profesyonel d\u00fcnyaya adanm\u0131\u015f, sizi en iyi i\u015f f\u0131rsatlar\u0131na ve kariyer geli\u015fimine ba\u011flama hedefiyle olu\u015fturulmu\u015f bir platformdur. Profesyonellerin hedeflerine ula\u015fmalar\u0131na yard\u0131mc\u0131 olma misyonuyla kurulan Ahjobs, i\u015f ilanlar\u0131, piyasa trendleri, kariyer ipu\u00e7lar\u0131 ve ki\u015fisel geli\u015fim hakk\u0131nda bilgilendirici ve g\u00fcncel i\u00e7erikler sunmaktad\u0131r.<\/p>\n\n\n\n<p>Ahjobs olarak, sekt\u00f6r uzmanlar\u0131 taraf\u0131ndan haz\u0131rlanan, etkileyici bir \u00f6zge\u00e7mi\u015f olu\u015fturmaktan i\u015f g\u00f6r\u00fc\u015fmeleri i\u00e7in en iyi uygulamalara kadar \u00e7e\u015fitli konular\u0131 kapsayan g\u00fcnl\u00fck makaleler, k\u0131lavuzlar ve e\u011fitimler yay\u0131nl\u0131yoruz. Amac\u0131m\u0131z, i\u015f piyasas\u0131nda g\u00fcvenle ve stratejik bir \u015fekilde ilerlemeniz i\u00e7in ihtiyac\u0131n\u0131z olan ara\u00e7lar\u0131 ve bilgiyi size sa\u011flamakt\u0131r.<\/p>\n\n\n\n<p>Ahjobs.com.br, SpotAds.me&#039;nin tescilli ticari markas\u0131 olup, insan kaynaklar\u0131, kariyer geli\u015fimi ve profesyonel ba\u015far\u0131 konusunda tutkulu bir profesyonel ekip taraf\u0131ndan y\u00f6netilmektedir. Yazarlar\u0131m\u0131z ve uzmanlar\u0131m\u0131z, okuyucular\u0131m\u0131za y\u00fcksek kaliteli, do\u011fru ve ilgili i\u00e7erik sunmaya kendini adam\u0131\u015ft\u0131r; \u00e7\u00fcnk\u00fc yeterli bilgi ve rehberli\u011fe eri\u015fimin profesyonel ba\u015far\u0131n\u0131n ilk ad\u0131m\u0131 oldu\u011funa inan\u0131yoruz.<\/p>\n\n\n\n<p>Ayr\u0131ca, di\u011fer profesyonellerle ba\u011flant\u0131 kurabilece\u011finiz, sorular sorabilece\u011finiz ve kendi hikayelerinizi payla\u015fabilece\u011finiz sosyal a\u011flar\u0131m\u0131z ve forumlar\u0131m\u0131z arac\u0131l\u0131\u011f\u0131yla etkile\u015fimi ve deneyim al\u0131\u015fveri\u015fini te\u015fvik ediyoruz. Okuyucular\u0131m\u0131zdan gelen geri bildirimlere de\u011fer veriyoruz ve platformumuzu daha da kullan\u0131\u015fl\u0131 ve kapsaml\u0131 hale getirmek i\u00e7in her zaman \u00f6nerilere a\u00e7\u0131\u011f\u0131z.<\/p>\n\n\n\n<p>\u0130\u015f d\u00fcnyas\u0131ndaki en son haberlerden haberdar olmak ve i\u015f bulma ve kariyer geli\u015ftirme konular\u0131ndaki en iyi i\u00e7eriklerin tad\u0131n\u0131 \u00e7\u0131karmak i\u00e7in bizi takip edin. Ahjobs.com.br&#039;ye g\u00fcvendi\u011finiz i\u00e7in te\u015fekk\u00fcr ederiz!<\/p>","protected":false},"excerpt":{"rendered":"<p>O Ahjobs \u00e9 uma plataforma dedicada ao universo profissional, criada com o objetivo de conectar voc\u00ea \u00e0s melhores oportunidades de emprego e desenvolvimento de carreira. Fundado com a miss\u00e3o de ajudar profissionais a alcan\u00e7ar seus objetivos, o Ahjobs oferece conte\u00fado informativo e atualizado sobre vagas de emprego, tend\u00eancias de mercado, dicas de carreira e desenvolvimento [&hellip;]<\/p>\n","protected":false},"author":1,"featured_media":0,"parent":0,"menu_order":0,"comment_status":"closed","ping_status":"closed","template":"","meta":{"footnotes":""},"class_list":["post-55","page","type-page","status-publish"],"_links":{"self":[{"href":"https:\/\/ahjobs.com.br\/tr\/wp-json\/wp\/v2\/pages\/55","targetHints":{"allow":["GET"]}}],"collection":[{"href":"https:\/\/ahjobs.com.br\/tr\/wp-json\/wp\/v2\/pages"}],"about":[{"href":"https:\/\/ahjobs.com.br\/tr\/wp-json\/wp\/v2\/types\/page"}],"author":[{"embeddable":true,"href":"https:\/\/ahjobs.com.br\/tr\/wp-json\/wp\/v2\/users\/1"}],"replies":[{"embeddable":true,"href":"https:\/\/ahjobs.com.br\/tr\/wp-json\/wp\/v2\/comments?post=55"}],"version-history":[{"count":1,"href":"https:\/\/ahjobs.com.br\/tr\/wp-json\/wp\/v2\/pages\/55\/revisions"}],"predecessor-version":[{"id":56,"href":"https:\/\/ahjobs.com.br\/tr\/wp-json\/wp\/v2\/pages\/55\/revisions\/56"}],"wp:attachment":[{"href":"https:\/\/ahjobs.com.br\/tr\/wp-json\/wp\/v2\/media?parent=55"}],"curies":[{"name":"wp","href":"https:\/\/api.w.org\/{rel}","templated":true}]}}