{"id":55,"date":"2026-02-20T16:42:28","date_gmt":"2026-02-20T16:42:28","guid":{"rendered":"https:\/\/ahjobs.com.br\/?page_id=55"},"modified":"2026-02-20T16:42:29","modified_gmt":"2026-02-20T16:42:29","slug":"quem-somos","status":"publish","type":"page","link":"https:\/\/ahjobs.com.br\/vi\/chung-ta-la-ai\/","title":{"rendered":"Ch\u00fang t\u00f4i l\u00e0 ai"},"content":{"rendered":"<p>Ahjobs l\u00e0 m\u1ed9t n\u1ec1n t\u1ea3ng d\u00e0nh ri\u00eang cho th\u1ebf gi\u1edbi chuy\u00ean nghi\u1ec7p, \u0111\u01b0\u1ee3c t\u1ea1o ra v\u1edbi m\u1ee5c ti\u00eau k\u1ebft n\u1ed1i b\u1ea1n v\u1edbi nh\u1eefng c\u01a1 h\u1ed9i vi\u1ec7c l\u00e0m t\u1ed1t nh\u1ea5t v\u00e0 ph\u00e1t tri\u1ec3n s\u1ef1 nghi\u1ec7p. \u0110\u01b0\u1ee3c th\u00e0nh l\u1eadp v\u1edbi s\u1ee9 m\u1ec7nh gi\u00fap c\u00e1c chuy\u00ean gia \u0111\u1ea1t \u0111\u01b0\u1ee3c m\u1ee5c ti\u00eau c\u1ee7a m\u00ecnh, Ahjobs cung c\u1ea5p n\u1ed9i dung th\u00f4ng tin v\u00e0 c\u1eadp nh\u1eadt v\u1ec1 c\u00e1c v\u1ecb tr\u00ed tuy\u1ec3n d\u1ee5ng, xu h\u01b0\u1edbng th\u1ecb tr\u01b0\u1eddng, l\u1eddi khuy\u00ean ngh\u1ec1 nghi\u1ec7p v\u00e0 ph\u00e1t tri\u1ec3n c\u00e1 nh\u00e2n.<\/p>\n\n\n\n<p>T\u1ea1i Ahjobs, ch\u00fang t\u00f4i \u0111\u0103ng t\u1ea3i h\u00e0ng ng\u00e0y c\u00e1c b\u00e0i vi\u1ebft, h\u01b0\u1edbng d\u1eabn v\u00e0 b\u00e0i h\u01b0\u1edbng d\u1eabn do c\u00e1c chuy\u00ean gia trong ng\u00e0nh bi\u00ean so\u1ea1n, bao g\u1ed3m c\u00e1c ch\u1ee7 \u0111\u1ec1 t\u1eeb c\u00e1ch x\u00e2y d\u1ef1ng s\u01a1 y\u1ebfu l\u00fd l\u1ecbch \u1ea5n t\u01b0\u1ee3ng \u0111\u1ebfn c\u00e1c ph\u01b0\u01a1ng ph\u00e1p ph\u1ecfng v\u1ea5n xin vi\u1ec7c hi\u1ec7u qu\u1ea3. M\u1ee5c ti\u00eau c\u1ee7a ch\u00fang t\u00f4i l\u00e0 cung c\u1ea5p cho b\u1ea1n c\u00e1c c\u00f4ng c\u1ee5 v\u00e0 ki\u1ebfn th\u1ee9c c\u1ea7n thi\u1ebft \u0111\u1ec3 t\u1ef1 tin v\u00e0 c\u00f3 chi\u1ebfn l\u01b0\u1ee3c khi tham gia th\u1ecb tr\u01b0\u1eddng vi\u1ec7c l\u00e0m.<\/p>\n\n\n\n<p>Ahjobs.com.br l\u00e0 th\u01b0\u01a1ng hi\u1ec7u \u0111\u00e3 \u0111\u01b0\u1ee3c \u0111\u0103ng k\u00fd c\u1ee7a SpotAds.me, \u0111\u01b0\u1ee3c qu\u1ea3n l\u00fd b\u1edfi m\u1ed9t nh\u00f3m c\u00e1c chuy\u00ean gia \u0111am m\u00ea v\u1ec1 ngu\u1ed3n nh\u00e2n l\u1ef1c, ph\u00e1t tri\u1ec3n ngh\u1ec1 nghi\u1ec7p v\u00e0 th\u00e0nh c\u00f4ng chuy\u00ean m\u00f4n. C\u00e1c c\u00e2y vi\u1ebft v\u00e0 chuy\u00ean gia c\u1ee7a ch\u00fang t\u00f4i cam k\u1ebft cung c\u1ea5p n\u1ed9i dung ch\u1ea5t l\u01b0\u1ee3ng cao, ch\u00ednh x\u00e1c v\u00e0 ph\u00f9 h\u1ee3p cho \u0111\u1ed9c gi\u1ea3, b\u1edfi v\u00ec ch\u00fang t\u00f4i tin r\u1eb1ng vi\u1ec7c ti\u1ebfp c\u1eadn th\u00f4ng tin v\u00e0 h\u01b0\u1edbng d\u1eabn \u0111\u1ea7y \u0111\u1ee7 l\u00e0 b\u01b0\u1edbc \u0111\u1ea7u ti\u00ean d\u1eabn \u0111\u1ebfn th\u00e0nh c\u00f4ng chuy\u00ean nghi\u1ec7p.<\/p>\n\n\n\n<p>Ch\u00fang t\u00f4i c\u0169ng khuy\u1ebfn kh\u00edch s\u1ef1 t\u01b0\u01a1ng t\u00e1c v\u00e0 trao \u0111\u1ed5i kinh nghi\u1ec7m th\u00f4ng qua c\u00e1c m\u1ea1ng x\u00e3 h\u1ed9i v\u00e0 di\u1ec5n \u0111\u00e0n c\u1ee7a m\u00ecnh, n\u01a1i b\u1ea1n c\u00f3 th\u1ec3 k\u1ebft n\u1ed1i v\u1edbi c\u00e1c chuy\u00ean gia kh\u00e1c, \u0111\u1eb7t c\u00e2u h\u1ecfi v\u00e0 chia s\u1ebb c\u00e2u chuy\u1ec7n c\u1ee7a ri\u00eang m\u00ecnh. Ch\u00fang t\u00f4i tr\u00e2n tr\u1ecdng ph\u1ea3n h\u1ed3i t\u1eeb \u0111\u1ed9c gi\u1ea3 v\u00e0 lu\u00f4n s\u1eb5n s\u00e0ng ti\u1ebfp nh\u1eadn c\u00e1c \u0111\u1ec1 xu\u1ea5t \u0111\u1ec3 l\u00e0m cho n\u1ec1n t\u1ea3ng c\u1ee7a ch\u00fang t\u00f4i ng\u00e0y c\u00e0ng h\u1eefu \u00edch v\u00e0 to\u00e0n di\u1ec7n h\u01a1n.<\/p>\n\n\n\n<p>H\u00e3y theo d\u00f5i ch\u00fang t\u00f4i \u0111\u1ec3 c\u1eadp nh\u1eadt nh\u1eefng tin t\u1ee9c m\u1edbi nh\u1ea5t t\u1eeb th\u1ebf gi\u1edbi chuy\u00ean nghi\u1ec7p v\u00e0 th\u01b0\u1edfng th\u1ee9c nh\u1eefng n\u1ed9i dung hay nh\u1ea5t v\u1ec1 kh\u1ea3 n\u0103ng t\u00ecm vi\u1ec7c v\u00e0 ph\u00e1t tri\u1ec3n s\u1ef1 nghi\u1ec7p. C\u1ea3m \u01a1n b\u1ea1n \u0111\u00e3 tin t\u01b0\u1edfng Ahjobs.com.br!<\/p>","protected":false},"excerpt":{"rendered":"<p>O Ahjobs \u00e9 uma plataforma dedicada ao universo profissional, criada com o objetivo de conectar voc\u00ea \u00e0s melhores oportunidades de emprego e desenvolvimento de carreira. Fundado com a miss\u00e3o de ajudar profissionais a alcan\u00e7ar seus objetivos, o Ahjobs oferece conte\u00fado informativo e atualizado sobre vagas de emprego, tend\u00eancias de mercado, dicas de carreira e desenvolvimento [&hellip;]<\/p>\n","protected":false},"author":1,"featured_media":0,"parent":0,"menu_order":0,"comment_status":"closed","ping_status":"closed","template":"","meta":{"footnotes":""},"class_list":["post-55","page","type-page","status-publish"],"_links":{"self":[{"href":"https:\/\/ahjobs.com.br\/vi\/wp-json\/wp\/v2\/pages\/55","targetHints":{"allow":["GET"]}}],"collection":[{"href":"https:\/\/ahjobs.com.br\/vi\/wp-json\/wp\/v2\/pages"}],"about":[{"href":"https:\/\/ahjobs.com.br\/vi\/wp-json\/wp\/v2\/types\/page"}],"author":[{"embeddable":true,"href":"https:\/\/ahjobs.com.br\/vi\/wp-json\/wp\/v2\/users\/1"}],"replies":[{"embeddable":true,"href":"https:\/\/ahjobs.com.br\/vi\/wp-json\/wp\/v2\/comments?post=55"}],"version-history":[{"count":1,"href":"https:\/\/ahjobs.com.br\/vi\/wp-json\/wp\/v2\/pages\/55\/revisions"}],"predecessor-version":[{"id":56,"href":"https:\/\/ahjobs.com.br\/vi\/wp-json\/wp\/v2\/pages\/55\/revisions\/56"}],"wp:attachment":[{"href":"https:\/\/ahjobs.com.br\/vi\/wp-json\/wp\/v2\/media?parent=55"}],"curies":[{"name":"trang web","href":"https:\/\/api.w.org\/{rel}","templated":true}]}}