{"id":51,"date":"2026-02-20T16:41:35","date_gmt":"2026-02-20T16:41:35","guid":{"rendered":"https:\/\/ahjobs.com.br\/?page_id=51"},"modified":"2026-02-20T16:41:35","modified_gmt":"2026-02-20T16:41:35","slug":"termos-de-uso","status":"publish","type":"page","link":"https:\/\/ahjobs.com.br\/zh\/\u4f7f\u7528\u6761\u6b3e\/","title":{"rendered":"\u4f7f\u7528\u6761\u6b3e"},"content":{"rendered":"<p>\u8bbf\u95ee\u7f51\u7ad9\u65f6\u00a0<a href=\"https:\/\/ahjobs.com.br\/zh\/\">\u554a\uff0c\u4e54\u5e03\u65af<\/a>, \u4f7f\u7528\u672c\u7f51\u7ad9\u5373\u8868\u793a\u60a8\u540c\u610f\u53d7\u672c\u670d\u52a1\u6761\u6b3e\u3001\u6240\u6709\u9002\u7528\u6cd5\u5f8b\u6cd5\u89c4\u7684\u7ea6\u675f\uff0c\u5e76\u540c\u610f\u60a8\u6709\u8d23\u4efb\u9075\u5b88\u6240\u6709\u9002\u7528\u7684\u5f53\u5730\u6cd5\u5f8b\u3002\u5982\u679c\u60a8\u4e0d\u540c\u610f\u4efb\u4f55\u6761\u6b3e\uff0c\u5219\u7981\u6b62\u4f7f\u7528\u6216\u8bbf\u95ee\u672c\u7f51\u7ad9\u3002\u672c\u7f51\u7ad9\u6240\u542b\u8d44\u6599\u53d7\u9002\u7528\u7248\u6743\u548c\u5546\u6807\u6cd5\u7684\u4fdd\u62a4\u3002.<\/p>\n\n\n\n<h2 class=\"wp-block-heading\">2. \u8bb8\u53ef\u4f7f\u7528<\/h2>\n\n\n\n<p>\u60a8\u83b7\u51c6\u4e34\u65f6\u4e0b\u8f7d\u4e00\u4efd Ah Jobs \u7f51\u7ad9\u4e0a\u7684\u8d44\u6599\uff08\u4fe1\u606f\u6216\u8f6f\u4ef6\uff09\uff0c\u4ec5\u4f9b\u4e2a\u4eba\u975e\u5546\u4e1a\u7528\u9014\u7684\u4e34\u65f6\u6d4f\u89c8\u3002\u6b64\u4e3a\u8bb8\u53ef\u6388\u6743\uff0c\u800c\u975e\u6240\u6709\u6743\u8f6c\u8ba9\uff0c\u4e14\u6839\u636e\u6b64\u8bb8\u53ef\uff0c\u60a8\u4e0d\u5f97\uff1a&nbsp;<\/p>\n\n\n\n<ol class=\"wp-block-list\">\n<li>\u4fee\u6539\u6216\u590d\u5236\u6750\u6599\uff1b;\u00a0<\/li>\n\n\n\n<li>\u4e0d\u5f97\u5c06\u8fd9\u4e9b\u6750\u6599\u7528\u4e8e\u4efb\u4f55\u5546\u4e1a\u7528\u9014\u6216\u516c\u5f00\u5c55\u793a\uff08\u5546\u4e1a\u6216\u975e\u5546\u4e1a\u7528\u9014\uff09\uff1b;\u00a0<\/li>\n\n\n\n<li>\u8bd5\u56fe\u5bf9 Ah Jobs \u7f51\u7ad9\u4e0a\u7684\u4efb\u4f55\u8f6f\u4ef6\u8fdb\u884c\u53cd\u7f16\u8bd1\u6216\u9006\u5411\u5de5\u7a0b\uff1b;\u00a0<\/li>\n\n\n\n<li>\u79fb\u9664\u6750\u6599\u4e2d\u7684\u6240\u6709\u7248\u6743\u6216\u5176\u4ed6\u6240\u6709\u6743\u58f0\u660e\uff1b\u6216\u00a0<\/li>\n\n\n\n<li>\u5c06\u8d44\u6599\u8f6c\u79fb\u7ed9\u5176\u4ed6\u4eba\uff0c\u6216\u5728\u4efb\u4f55\u5176\u4ed6\u670d\u52a1\u5668\u4e0a\u2018\u955c\u50cf\u2019\u8fd9\u4e9b\u8d44\u6599\u3002.<\/li>\n<\/ol>\n\n\n\n<p>\u5982\u679c\u60a8\u8fdd\u53cd\u4efb\u4f55\u8fd9\u4e9b\u9650\u5236\uff0c\u672c\u8bb8\u53ef\u5c06\u81ea\u52a8\u7ec8\u6b62\uff0cAh Jobs \u4e5f\u53ef\u968f\u65f6\u7ec8\u6b62\u672c\u8bb8\u53ef\u3002\u4e00\u65e6\u60a8\u505c\u6b62\u6d4f\u89c8\u8fd9\u4e9b\u8d44\u6599\u6216\u672c\u8bb8\u53ef\u7ec8\u6b62\uff0c\u60a8\u5fc5\u987b\u9500\u6bc1\u6240\u6709\u5df2\u4e0b\u8f7d\u7684\u8d44\u6599\uff0c\u65e0\u8bba\u5176\u4e3a\u7535\u5b50\u7248\u8fd8\u662f\u7eb8\u8d28\u7248\u3002.<\/p>\n\n\n\n<h2 class=\"wp-block-heading\">3. \u514d\u8d23\u58f0\u660e<\/h2>\n\n\n\n<ol class=\"wp-block-list\">\n<li>Ah Jobs\u7f51\u7ad9\u4e0a\u7684\u6240\u6709\u8d44\u6599\u5747\u6309\u2018\u539f\u6837\u2019\u63d0\u4f9b\u3002Ah Jobs\u4e0d\u4f5c\u4efb\u4f55\u660e\u793a\u6216\u6697\u793a\u7684\u4fdd\u8bc1\uff0c\u5e76\u5728\u6b64\u58f0\u660e\u514d\u9664\u6240\u6709\u5176\u4ed6\u4fdd\u8bc1\uff0c\u5305\u62ec\u4f46\u4e0d\u9650\u4e8e\u9002\u9500\u6027\u3001\u7279\u5b9a\u7528\u9014\u9002\u7528\u6027\u6216\u4e0d\u4fb5\u72af\u77e5\u8bc6\u4ea7\u6743\u6216\u5176\u4ed6\u6743\u5229\u7684\u9ed8\u793a\u4fdd\u8bc1\u6216\u6761\u4ef6\u3002.<\/li>\n\n\n\n<li>\u6b64\u5916\uff0cAh Jobs \u4e0d\u4fdd\u8bc1\u6216\u58f0\u660e\u5176\u7f51\u7ad9\u4e0a\u7684\u6750\u6599\u6216\u4e0e\u6b64\u7c7b\u6750\u6599\u76f8\u5173\u7684\u4efb\u4f55\u5176\u4ed6\u6750\u6599\u6216\u94fe\u63a5\u5230\u672c\u7f51\u7ad9\u7684\u4efb\u4f55\u7f51\u7ad9\u4e0a\u7684\u6750\u6599\u7684\u51c6\u786e\u6027\u3001\u53ef\u80fd\u7684\u7ed3\u679c\u6216\u53ef\u9760\u6027\u3002.<\/li>\n<\/ol>\n\n\n\n<h2 class=\"wp-block-heading\">4. \u5c40\u9650\u6027<\/h2>\n\n\n\n<p>\u5728\u4efb\u4f55\u60c5\u51b5\u4e0b\uff0cAh Jobs \u6216\u5176\u4f9b\u5e94\u5546\u5747\u4e0d\u5bf9\u56e0\u4f7f\u7528\u6216\u65e0\u6cd5\u4f7f\u7528 Ah Jobs \u7f51\u7ad9\u4e0a\u7684\u8d44\u6599\u800c\u5f15\u8d77\u7684\u4efb\u4f55\u635f\u5bb3\uff08\u5305\u62ec\u4f46\u4e0d\u9650\u4e8e\u6570\u636e\u4e22\u5931\u6216\u5229\u6da6\u635f\u5931\uff0c\u6216\u56e0\u4e1a\u52a1\u4e2d\u65ad\u9020\u6210\u7684\u635f\u5bb3\uff09\u627f\u62c5\u8d23\u4efb\uff0c\u5373\u4f7f Ah Jobs \u6216\u5176\u6388\u6743\u4ee3\u8868\u5df2\u88ab\u53e3\u5934\u6216\u4e66\u9762\u544a\u77e5\u6b64\u7c7b\u635f\u5bb3\u7684\u53ef\u80fd\u6027\u3002\u7531\u4e8e\u67d0\u4e9b\u53f8\u6cd5\u7ba1\u8f96\u533a\u4e0d\u5141\u8bb8\u9650\u5236\u9ed8\u793a\u62c5\u4fdd\u6216\u9650\u5236\u95f4\u63a5\u6216\u9644\u5e26\u635f\u5bb3\u7684\u8d23\u4efb\uff0c\u56e0\u6b64\u8fd9\u4e9b\u9650\u5236\u53ef\u80fd\u4e0d\u9002\u7528\u4e8e\u60a8\u3002.<\/p>\n\n\n\n<h2 class=\"wp-block-heading\">5. \u6750\u6599\u7cbe\u5ea6<\/h2>\n\n\n\n<p>Ah Jobs\u7f51\u7ad9\u4e0a\u5c55\u793a\u7684\u5185\u5bb9\u53ef\u80fd\u5305\u542b\u6280\u672f\u6027\u3001\u6392\u7248\u6216\u56fe\u7247\u9519\u8bef\u3002Ah Jobs\u4e0d\u4fdd\u8bc1\u5176\u7f51\u7ad9\u4e0a\u7684\u4efb\u4f55\u5185\u5bb9\u5747\u51c6\u786e\u3001\u5b8c\u6574\u6216\u6700\u65b0\u3002Ah Jobs\u53ef\u968f\u65f6\u66f4\u6539\u5176\u7f51\u7ad9\u4e0a\u7684\u5185\u5bb9\uff0c\u6055\u4e0d\u53e6\u884c\u901a\u77e5\u3002\u4f46\u662f\uff0cAh Jobs\u4e0d\u627f\u8bfa\u66f4\u65b0\u8fd9\u4e9b\u5185\u5bb9\u3002.<\/p>\n\n\n\n<h2 class=\"wp-block-heading\">6. \u94fe\u63a5<\/h2>\n\n\n\n<p>Ah Jobs\u5e76\u672a\u5ba1\u6838\u6240\u6709\u4e0e\u5176\u7f51\u7ad9\u94fe\u63a5\u7684\u7f51\u7ad9\uff0c\u4ea6\u4e0d\u5bf9\u4efb\u4f55\u94fe\u63a5\u7f51\u7ad9\u7684\u5185\u5bb9\u8d1f\u8d23\u3002\u4efb\u4f55\u94fe\u63a5\u7684\u52a0\u5165\u5e76\u4e0d\u4ee3\u8868Ah Jobs\u5bf9\u8be5\u7f51\u7ad9\u7684\u8ba4\u53ef\u3002\u4f7f\u7528\u4efb\u4f55\u94fe\u63a5\u7f51\u7ad9\u7684\u98ce\u9669\u7531\u7528\u6237\u81ea\u884c\u627f\u62c5\u3002.<\/p>\n\n\n\n<h3 class=\"wp-block-heading\">\u4fee\u6539<\/h3>\n\n\n\n<p>Ah Jobs \u53ef\u968f\u65f6\u4fee\u6539\u672c\u7f51\u7ad9\u670d\u52a1\u6761\u6b3e\uff0c\u6055\u4e0d\u53e6\u884c\u901a\u77e5\u3002\u4f7f\u7528\u672c\u7f51\u7ad9\u5373\u8868\u793a\u60a8\u540c\u610f\u53d7\u5f53\u524d\u7248\u672c\u670d\u52a1\u6761\u6b3e\u7684\u7ea6\u675f\u3002.<\/p>\n\n\n\n<h3 class=\"wp-block-heading\">\u9002\u7528\u6cd5\u5f8b<\/h3>\n\n\n\n<p>\u8fd9\u4e9b\u6761\u6b3e\u548c\u6761\u4ef6\u53d7 Ah Jobs \u7684\u6cd5\u5f8b\u7ba1\u8f96\u5e76\u6309\u5176\u89e3\u91ca\uff0c\u60a8\u4e0d\u53ef\u64a4\u9500\u5730\u670d\u4ece\u8be5\u5dde\u6216\u5730\u533a\u6cd5\u9662\u7684\u4e13\u5c5e\u7ba1\u8f96\u6743\u3002.<\/p>","protected":false},"excerpt":{"rendered":"<p>Ao acessar ao site\u00a0Ah Jobs, concorda em cumprir estes termos de servi\u00e7o, todas as leis e regulamentos aplic\u00e1veis \u200b\u200be concorda que \u00e9 respons\u00e1vel pelo cumprimento de todas as leis locais aplic\u00e1veis. Se voc\u00ea n\u00e3o concordar com algum desses termos, est\u00e1 proibido de usar ou acessar este site. Os materiais contidos neste site s\u00e3o protegidos pelas [&hellip;]<\/p>\n","protected":false},"author":1,"featured_media":0,"parent":0,"menu_order":0,"comment_status":"closed","ping_status":"closed","template":"","meta":{"footnotes":""},"class_list":["post-51","page","type-page","status-publish"],"_links":{"self":[{"href":"https:\/\/ahjobs.com.br\/zh\/wp-json\/wp\/v2\/pages\/51","targetHints":{"allow":["GET"]}}],"collection":[{"href":"https:\/\/ahjobs.com.br\/zh\/wp-json\/wp\/v2\/pages"}],"about":[{"href":"https:\/\/ahjobs.com.br\/zh\/wp-json\/wp\/v2\/types\/page"}],"author":[{"embeddable":true,"href":"https:\/\/ahjobs.com.br\/zh\/wp-json\/wp\/v2\/users\/1"}],"replies":[{"embeddable":true,"href":"https:\/\/ahjobs.com.br\/zh\/wp-json\/wp\/v2\/comments?post=51"}],"version-history":[{"count":1,"href":"https:\/\/ahjobs.com.br\/zh\/wp-json\/wp\/v2\/pages\/51\/revisions"}],"predecessor-version":[{"id":52,"href":"https:\/\/ahjobs.com.br\/zh\/wp-json\/wp\/v2\/pages\/51\/revisions\/52"}],"wp:attachment":[{"href":"https:\/\/ahjobs.com.br\/zh\/wp-json\/wp\/v2\/media?parent=51"}],"curies":[{"name":"wp","href":"https:\/\/api.w.org\/{rel}","templated":true}]}}