{"id":53,"date":"2026-02-20T16:42:09","date_gmt":"2026-02-20T16:42:09","guid":{"rendered":"https:\/\/ahjobs.com.br\/?page_id=53"},"modified":"2026-02-20T16:42:10","modified_gmt":"2026-02-20T16:42:10","slug":"politica-de-privacidade","status":"publish","type":"page","link":"https:\/\/ahjobs.com.br\/zh\/\u9690\u79c1\u653f\u7b56\/","title":{"rendered":"\u9690\u79c1\u653f\u7b56"},"content":{"rendered":"<p>\u60a8\u7684\u9690\u79c1\u5bf9\u6211\u4eec\u81f3\u5173\u91cd\u8981\u3002Ah Jobs \u7684\u653f\u7b56\u662f\u5c0a\u91cd\u60a8\u7684\u9690\u79c1\uff0c\u4fdd\u62a4\u6211\u4eec\u53ef\u80fd\u901a\u8fc7\u672c\u7f51\u7ad9\u6536\u96c6\u7684\u4efb\u4f55\u4fe1\u606f\u3002\u00a0<a href=\"https:\/\/ahjobs.com.br\/zh\/\" data-type=\"link\" data-id=\"https:\/\/ahjobs.com.br\/\">\u554a\uff0c\u4e54\u5e03\u65af<\/a>, \u4ee5\u53ca\u6211\u4eec\u62e5\u6709\u548c\u8fd0\u8425\u7684\u5176\u4ed6\u7f51\u7ad9\u3002.<\/p>\n\n\n\n<p>\u6211\u4eec\u4ec5\u5728\u771f\u6b63\u9700\u8981\u65f6\u624d\u4f1a\u5411\u60a8\u7d22\u53d6\u4e2a\u4eba\u4fe1\u606f\uff0c\u4ee5\u4fbf\u4e3a\u60a8\u63d0\u4f9b\u670d\u52a1\u3002\u6211\u4eec\u4f1a\u5728\u5f81\u5f97\u60a8\u7684\u77e5\u60c5\u540c\u610f\u540e\uff0c\u4ee5\u516c\u5e73\u5408\u6cd5\u7684\u65b9\u5f0f\u6536\u96c6\u60a8\u7684\u4e2a\u4eba\u4fe1\u606f\u3002\u6211\u4eec\u8fd8\u4f1a\u544a\u77e5\u60a8\u6536\u96c6\u4fe1\u606f\u7684\u539f\u56e0\u4ee5\u53ca\u4fe1\u606f\u7684\u4f7f\u7528\u65b9\u5f0f\u3002.<\/p>\n\n\n\n<p>\u6211\u4eec\u4ec5\u5728\u63d0\u4f9b\u6240\u8bf7\u6c42\u670d\u52a1\u6240\u9700\u7684\u671f\u9650\u5185\u4fdd\u7559\u6536\u96c6\u5230\u7684\u4fe1\u606f\u3002\u5b58\u50a8\u6570\u636e\u65f6\uff0c\u6211\u4eec\u4f1a\u91c7\u53d6\u5546\u4e1a\u4e0a\u5408\u7406\u7684\u63aa\u65bd\u4fdd\u62a4\u6570\u636e\uff0c\u9632\u6b62\u6570\u636e\u4e22\u5931\u3001\u88ab\u76d7\u4ee5\u53ca\u672a\u7ecf\u6388\u6743\u7684\u8bbf\u95ee\u3001\u62ab\u9732\u3001\u590d\u5236\u3001\u4f7f\u7528\u6216\u4fee\u6539\u3002.<\/p>\n\n\n\n<p>\u9664\u6cd5\u5f8b\u8981\u6c42\u5916\uff0c\u6211\u4eec\u4e0d\u4f1a\u516c\u5f00\u6216\u4e0e\u7b2c\u4e09\u65b9\u5206\u4eab\u4e2a\u4eba\u8eab\u4efd\u4fe1\u606f\u3002.<\/p>\n\n\n\n<p>\u6211\u4eec\u7684\u7f51\u7ad9\u53ef\u80fd\u5305\u542b\u6307\u5411\u975e\u6211\u4eec\u8fd0\u8425\u7684\u5916\u90e8\u7f51\u7ad9\u7684\u94fe\u63a5\u3002\u8bf7\u6ce8\u610f\uff0c\u6211\u4eec\u65e0\u6cd5\u63a7\u5236\u8fd9\u4e9b\u7f51\u7ad9\u7684\u5185\u5bb9\u548c\u505a\u6cd5\uff0c\u4e5f\u4e0d\u5bf9\u5176\u5404\u81ea\u7684\u653f\u7b56\u627f\u62c5\u4efb\u4f55\u8d23\u4efb\u3002\u00a0<a href=\"https:\/\/politicaprivacidade.com\/\">\u9690\u79c1\u653f\u7b56<\/a>.<\/p>\n\n\n\n<p>\u60a8\u53ef\u4ee5\u62d2\u7edd\u6211\u4eec\u7d22\u53d6\u4e2a\u4eba\u4fe1\u606f\u7684\u8981\u6c42\uff0c\u4f46\u8bf7\u7406\u89e3\uff0c\u8fd9\u53ef\u80fd\u4f1a\u5bfc\u81f4\u6211\u4eec\u65e0\u6cd5\u63d0\u4f9b\u60a8\u60f3\u8981\u7684\u4e00\u4e9b\u670d\u52a1\u3002.<\/p>\n\n\n\n<p>\u7ee7\u7eed\u4f7f\u7528\u672c\u7f51\u7ad9\u5373\u8868\u793a\u60a8\u63a5\u53d7\u6211\u4eec\u5173\u4e8e\u9690\u79c1\u548c\u4e2a\u4eba\u4fe1\u606f\u7684\u505a\u6cd5\u3002\u5982\u679c\u60a8\u5bf9\u6211\u4eec\u5982\u4f55\u5904\u7406\u7528\u6237\u6570\u636e\u548c\u4e2a\u4eba\u4fe1\u606f\u6709\u4efb\u4f55\u7591\u95ee\uff0c\u8bf7\u8054\u7cfb\u6211\u4eec\u3002.<\/p>\n\n\n\n<h2 class=\"wp-block-heading\">Ah Jobs Cookie \u653f\u7b56<\/h2>\n\n\n\n<h3 class=\"wp-block-heading\">\u4ec0\u4e48\u662fcookies\uff1f<\/h3>\n\n\n\n<p>\u4e0e\u51e0\u4e4e\u6240\u6709\u4e13\u4e1a\u7f51\u7ad9\u4e00\u6837\uff0c\u672c\u7f51\u7ad9\u4f7f\u7528 Cookie\uff08\u4e0b\u8f7d\u5230\u60a8\u8ba1\u7b97\u673a\u4e0a\u7684\u5c0f\u578b\u6587\u4ef6\uff09\u6765\u6539\u5584\u60a8\u7684\u7528\u6237\u4f53\u9a8c\u3002\u672c\u9875\u9762\u5c06\u4ecb\u7ecd Cookie \u6536\u96c6\u7684\u4fe1\u606f\u3001\u6211\u4eec\u5982\u4f55\u4f7f\u7528\u8fd9\u4e9b\u4fe1\u606f\u4ee5\u53ca\u6211\u4eec\u6709\u65f6\u9700\u8981\u5b58\u50a8\u8fd9\u4e9b Cookie \u7684\u539f\u56e0\u3002\u6211\u4eec\u8fd8\u5c06\u8bf4\u660e\u5982\u4f55\u963b\u6b62\u5b58\u50a8\u8fd9\u4e9b Cookie\uff0c\u4f46\u8bf7\u6ce8\u610f\uff0c\u8fd9\u6837\u505a\u53ef\u80fd\u4f1a\u964d\u4f4e\u6216\u2018\u7834\u574f\u2019\u7f51\u7ad9\u7684\u67d0\u4e9b\u529f\u80fd\u3002.<\/p>\n\n\n\n<h3 class=\"wp-block-heading\">\u6211\u4eec\u5982\u4f55\u4f7f\u7528 Cookie\uff1f<\/h3>\n\n\n\n<p>\u6211\u4eec\u51fa\u4e8e\u591a\u79cd\u539f\u56e0\u4f7f\u7528 Cookie\uff0c\u8be6\u60c5\u5982\u4e0b\u3002\u9057\u61be\u7684\u662f\uff0c\u5728\u5927\u591a\u6570\u60c5\u51b5\u4e0b\uff0c\u5982\u679c\u6ca1\u6709\u5b8c\u5168\u7981\u7528 Cookie\uff0c\u5c31\u65e0\u6cd5\u7981\u7528\u5b83\u4eec\u4e3a\u672c\u7f51\u7ad9\u63d0\u4f9b\u7684\u529f\u80fd\u3002\u5982\u679c\u60a8\u4e0d\u786e\u5b9a\u662f\u5426\u9700\u8981 Cookie\uff0c\u5efa\u8bae\u60a8\u4fdd\u6301\u6240\u6709 Cookie \u542f\u7528\u72b6\u6001\uff0c\u4ee5\u9632\u5b83\u4eec\u7528\u4e8e\u63d0\u4f9b\u60a8\u6b63\u5728\u4f7f\u7528\u7684\u670d\u52a1\u3002.<\/p>\n\n\n\n<h3 class=\"wp-block-heading\">\u7981\u7528 Cookie<\/h3>\n\n\n\n<p>\u60a8\u53ef\u4ee5\u901a\u8fc7\u8c03\u6574\u6d4f\u89c8\u5668\u8bbe\u7f6e\u6765\u963b\u6b62\u8bbe\u7f6e Cookie\uff08\u8bf7\u53c2\u9605\u6d4f\u89c8\u5668\u7684\u5e2e\u52a9\u6587\u6863\u4e86\u89e3\u5177\u4f53\u64cd\u4f5c\u65b9\u6cd5\uff09\u3002\u8bf7\u6ce8\u610f\uff0c\u7981\u7528 Cookie \u4f1a\u5f71\u54cd\u672c\u7f51\u7ad9\u4ee5\u53ca\u60a8\u8bbf\u95ee\u7684\u8bb8\u591a\u5176\u4ed6\u7f51\u7ad9\u7684\u529f\u80fd\u3002\u7981\u7528 Cookie \u901a\u5e38\u4e5f\u4f1a\u5bfc\u81f4\u672c\u7f51\u7ad9\u7684\u67d0\u4e9b\u529f\u80fd\u548c\u7279\u6027\u65e0\u6cd5\u4f7f\u7528\u3002\u56e0\u6b64\uff0c\u6211\u4eec\u5efa\u8bae\u60a8\u4e0d\u8981\u7981\u7528 Cookie\u3002.<\/p>\n\n\n\n<h3 class=\"wp-block-heading\">\u6211\u4eec\u8bbe\u7f6e\u7684 Cookie<\/h3>\n\n\n\n<ul class=\"wp-block-list\">\n<li>\u8d26\u6237\u76f8\u5173 Cookie\uff1a\u5982\u679c\u60a8\u5728\u6211\u4eec\u8fd9\u91cc\u521b\u5efa\u8d26\u6237\uff0c\u6211\u4eec\u5c06\u4f7f\u7528 Cookie \u6765\u7ba1\u7406\u6ce8\u518c\u6d41\u7a0b\u548c\u8fdb\u884c\u5e38\u89c4\u7ba1\u7406\u3002\u8fd9\u4e9b Cookie \u901a\u5e38\u4f1a\u5728\u60a8\u9000\u51fa\u7cfb\u7edf\u65f6\u88ab\u5220\u9664\uff0c\u4f46\u5728\u67d0\u4e9b\u60c5\u51b5\u4e0b\uff0c\u5b83\u4eec\u53ef\u80fd\u4f1a\u4fdd\u7559\u4e0b\u6765\uff0c\u4ee5\u4fbf\u8bb0\u4f4f\u60a8\u79bb\u5f00\u7f51\u7ad9\u65f6\u7684\u504f\u597d\u8bbe\u7f6e\u3002.<\/li>\n\n\n\n<li>\u767b\u5f55\u76f8\u5173 Cookie\uff1a\u5f53\u60a8\u767b\u5f55\u65f6\uff0c\u6211\u4eec\u4f1a\u4f7f\u7528 Cookie \u6765\u8bb0\u4f4f\u60a8\u7684\u767b\u5f55\u72b6\u6001\u3002\u8fd9\u6837\u53ef\u4ee5\u907f\u514d\u60a8\u6bcf\u6b21\u8bbf\u95ee\u65b0\u9875\u9762\u65f6\u90fd\u9700\u8981\u91cd\u65b0\u767b\u5f55\u3002\u8fd9\u4e9b Cookie \u901a\u5e38\u4f1a\u5728\u60a8\u6ce8\u9500\u65f6\u88ab\u79fb\u9664\u6216\u6e05\u9664\uff0c\u4ee5\u786e\u4fdd\u60a8\u53ea\u80fd\u5728\u767b\u5f55\u540e\u8bbf\u95ee\u53d7\u9650\u8d44\u6e90\u548c\u533a\u57df\u3002.<\/li>\n\n\n\n<li>\u4e0e\u7535\u5b50\u90ae\u4ef6\u65b0\u95fb\u901a\u8baf\u76f8\u5173\u7684 Cookie\uff1a\u672c\u7f51\u7ad9\u63d0\u4f9b\u65b0\u95fb\u901a\u8baf\u6216\u7535\u5b50\u90ae\u4ef6\u8ba2\u9605\u670d\u52a1\uff0c\u53ef\u80fd\u4f1a\u4f7f\u7528 Cookie \u6765\u8bb0\u4f4f\u60a8\u662f\u5426\u5df2\u6ce8\u518c\uff0c\u4ee5\u53ca\u662f\u5426\u663e\u793a\u4ec5\u5bf9\u5df2\u8ba2\u9605\/\u672a\u8ba2\u9605\u7528\u6237\u6709\u6548\u7684\u67d0\u4e9b\u901a\u77e5\u3002.<\/li>\n\n\n\n<li>\u8ba2\u5355\u5904\u7406\u76f8\u5173\u7684 Cookie\uff1a\u672c\u7f51\u7ad9\u63d0\u4f9b\u7535\u5b50\u5546\u52a1\u6216\u652f\u4ed8\u529f\u80fd\uff0c\u6709\u4e9b Cookie \u5bf9\u4e8e\u786e\u4fdd\u60a8\u7684\u8ba2\u5355\u4fe1\u606f\u5728\u9875\u9762\u4e4b\u95f4\u5f97\u4ee5\u4fdd\u7559\u81f3\u5173\u91cd\u8981\uff0c\u4ee5\u4fbf\u6211\u4eec\u80fd\u591f\u6b63\u786e\u5904\u7406\u60a8\u7684\u8ba2\u5355\u3002.<\/li>\n\n\n\n<li>\u4e0e\u8c03\u67e5\u76f8\u5173\u7684 Cookie\uff1a\u6211\u4eec\u4f1a\u5b9a\u671f\u63d0\u4f9b\u8c03\u67e5\u95ee\u5377\uff0c\u65e8\u5728\u63d0\u4f9b\u6709\u8da3\u7684\u4fe1\u606f\u3001\u5b9e\u7528\u7684\u5de5\u5177\uff0c\u6216\u66f4\u51c6\u786e\u5730\u4e86\u89e3\u6211\u4eec\u7684\u7528\u6237\u7fa4\u4f53\u3002\u8fd9\u4e9b\u8c03\u67e5\u53ef\u80fd\u4f1a\u4f7f\u7528 Cookie \u6765\u8bb0\u4f4f\u54ea\u4e9b\u7528\u6237\u5df2\u53c2\u4e0e\u8fc7\u8c03\u67e5\uff0c\u6216\u5728\u9875\u9762\u66f4\u6539\u540e\u63d0\u4f9b\u51c6\u786e\u7684\u7ed3\u679c\u3002.<\/li>\n\n\n\n<li>\u8868\u5355\u76f8\u5173 cookie\uff1a\u5f53\u60a8\u901a\u8fc7\u8868\u5355\uff08\u4f8b\u5982\u8054\u7cfb\u9875\u9762\u6216\u8bc4\u8bba\u8868\u5355\uff09\u63d0\u4ea4\u6570\u636e\u65f6\uff0c\u53ef\u80fd\u4f1a\u8bbe\u7f6e cookie \u6765\u8bb0\u4f4f\u60a8\u7684\u7528\u6237\u8be6\u7ec6\u4fe1\u606f\uff0c\u4ee5\u4fbf\u5c06\u6765\u4e0e\u60a8\u8054\u7cfb\u3002.<\/li>\n\n\n\n<li>\u7f51\u7ad9\u504f\u597d\u8bbe\u7f6e Cookie\uff1a\u4e3a\u4e86\u8ba9\u60a8\u5728\u672c\u7f51\u7ad9\u83b7\u5f97\u66f4\u4f73\u4f53\u9a8c\uff0c\u6211\u4eec\u63d0\u4f9b\u76f8\u5173\u529f\u80fd\uff0c\u8ba9\u60a8\u53ef\u4ee5\u8bbe\u7f6e\u7f51\u7ad9\u4f7f\u7528\u65f6\u7684\u504f\u597d\u8bbe\u7f6e\u3002\u4e3a\u4e86\u8bb0\u4f4f\u60a8\u7684\u504f\u597d\u8bbe\u7f6e\uff0c\u6211\u4eec\u9700\u8981\u8bbe\u7f6e Cookie\uff0c\u4ee5\u4fbf\u5728\u60a8\u8bbf\u95ee\u53d7\u504f\u597d\u8bbe\u7f6e\u5f71\u54cd\u7684\u9875\u9762\u65f6\u80fd\u591f\u8c03\u7528\u8fd9\u4e9b\u4fe1\u606f\u3002.<\/li>\n<\/ul>\n\n\n\n<h3 class=\"wp-block-heading\">\u7b2c\u4e09\u65b9 Cookie<\/h3>\n\n\n\n<p>\u5728\u67d0\u4e9b\u7279\u6b8a\u60c5\u51b5\u4e0b\uff0c\u6211\u4eec\u8fd8\u4f1a\u4f7f\u7528\u53d7\u4fe1\u4efb\u7684\u7b2c\u4e09\u65b9\u63d0\u4f9b\u7684 Cookie\u3002\u4ee5\u4e0b\u90e8\u5206\u8be6\u7ec6\u8bf4\u660e\u4e86\u60a8\u53ef\u80fd\u901a\u8fc7\u672c\u7f51\u7ad9\u9047\u5230\u7684\u7b2c\u4e09\u65b9 Cookie\u3002.<\/p>\n\n\n\n<ul class=\"wp-block-list\">\n<li>\u672c\u7f51\u7ad9\u4f7f\u7528 Google Analytics\uff08\u8c37\u6b4c\u5206\u6790\uff09\uff0c\u5b83\u662f\u7f51\u7edc\u4e0a\u6700\u5e7f\u6cdb\u4f7f\u7528\u4e14\u6700\u503c\u5f97\u4fe1\u8d56\u7684\u5206\u6790\u89e3\u51b3\u65b9\u6848\u4e4b\u4e00\uff0c\u65e8\u5728\u5e2e\u52a9\u6211\u4eec\u4e86\u89e3\u60a8\u5982\u4f55\u4f7f\u7528\u672c\u7f51\u7ad9\u4ee5\u53ca\u5982\u4f55\u6539\u8fdb\u60a8\u7684\u7528\u6237\u4f53\u9a8c\u3002\u8fd9\u4e9b Cookie \u53ef\u80fd\u4f1a\u8ddf\u8e2a\u60a8\u5728\u7f51\u7ad9\u4e0a\u505c\u7559\u7684\u65f6\u95f4\u4ee5\u53ca\u60a8\u8bbf\u95ee\u7684\u9875\u9762\u7b49\u4fe1\u606f\uff0c\u4ee5\u4fbf\u6211\u4eec\u80fd\u591f\u6301\u7eed\u521b\u4f5c\u5f15\u4eba\u5165\u80dc\u7684\u5185\u5bb9\u3002.<\/li>\n<\/ul>\n\n\n\n<p>\u6709\u5173 Google Analytics Cookie \u7684\u66f4\u591a\u4fe1\u606f\uff0c\u8bf7\u8bbf\u95ee Google Analytics \u5b98\u65b9\u9875\u9762\u3002.<\/p>\n\n\n\n<ul class=\"wp-block-list\">\n<li>\u6211\u4eec\u4f7f\u7528\u7b2c\u4e09\u65b9\u5206\u6790\u5de5\u5177\u6765\u8ffd\u8e2a\u548c\u8861\u91cf\u60a8\u5bf9\u672c\u7f51\u7ad9\u7684\u4f7f\u7528\u60c5\u51b5\uff0c\u4ee5\u4fbf\u6211\u4eec\u80fd\u591f\u6301\u7eed\u521b\u4f5c\u5f15\u4eba\u5165\u80dc\u7684\u5185\u5bb9\u3002\u8fd9\u4e9b Cookie \u53ef\u80fd\u4f1a\u8ffd\u8e2a\u60a8\u5728\u7f51\u7ad9\u4e0a\u505c\u7559\u7684\u65f6\u95f4\u6216\u60a8\u8bbf\u95ee\u7684\u9875\u9762\u7b49\u4fe1\u606f\uff0c\u8fd9\u6709\u52a9\u4e8e\u6211\u4eec\u4e86\u89e3\u5982\u4f55\u6539\u8fdb\u7f51\u7ad9\uff0c\u4ece\u800c\u4e3a\u60a8\u63d0\u4f9b\u66f4\u597d\u7684\u4f53\u9a8c\u3002.<\/li>\n\n\n\n<li>\u6211\u4eec\u4f1a\u5b9a\u671f\u6d4b\u8bd5\u65b0\u529f\u80fd\uff0c\u5e76\u5bf9\u7f51\u7ad9\u7684\u5448\u73b0\u65b9\u5f0f\u8fdb\u884c\u7ec6\u5fae\u8c03\u6574\u3002\u5728\u6d4b\u8bd5\u65b0\u529f\u80fd\u671f\u95f4\uff0c\u6211\u4eec\u53ef\u80fd\u4f1a\u4f7f\u7528\u8fd9\u4e9b Cookie \u6765\u786e\u4fdd\u60a8\u5728\u8bbf\u95ee\u7f51\u7ad9\u65f6\u83b7\u5f97\u4e00\u81f4\u7684\u4f53\u9a8c\uff0c\u540c\u65f6\u5e2e\u52a9\u6211\u4eec\u4e86\u89e3\u7528\u6237\u6700\u559c\u6b22\u54ea\u4e9b\u4f18\u5316\u3002.<\/li>\n\n\n\n<li>\u7531\u4e8e\u6211\u4eec\u9500\u552e\u4ea7\u54c1\uff0c\u56e0\u6b64\u4e86\u89e3\u7f51\u7ad9\u8bbf\u5ba2\u7684\u8d2d\u4e70\u8f6c\u5316\u7387\u81f3\u5173\u91cd\u8981\uff0c\u800c\u8fd9\u4e9b Cookie \u6b63\u662f\u7528\u4e8e\u8ffd\u8e2a\u6b64\u7c7b\u6570\u636e\u3002\u8fd9\u5bf9\u60a8\u6765\u8bf4\u4e5f\u5f88\u91cd\u8981\uff0c\u56e0\u4e3a\u8fd9\u610f\u5473\u7740\u6211\u4eec\u53ef\u4ee5\u505a\u51fa\u51c6\u786e\u7684\u4e1a\u52a1\u9884\u6d4b\uff0c\u4ece\u800c\u5206\u6790\u5e7f\u544a\u548c\u4ea7\u54c1\u6210\u672c\uff0c\u786e\u4fdd\u63d0\u4f9b\u6700\u4f18\u4ef7\u683c\u3002.<\/li>\n\n\n\n<li>\u6211\u4eec\u7528\u4e8e\u6295\u653e\u5e7f\u544a\u7684 Google AdSense \u670d\u52a1\u4f7f\u7528 DoubleClick cookie \u5728\u7f51\u7edc\u4e0a\u6295\u653e\u66f4\u76f8\u5173\u7684\u5e7f\u544a\uff0c\u5e76\u9650\u5236\u7279\u5b9a\u5e7f\u544a\u5411\u60a8\u5c55\u793a\u7684\u6b21\u6570\u3002.<br>\u6709\u5173 Google AdSense \u7684\u66f4\u591a\u4fe1\u606f\uff0c\u8bf7\u53c2\u9605 Google AdSense \u5b98\u65b9\u9690\u79c1\u6743\u5e38\u89c1\u95ee\u9898\u89e3\u7b54\u3002.<\/li>\n\n\n\n<li>\u6211\u4eec\u4f7f\u7528\u5e7f\u544a\u6765\u62b5\u6d88\u7f51\u7ad9\u8fd0\u8425\u6210\u672c\uff0c\u5e76\u4e3a\u672a\u6765\u7684\u53d1\u5c55\u63d0\u4f9b\u8d44\u91d1\u3002\u672c\u7f51\u7ad9\u4f7f\u7528\u7684\u884c\u4e3a\u5e7f\u544a Cookie \u65e8\u5728\u901a\u8fc7\u533f\u540d\u8ffd\u8e2a\u60a8\u7684\u5174\u8da3\u5e76\u5411\u60a8\u5c55\u793a\u60a8\u53ef\u80fd\u611f\u5174\u8da3\u7684\u7c7b\u4f3c\u5185\u5bb9\uff0c\u4ece\u800c\u5c3d\u53ef\u80fd\u4e3a\u60a8\u63d0\u4f9b\u6700\u76f8\u5173\u7684\u5e7f\u544a\u3002.<\/li>\n\n\n\n<li>\u4e00\u4e9b\u5408\u4f5c\u4f19\u4f34\u4f1a\u4ee3\u8868\u6211\u4eec\u6295\u653e\u5e7f\u544a\uff0c\u8054\u76df\u8ddf\u8e2a cookie \u53ef\u4ee5\u8ba9\u6211\u4eec\u770b\u5230\u6211\u4eec\u7684\u5ba2\u6237\u662f\u5426\u901a\u8fc7\u6211\u4eec\u7684\u5408\u4f5c\u4f19\u4f34\u7f51\u7ad9\u8bbf\u95ee\u4e86\u672c\u7f51\u7ad9\uff0c\u4ee5\u4fbf\u6211\u4eec\u80fd\u591f\u7ed9\u4e88\u5408\u4f5c\u4f19\u4f34\u9002\u5f53\u7684\u4f63\u91d1\uff0c\u5e76\u5728\u9002\u7528\u7684\u60c5\u51b5\u4e0b\uff0c\u5141\u8bb8\u6211\u4eec\u7684\u8054\u76df\u5408\u4f5c\u4f19\u4f34\u63d0\u4f9b\u4ed6\u4eec\u53ef\u80fd\u63d0\u4f9b\u7684\u4efb\u4f55\u4fc3\u9500\u6d3b\u52a8\uff0c\u4ee5\u9f13\u52b1\u60a8\u8fdb\u884c\u8d2d\u4e70\u3002.<\/li>\n<\/ul>\n\n\n\n<h3 class=\"wp-block-heading\">\u7528\u6237\u627f\u8bfa<\/h3>\n\n\n\n<p>\u7528\u6237\u540c\u610f\u5408\u7406\u4f7f\u7528 Ah Jobs \u5728\u7f51\u7ad9\u4e0a\u63d0\u4f9b\u7684\u5185\u5bb9\u548c\u4fe1\u606f\uff0c\u5305\u62ec\u4f46\u4e0d\u9650\u4e8e\uff1a<\/p>\n\n\n\n<ul class=\"wp-block-list\">\n<li>A) \u4e0d\u5f97\u4ece\u4e8b\u975e\u6cd5\u6d3b\u52a8\u6216\u8fdd\u53cd\u8bda\u4fe1\u548c\u516c\u5171\u79e9\u5e8f\u7684\u6d3b\u52a8\uff1b;<\/li>\n\n\n\n<li>B\uff09\u4e0d\u5f97\u4f20\u64ad\u79cd\u65cf\u4e3b\u4e49\u3001\u4ec7\u5916\u6027\u8d28\u7684\u5ba3\u4f20\u6216\u5185\u5bb9\uff0c,\u00a0<a href=\"https:\/\/web.archive.org\/web\/20251207014554\/https:\/\/ondeapostar.pt\/onde-da-a-bola\/\">\u7403\u4f1a\u98de\u5230\u54ea\u91cc\uff1f<\/a>\u00a0\u6216\u8005\uff0c\u5305\u62ec\u5384\u8fd0\u3001\u4efb\u4f55\u7c7b\u578b\u7684\u975e\u6cd5\u8272\u60c5\u5185\u5bb9\u3001\u717d\u52a8\u6050\u6016\u4e3b\u4e49\u7684\u5185\u5bb9\uff0c\u6216\u4fb5\u72af\u4eba\u6743\u7684\u5185\u5bb9\uff1b;<\/li>\n\n\n\n<li>C) \u4e0d\u5f97\u901a\u8fc7\u5f15\u5165\u6216\u4f20\u64ad\u8ba1\u7b97\u673a\u75c5\u6bd2\u6216\u4efb\u4f55\u5176\u4ed6\u53ef\u80fd\u9020\u6210\u4e0a\u8ff0\u635f\u5bb3\u7684\u786c\u4ef6\u6216\u8f6f\u4ef6\u7cfb\u7edf\uff0c\u5bf9 Ah Jobs\u3001\u5176\u4f9b\u5e94\u5546\u6216\u7b2c\u4e09\u65b9\u7684\u7269\u7406\uff08\u786c\u4ef6\uff09\u548c\u903b\u8f91\uff08\u8f6f\u4ef6\uff09\u7cfb\u7edf\u9020\u6210\u635f\u5bb3\u3002.<\/li>\n<\/ul>\n\n\n\n<h3 class=\"wp-block-heading\">\u66f4\u591a\u4fe1\u606f<\/h3>\n\n\n\n<p>\u6211\u4eec\u5e0c\u671b\u8fd9\u4e00\u70b9\u5f88\u6e05\u695a\uff0c\u800c\u4e14\u5982\u524d\u6240\u8ff0\uff0c\u5982\u679c\u60a8\u4e0d\u786e\u5b9a\u662f\u5426\u9700\u8981\u542f\u7528 cookie\uff0c\u4e3a\u4e86\u5b89\u5168\u8d77\u89c1\uff0c\u4e3a\u4e86\u65b9\u4fbf\u60a8\u4e0e\u6211\u4eec\u7f51\u7ad9\u4e0a\u4f7f\u7528\u7684\u529f\u80fd\u8fdb\u884c\u4e92\u52a8\uff0c\u901a\u5e38\u6700\u597d\u4fdd\u6301 cookie \u542f\u7528\u72b6\u6001\u3002.<\/p>\n\n\n\n<p>\u8be5\u653f\u7b56\u81ea[\u65e5\u671f]\u8d77\u751f\u6548&nbsp;<strong>\u884c\u8fdb<\/strong>\/<strong>2021<\/strong>.<\/p>","protected":false},"excerpt":{"rendered":"<p>A sua privacidade \u00e9 importante para n\u00f3s. \u00c9 pol\u00edtica do Ah Jobs respeitar a sua privacidade em rela\u00e7\u00e3o a qualquer informa\u00e7\u00e3o sua que possamos coletar no site\u00a0Ah Jobs, e outros sites que possu\u00edmos e operamos. Solicitamos informa\u00e7\u00f5es pessoais apenas quando realmente precisamos delas para lhe fornecer um servi\u00e7o. Fazemo-lo por meios justos e legais, com [&hellip;]<\/p>\n","protected":false},"author":1,"featured_media":0,"parent":0,"menu_order":0,"comment_status":"closed","ping_status":"closed","template":"","meta":{"footnotes":""},"class_list":["post-53","page","type-page","status-publish"],"_links":{"self":[{"href":"https:\/\/ahjobs.com.br\/zh\/wp-json\/wp\/v2\/pages\/53","targetHints":{"allow":["GET"]}}],"collection":[{"href":"https:\/\/ahjobs.com.br\/zh\/wp-json\/wp\/v2\/pages"}],"about":[{"href":"https:\/\/ahjobs.com.br\/zh\/wp-json\/wp\/v2\/types\/page"}],"author":[{"embeddable":true,"href":"https:\/\/ahjobs.com.br\/zh\/wp-json\/wp\/v2\/users\/1"}],"replies":[{"embeddable":true,"href":"https:\/\/ahjobs.com.br\/zh\/wp-json\/wp\/v2\/comments?post=53"}],"version-history":[{"count":1,"href":"https:\/\/ahjobs.com.br\/zh\/wp-json\/wp\/v2\/pages\/53\/revisions"}],"predecessor-version":[{"id":54,"href":"https:\/\/ahjobs.com.br\/zh\/wp-json\/wp\/v2\/pages\/53\/revisions\/54"}],"wp:attachment":[{"href":"https:\/\/ahjobs.com.br\/zh\/wp-json\/wp\/v2\/media?parent=53"}],"curies":[{"name":"wp","href":"https:\/\/api.w.org\/{rel}","templated":true}]}}