{"id":55,"date":"2026-02-20T16:42:28","date_gmt":"2026-02-20T16:42:28","guid":{"rendered":"https:\/\/ahjobs.com.br\/?page_id=55"},"modified":"2026-02-20T16:42:29","modified_gmt":"2026-02-20T16:42:29","slug":"quem-somos","status":"publish","type":"page","link":"https:\/\/ahjobs.com.br\/zh\/\u6211\u4eec\u662f\u8c01\/","title":{"rendered":"\u6211\u4eec\u662f\u8c01"},"content":{"rendered":"<p>Ahjobs\u662f\u4e00\u4e2a\u4e13\u6ce8\u4e8e\u804c\u4e1a\u9886\u57df\u7684\u5e73\u53f0\uff0c\u65e8\u5728\u4e3a\u60a8\u63d0\u4f9b\u6700\u4f73\u7684\u5de5\u4f5c\u673a\u4f1a\u548c\u804c\u4e1a\u53d1\u5c55\u9014\u5f84\u3002Ahjobs\u79c9\u627f\u5e2e\u52a9\u804c\u573a\u4eba\u58eb\u5b9e\u73b0\u76ee\u6807\u7684\u4f7f\u547d\uff0c\u63d0\u4f9b\u4fe1\u606f\u4e30\u5bcc\u4e14\u4e0e\u65f6\u4ff1\u8fdb\u7684\u804c\u4f4d\u7a7a\u7f3a\u3001\u5e02\u573a\u8d8b\u52bf\u3001\u804c\u4e1a\u5efa\u8bae\u548c\u4e2a\u4eba\u53d1\u5c55\u7b49\u5185\u5bb9\u3002.<\/p>\n\n\n\n<p>\u5728 Ahjobs\uff0c\u6211\u4eec\u6bcf\u5929\u90fd\u4f1a\u53d1\u5e03\u7531\u884c\u4e1a\u4e13\u5bb6\u64b0\u5199\u7684\u6587\u7ae0\u3001\u6307\u5357\u548c\u6559\u7a0b\uff0c\u5185\u5bb9\u6db5\u76d6\u4ece\u5982\u4f55\u6253\u9020\u4e00\u4efd\u5438\u5f15\u4eba\u7684\u7b80\u5386\u5230\u6c42\u804c\u9762\u8bd5\u7684\u6700\u4f73\u5b9e\u8df5\u7b49\u5404\u79cd\u4e3b\u9898\u3002\u6211\u4eec\u7684\u76ee\u6807\u662f\u4e3a\u60a8\u63d0\u4f9b\u6240\u9700\u7684\u5de5\u5177\u548c\u77e5\u8bc6\uff0c\u52a9\u60a8\u81ea\u4fe1\u4e14\u6709\u7b56\u7565\u5730\u9a7e\u9a6d\u6c42\u804c\u5e02\u573a\u3002.<\/p>\n\n\n\n<p>Ahjobs.com.br \u662f SpotAds.me \u7684\u6ce8\u518c\u5546\u6807\uff0c\u7531\u4e00\u7fa4\u5bf9\u4eba\u529b\u8d44\u6e90\u3001\u804c\u4e1a\u53d1\u5c55\u548c\u804c\u4e1a\u6210\u529f\u5145\u6ee1\u70ed\u60c5\u7684\u4e13\u4e1a\u4eba\u58eb\u7ef4\u62a4\u3002\u6211\u4eec\u7684\u64b0\u7a3f\u4eba\u548c\u4e13\u5bb6\u81f4\u529b\u4e8e\u4e3a\u8bfb\u8005\u63d0\u4f9b\u9ad8\u8d28\u91cf\u3001\u51c6\u786e\u4e14\u76f8\u5173\u7684\u5185\u5bb9\uff0c\u56e0\u4e3a\u6211\u4eec\u76f8\u4fe1\uff0c\u83b7\u53d6\u5145\u8db3\u7684\u4fe1\u606f\u548c\u6307\u5bfc\u662f\u8fc8\u5411\u804c\u4e1a\u6210\u529f\u7684\u7b2c\u4e00\u6b65\u3002.<\/p>\n\n\n\n<p>\u6211\u4eec\u4e5f\u9f13\u52b1\u5927\u5bb6\u901a\u8fc7\u6211\u4eec\u7684\u793e\u4ea4\u7f51\u7edc\u548c\u8bba\u575b\u8fdb\u884c\u4e92\u52a8\u548c\u7ecf\u9a8c\u4ea4\u6d41\uff0c\u60a8\u53ef\u4ee5\u5728\u8fd9\u91cc\u4e0e\u5176\u4ed6\u4e13\u4e1a\u4eba\u58eb\u5efa\u7acb\u8054\u7cfb\u3001\u63d0\u51fa\u95ee\u9898\u5e76\u5206\u4eab\u81ea\u5df1\u7684\u6545\u4e8b\u3002\u6211\u4eec\u91cd\u89c6\u8bfb\u8005\u7684\u53cd\u9988\uff0c\u5e76\u59cb\u7ec8\u4e50\u4e8e\u63a5\u53d7\u5404\u79cd\u5efa\u8bae\uff0c\u4ee5\u4f7f\u6211\u4eec\u7684\u5e73\u53f0\u66f4\u52a0\u5b9e\u7528\u548c\u5168\u9762\u3002.<\/p>\n\n\n\n<p>\u5173\u6ce8\u6211\u4eec\uff0c\u5373\u53ef\u968f\u65f6\u4e86\u89e3\u804c\u573a\u6700\u65b0\u8d44\u8baf\uff0c\u5e76\u83b7\u53d6\u6709\u5173\u5c31\u4e1a\u80fd\u529b\u548c\u804c\u4e1a\u53d1\u5c55\u7684\u4f18\u8d28\u5185\u5bb9\u3002\u611f\u8c22\u60a8\u4fe1\u4efb Ahjobs.com.br\uff01<\/p>","protected":false},"excerpt":{"rendered":"<p>O Ahjobs \u00e9 uma plataforma dedicada ao universo profissional, criada com o objetivo de conectar voc\u00ea \u00e0s melhores oportunidades de emprego e desenvolvimento de carreira. Fundado com a miss\u00e3o de ajudar profissionais a alcan\u00e7ar seus objetivos, o Ahjobs oferece conte\u00fado informativo e atualizado sobre vagas de emprego, tend\u00eancias de mercado, dicas de carreira e desenvolvimento [&hellip;]<\/p>\n","protected":false},"author":1,"featured_media":0,"parent":0,"menu_order":0,"comment_status":"closed","ping_status":"closed","template":"","meta":{"footnotes":""},"class_list":["post-55","page","type-page","status-publish"],"_links":{"self":[{"href":"https:\/\/ahjobs.com.br\/zh\/wp-json\/wp\/v2\/pages\/55","targetHints":{"allow":["GET"]}}],"collection":[{"href":"https:\/\/ahjobs.com.br\/zh\/wp-json\/wp\/v2\/pages"}],"about":[{"href":"https:\/\/ahjobs.com.br\/zh\/wp-json\/wp\/v2\/types\/page"}],"author":[{"embeddable":true,"href":"https:\/\/ahjobs.com.br\/zh\/wp-json\/wp\/v2\/users\/1"}],"replies":[{"embeddable":true,"href":"https:\/\/ahjobs.com.br\/zh\/wp-json\/wp\/v2\/comments?post=55"}],"version-history":[{"count":1,"href":"https:\/\/ahjobs.com.br\/zh\/wp-json\/wp\/v2\/pages\/55\/revisions"}],"predecessor-version":[{"id":56,"href":"https:\/\/ahjobs.com.br\/zh\/wp-json\/wp\/v2\/pages\/55\/revisions\/56"}],"wp:attachment":[{"href":"https:\/\/ahjobs.com.br\/zh\/wp-json\/wp\/v2\/media?parent=55"}],"curies":[{"name":"wp","href":"https:\/\/api.w.org\/{rel}","templated":true}]}}